{"id":128848,"date":"2023-12-11T16:43:25","date_gmt":"2023-12-11T19:43:25","guid":{"rendered":"https:\/\/wbproducoes.com\/?page_id=128848"},"modified":"2026-01-15T12:16:57","modified_gmt":"2026-01-15T15:16:57","slug":"chanel","status":"publish","type":"page","link":"https:\/\/wbproducoes.com\/en\/chanel\/","title":{"rendered":"PROJETO &#8211; Chanel"},"content":{"rendered":"\t\t<div data-elementor-type=\"wp-post\" data-elementor-id=\"128848\" data-post-id=\"128848\" data-obj-id=\"128848\" class=\"elementor elementor-128848 dce-elementor-post-128848\" data-elementor-settings=\"[]\">\n\t\t\t\t\t\t<div class=\"elementor-inner\">\n\t\t\t\t\t\t\t<div class=\"elementor-section-wrap\">\n\t\t\t\t\t\t\t<section class=\"elementor-section elementor-top-section elementor-element elementor-element-36318bfb elementor-section-stretched elementor-section-full_width elementor-section-height-default elementor-section-height-default\" data-id=\"36318bfb\" data-element_type=\"section\" data-settings=\"{&quot;jet_parallax_layout_list&quot;:[{&quot;jet_parallax_layout_image&quot;:{&quot;url&quot;:&quot;&quot;,&quot;id&quot;:&quot;&quot;},&quot;_id&quot;:&quot;1501345&quot;,&quot;jet_parallax_layout_image_tablet&quot;:{&quot;url&quot;:&quot;&quot;,&quot;id&quot;:&quot;&quot;},&quot;jet_parallax_layout_image_mobile&quot;:{&quot;url&quot;:&quot;&quot;,&quot;id&quot;:&quot;&quot;},&quot;jet_parallax_layout_speed&quot;:{&quot;unit&quot;:&quot;%&quot;,&quot;size&quot;:50,&quot;sizes&quot;:[]},&quot;jet_parallax_layout_type&quot;:&quot;scroll&quot;,&quot;jet_parallax_layout_direction&quot;:null,&quot;jet_parallax_layout_fx_direction&quot;:null,&quot;jet_parallax_layout_z_index&quot;:&quot;&quot;,&quot;jet_parallax_layout_bg_x&quot;:50,&quot;jet_parallax_layout_bg_x_tablet&quot;:&quot;&quot;,&quot;jet_parallax_layout_bg_x_mobile&quot;:&quot;&quot;,&quot;jet_parallax_layout_bg_y&quot;:50,&quot;jet_parallax_layout_bg_y_tablet&quot;:&quot;&quot;,&quot;jet_parallax_layout_bg_y_mobile&quot;:&quot;&quot;,&quot;jet_parallax_layout_bg_size&quot;:&quot;auto&quot;,&quot;jet_parallax_layout_bg_size_tablet&quot;:&quot;&quot;,&quot;jet_parallax_layout_bg_size_mobile&quot;:&quot;&quot;,&quot;jet_parallax_layout_animation_prop&quot;:&quot;transform&quot;,&quot;jet_parallax_layout_on&quot;:[&quot;desktop&quot;,&quot;tablet&quot;]}],&quot;stretch_section&quot;:&quot;section-stretched&quot;,&quot;background_background&quot;:&quot;classic&quot;}\">\n\t\t\t\t\t\t<div class=\"elementor-container elementor-column-gap-no\">\n\t\t\t\t\t\t\t<div class=\"elementor-row\">\n\t\t\t\t\t<div class=\"elementor-column elementor-col-100 elementor-top-column elementor-element elementor-element-d9d26ae\" data-id=\"d9d26ae\" data-element_type=\"column\">\n\t\t\t<div class=\"elementor-column-wrap elementor-element-populated\">\n\t\t\t\t\t\t\t<div class=\"elementor-widget-wrap\">\n\t\t\t\t\t\t<div class=\"elementor-element elementor-element-467cd848 dce_masking-none elementor-widget elementor-widget-image\" data-id=\"467cd848\" data-element_type=\"widget\" data-widget_type=\"image.default\">\n\t\t\t\t<div class=\"elementor-widget-container\">\n\t\t\t\t\t\t\t\t<div class=\"elementor-image\">\n\t\t\t\t\t\t\t\t\t\t\t\t<img decoding=\"async\" width=\"1920\" height=\"730\" src=\"https:\/\/wbproducoes.com\/wp-content\/uploads\/2023\/12\/banner-chanel.png\" class=\"attachment-full size-full\" alt=\"\" loading=\"lazy\" srcset=\"https:\/\/wbproducoes.com\/wp-content\/uploads\/2023\/12\/banner-chanel.png 1920w, https:\/\/wbproducoes.com\/wp-content\/uploads\/2023\/12\/banner-chanel-300x114.png 300w, https:\/\/wbproducoes.com\/wp-content\/uploads\/2023\/12\/banner-chanel-1024x389.png 1024w, https:\/\/wbproducoes.com\/wp-content\/uploads\/2023\/12\/banner-chanel-768x292.png 768w, https:\/\/wbproducoes.com\/wp-content\/uploads\/2023\/12\/banner-chanel-1536x584.png 1536w\" sizes=\"(max-width: 1920px) 100vw, 1920px\" \/>\t\t\t\t\t\t\t\t\t\t\t\t\t\t<\/div>\n\t\t\t\t\t\t<\/div>\n\t\t\t\t<\/div>\n\t\t\t\t\t\t<\/div>\n\t\t\t\t\t<\/div>\n\t\t<\/div>\n\t\t\t\t\t\t\t\t<\/div>\n\t\t\t\t\t<\/div>\n\t\t<\/section>\n\t\t\t\t<section data-dce-background-overlay-color=\"rgba(220,183,124,0)\" data-dce-background-image-url=\"https:\/\/d1mcpktd27z5n0.cloudfront.net\/cdn\/wbproducoes\/site\/2019\/08\/23201218\/BACKGROUD-SITE-PROJETOS-7.jpg\" class=\"elementor-section elementor-top-section elementor-element elementor-element-41b573e2 elementor-reverse-mobile elementor-section-stretched elementor-section-boxed elementor-section-height-default elementor-section-height-default\" data-id=\"41b573e2\" data-element_type=\"section\" data-settings=\"{&quot;jet_parallax_layout_list&quot;:[{&quot;jet_parallax_layout_image&quot;:{&quot;url&quot;:&quot;&quot;,&quot;id&quot;:&quot;&quot;},&quot;_id&quot;:&quot;0f1a79a&quot;,&quot;jet_parallax_layout_image_tablet&quot;:{&quot;url&quot;:&quot;&quot;,&quot;id&quot;:&quot;&quot;},&quot;jet_parallax_layout_image_mobile&quot;:{&quot;url&quot;:&quot;&quot;,&quot;id&quot;:&quot;&quot;},&quot;jet_parallax_layout_speed&quot;:{&quot;unit&quot;:&quot;%&quot;,&quot;size&quot;:50,&quot;sizes&quot;:[]},&quot;jet_parallax_layout_type&quot;:&quot;scroll&quot;,&quot;jet_parallax_layout_direction&quot;:null,&quot;jet_parallax_layout_fx_direction&quot;:null,&quot;jet_parallax_layout_z_index&quot;:&quot;&quot;,&quot;jet_parallax_layout_bg_x&quot;:50,&quot;jet_parallax_layout_bg_x_tablet&quot;:&quot;&quot;,&quot;jet_parallax_layout_bg_x_mobile&quot;:&quot;&quot;,&quot;jet_parallax_layout_bg_y&quot;:50,&quot;jet_parallax_layout_bg_y_tablet&quot;:&quot;&quot;,&quot;jet_parallax_layout_bg_y_mobile&quot;:&quot;&quot;,&quot;jet_parallax_layout_bg_size&quot;:&quot;auto&quot;,&quot;jet_parallax_layout_bg_size_tablet&quot;:&quot;&quot;,&quot;jet_parallax_layout_bg_size_mobile&quot;:&quot;&quot;,&quot;jet_parallax_layout_animation_prop&quot;:&quot;transform&quot;,&quot;jet_parallax_layout_on&quot;:[&quot;desktop&quot;,&quot;tablet&quot;]}],&quot;background_background&quot;:&quot;classic&quot;,&quot;stretch_section&quot;:&quot;section-stretched&quot;}\">\n\t\t\t\t\t\t\t<div class=\"elementor-background-overlay\"><\/div>\n\t\t\t\t\t\t\t<div class=\"elementor-container elementor-column-gap-wide\">\n\t\t\t\t\t\t\t<div class=\"elementor-row\">\n\t\t\t\t\t<div class=\"elementor-column elementor-col-100 elementor-top-column elementor-element elementor-element-34db198a\" data-id=\"34db198a\" data-element_type=\"column\">\n\t\t\t<div class=\"elementor-column-wrap elementor-element-populated\">\n\t\t\t\t\t\t\t<div class=\"elementor-widget-wrap\">\n\t\t\t\t\t\t<section class=\"elementor-section elementor-inner-section elementor-element elementor-element-175fce4c elementor-section-boxed elementor-section-height-default elementor-section-height-default\" data-id=\"175fce4c\" data-element_type=\"section\" data-settings=\"{&quot;jet_parallax_layout_list&quot;:[{&quot;jet_parallax_layout_image&quot;:{&quot;url&quot;:&quot;&quot;,&quot;id&quot;:&quot;&quot;},&quot;_id&quot;:&quot;5776833&quot;,&quot;jet_parallax_layout_image_tablet&quot;:{&quot;url&quot;:&quot;&quot;,&quot;id&quot;:&quot;&quot;},&quot;jet_parallax_layout_image_mobile&quot;:{&quot;url&quot;:&quot;&quot;,&quot;id&quot;:&quot;&quot;},&quot;jet_parallax_layout_speed&quot;:{&quot;unit&quot;:&quot;%&quot;,&quot;size&quot;:50,&quot;sizes&quot;:[]},&quot;jet_parallax_layout_type&quot;:&quot;scroll&quot;,&quot;jet_parallax_layout_direction&quot;:null,&quot;jet_parallax_layout_fx_direction&quot;:null,&quot;jet_parallax_layout_z_index&quot;:&quot;&quot;,&quot;jet_parallax_layout_bg_x&quot;:50,&quot;jet_parallax_layout_bg_x_tablet&quot;:&quot;&quot;,&quot;jet_parallax_layout_bg_x_mobile&quot;:&quot;&quot;,&quot;jet_parallax_layout_bg_y&quot;:50,&quot;jet_parallax_layout_bg_y_tablet&quot;:&quot;&quot;,&quot;jet_parallax_layout_bg_y_mobile&quot;:&quot;&quot;,&quot;jet_parallax_layout_bg_size&quot;:&quot;auto&quot;,&quot;jet_parallax_layout_bg_size_tablet&quot;:&quot;&quot;,&quot;jet_parallax_layout_bg_size_mobile&quot;:&quot;&quot;,&quot;jet_parallax_layout_animation_prop&quot;:&quot;transform&quot;,&quot;jet_parallax_layout_on&quot;:[&quot;desktop&quot;,&quot;tablet&quot;]}]}\">\n\t\t\t\t\t\t<div class=\"elementor-container elementor-column-gap-default\">\n\t\t\t\t\t\t\t<div class=\"elementor-row\">\n\t\t\t\t\t<div class=\"elementor-column elementor-col-50 elementor-inner-column elementor-element elementor-element-28081a69\" data-id=\"28081a69\" data-element_type=\"column\">\n\t\t\t<div class=\"elementor-column-wrap elementor-element-populated\">\n\t\t\t\t\t\t\t<div class=\"elementor-widget-wrap\">\n\t\t\t\t\t\t<div class=\"elementor-element elementor-element-94fb7e2 elementor-widget elementor-widget-button\" data-id=\"94fb7e2\" data-element_type=\"widget\" data-widget_type=\"button.default\">\n\t\t\t\t<div class=\"elementor-widget-container\">\n\t\t\t\t\t<div class=\"elementor-button-wrapper\">\n\t\t\t<a href=\"https:\/\/wbproducoes.com\/wp-content\/uploads\/2026\/01\/Book-Mademoiselle-Chanel_nov2025.pdf\" target=\"_blank\" class=\"elementor-button-link elementor-button elementor-size-sm\" role=\"button\">\n\t\t\t\t\t\t<span class=\"elementor-button-content-wrapper\">\n\t\t\t\t\t\t<span class=\"elementor-button-icon elementor-align-icon-right\">\n\t\t\t\t<i aria-hidden=\"true\" class=\"fas fa-file-pdf\"><\/i>\t\t\t<\/span>\n\t\t\t\t\t\t<span class=\"elementor-button-text\">CLIQUE E CONHE\u00c7A O PROJETO<\/span>\n\t\t<\/span>\n\t\t\t\t\t<\/a>\n\t\t<\/div>\n\t\t\t\t<\/div>\n\t\t\t\t<\/div>\n\t\t\t\t\t\t<\/div>\n\t\t\t\t\t<\/div>\n\t\t<\/div>\n\t\t\t\t<div class=\"elementor-column elementor-col-50 elementor-inner-column elementor-element elementor-element-fe69a34\" data-id=\"fe69a34\" data-element_type=\"column\">\n\t\t\t<div class=\"elementor-column-wrap elementor-element-populated\">\n\t\t\t\t\t\t\t<div class=\"elementor-widget-wrap\">\n\t\t\t\t\t\t<div class=\"elementor-element elementor-element-71d81e77 elementor-widget elementor-widget-heading\" data-id=\"71d81e77\" data-element_type=\"widget\" data-widget_type=\"heading.default\">\n\t\t\t\t<div class=\"elementor-widget-container\">\n\t\t\t<h2 class=\"elementor-heading-title elementor-size-default\">Mademoiselle Chanel<\/h2>\t\t<\/div>\n\t\t\t\t<\/div>\n\t\t\t\t<div class=\"elementor-element elementor-element-7bff46cd elementor-widget elementor-widget-text-editor\" data-id=\"7bff46cd\" data-element_type=\"widget\" data-widget_type=\"text-editor.default\">\n\t\t\t\t<div class=\"elementor-widget-container\">\n\t\t\t\t\t\t\t\t<div class=\"elementor-text-editor elementor-clearfix\">\n\t\t\t\t<p><span style=\"font-size: 1rem;\">Escrito por Maria Adelaide Amaral, o espet\u00e1culo <b>&#8220;<\/b><\/span><b>Mademoiselle Chanel<\/b><span style=\"font-size: 1rem;\"><b>&#8220;<\/b> ganha uma montagem in\u00e9dita, 20 anos depois, com Christiane Torloni no elenco.<\/span><\/p><p><span style=\"font-size: 1rem;\">A pe\u00e7a conta a hist\u00f3ria da revolucion\u00e1ria Coco Chanel, que desempenhou um papel fundamental na hist\u00f3ria da moda e da cultura. Ela revolucionou a ind\u00fastria da moda, introduzindo designs inovadores, como o &#8220;Little Black Dress&#8221; e o ic\u00f4nico terninho Chanel. Uma mulher representativa, que quebrou paradigmas do g\u00eanero, lutou e alcan\u00e7ou um espa\u00e7o de pertencimento da mulher. Neste projeto, retrataremos toda a impon\u00eancia de Chanel e sua relev\u00e2ncia para o mundo.<\/span><\/p><p><span style=\"font-size: 1rem;\"><span style=\"font-weight: bold;\">&#8220;<\/span><\/span><span style=\"font-size: 1rem; font-weight: bold;\">Mademoiselle Chanel<\/span><span style=\"font-size: 1rem;\"><span style=\"font-weight: bold;\">&#8220;<\/span><\/span><span style=\"font-size: 1rem;\">\u00a0vem para destacar o empoderamento feminino contando e celebrando a hist\u00f3ria de uma grande mulher do s\u00e9culo XX, que uniu a celebra\u00e7\u00e3o do estilo e da eleg\u00e2ncia, aliados \u00e0 arte. O espet\u00e1culo ir\u00e1 destacar a est\u00e9tica distinta de sua marca e compartilhar sua vis\u00e3o art\u00edstica com o p\u00fablico de uma forma cativante, preservando a hist\u00f3ria.<\/span><\/p><p><span style=\"font-size: 1rem;\">Mostrar essa mulher para a sociedade \u00e9 incentivar que as mulheres alcancem seus ideais, mostrando sua for\u00e7a e poder no mundo!<\/span><\/p>\t\t\t\t\t<\/div>\n\t\t\t\t\t\t<\/div>\n\t\t\t\t<\/div>\n\t\t\t\t<div class=\"elementor-element elementor-element-3d5716f9 elementor-widget elementor-widget-heading\" data-id=\"3d5716f9\" data-element_type=\"widget\" data-widget_type=\"heading.default\">\n\t\t\t\t<div class=\"elementor-widget-container\">\n\t\t\t<h2 class=\"elementor-heading-title elementor-size-default\">Ficha T\u00e9cnica<\/h2>\t\t<\/div>\n\t\t\t\t<\/div>\n\t\t\t\t<div class=\"elementor-element elementor-element-483d9844 elementor-widget elementor-widget-text-editor\" data-id=\"483d9844\" data-element_type=\"widget\" data-widget_type=\"text-editor.default\">\n\t\t\t\t<div class=\"elementor-widget-container\">\n\t\t\t\t\t\t\t\t<div class=\"elementor-text-editor elementor-clearfix\">\n\t\t\t\t<p><span style=\"font-weight: 400;\"><strong>Texto:<\/strong> Maria Adelaide Amaral<\/span><span style=\"font-weight: 400;\"><br \/><\/span><span style=\"font-weight: 400;\"><strong>Dire\u00e7\u00e3o e Adapta\u00e7\u00e3o:<\/strong> Guilherme Weber<\/span><span style=\"font-weight: 400;\"><br \/><\/span><span style=\"font-weight: 400;\"><strong>Elenco:<\/strong> Christiane Torloni e 3 atrizes\/modelos escolhidas atrav\u00e9s de audi\u00e7\u00f5es.<\/span><span style=\"font-weight: 400;\"><br \/><\/span><span style=\"font-weight: 400;\"><strong>Produ\u00e7\u00e3o Geral:<\/strong> Bruna Dornellas e Wesley Telles<\/span><span style=\"font-weight: 400;\"><br \/><\/span><span style=\"font-weight: 400;\"><strong>Cenografia:<\/strong> Camila Schmidt<\/span><span style=\"font-weight: 400;\"><br \/><\/span><span style=\"font-weight: 400;\"><strong>Ilumina\u00e7\u00e3o:<\/strong> Ana Luzia de Simoni<\/span><span style=\"font-weight: 400;\"><br \/><\/span><span style=\"font-weight: 400;\"><strong>Trilha Sonora:<\/strong> Lucas Marcier<\/span><span style=\"font-weight: 400;\"><br \/><\/span><span style=\"font-weight: 400;\"><strong>Consultoria de Moda:<\/strong> Bruno Astuto<\/span><span style=\"font-weight: 400;\"><br \/><\/span><span style=\"font-weight: 400;\"><strong>Gest\u00e3o de Projetos:<\/strong> Deivid Andrade<\/span><span style=\"font-weight: 400;\"><br \/><\/span><b>Assistente de Produ\u00e7\u00e3o:<\/b> Guilherme Balestrero<br \/><b>Gest\u00e3o de Comunica\u00e7\u00e3o: <\/b>B\u00e1rbara Kuster<b><br \/><\/b><strong>Social Media<\/strong>: Lilian Soares e Luis Mousinho<br \/><b>Design Gr\u00e1fico:<\/b> Alana Karralrey, Jhon Lucas Paes e Natalia Farias<span style=\"font-weight: 400;\"><br \/><\/span><b>Coordena\u00e7\u00e3o Administrativo-Financeira:<\/b> Leticia Napole<br \/><b>Assessoria Jur\u00eddica:<\/b> Maia, Miranda &amp; Beninc\u00e1<br \/><b>Advocacia Assessoria Cont\u00e1bil:<\/b> Real Time<br \/><b>Realiza\u00e7\u00e3o:<\/b> WB Produ\u00e7\u00f5es<\/p>\t\t\t\t\t<\/div>\n\t\t\t\t\t\t<\/div>\n\t\t\t\t<\/div>\n\t\t\t\t\t\t<\/div>\n\t\t\t\t\t<\/div>\n\t\t<\/div>\n\t\t\t\t\t\t\t\t<\/div>\n\t\t\t\t\t<\/div>\n\t\t<\/section>\n\t\t\t\t\t\t<\/div>\n\t\t\t\t\t<\/div>\n\t\t<\/div>\n\t\t\t\t\t\t\t\t<\/div>\n\t\t\t\t\t<\/div>\n\t\t<\/section>\n\t\t\t\t\t\t<\/div>\n\t\t\t\t\t\t<\/div>\n\t\t\t\t\t<\/div>\n\t\t","protected":false},"excerpt":{"rendered":"<p>CLIQUE E CONHE\u00c7A O PROJETO Mademoiselle Chanel Escrito por Maria Adelaide Amaral, o espet\u00e1culo &#8220;Mademoiselle Chanel&#8220; ganha uma montagem in\u00e9dita, 20 anos depois, com Christiane Torloni no elenco. A pe\u00e7a conta a hist\u00f3ria da revolucion\u00e1ria Coco Chanel, que desempenhou um papel fundamental na hist\u00f3ria da moda e da cultura. Ela revolucionou a ind\u00fastria da moda, [&hellip;]<\/p>\n","protected":false},"author":2,"featured_media":128852,"parent":0,"menu_order":0,"comment_status":"closed","ping_status":"closed","template":"","meta":[],"acf":[],"_links":{"self":[{"href":"https:\/\/wbproducoes.com\/en\/wp-json\/wp\/v2\/pages\/128848"}],"collection":[{"href":"https:\/\/wbproducoes.com\/en\/wp-json\/wp\/v2\/pages"}],"about":[{"href":"https:\/\/wbproducoes.com\/en\/wp-json\/wp\/v2\/types\/page"}],"author":[{"embeddable":true,"href":"https:\/\/wbproducoes.com\/en\/wp-json\/wp\/v2\/users\/2"}],"replies":[{"embeddable":true,"href":"https:\/\/wbproducoes.com\/en\/wp-json\/wp\/v2\/comments?post=128848"}],"version-history":[{"count":27,"href":"https:\/\/wbproducoes.com\/en\/wp-json\/wp\/v2\/pages\/128848\/revisions"}],"predecessor-version":[{"id":154042,"href":"https:\/\/wbproducoes.com\/en\/wp-json\/wp\/v2\/pages\/128848\/revisions\/154042"}],"wp:featuredmedia":[{"embeddable":true,"href":"https:\/\/wbproducoes.com\/en\/wp-json\/wp\/v2\/media\/128852"}],"wp:attachment":[{"href":"https:\/\/wbproducoes.com\/en\/wp-json\/wp\/v2\/media?parent=128848"}],"curies":[{"name":"wp","href":"https:\/\/api.w.org\/{rel}","templated":true}]}}