{"id":128926,"date":"2023-12-14T13:05:49","date_gmt":"2023-12-14T16:05:49","guid":{"rendered":"https:\/\/wbproducoes.com\/?page_id=128926"},"modified":"2026-01-15T12:02:31","modified_gmt":"2026-01-15T15:02:31","slug":"projeto-a-morte-do-caixeiro","status":"publish","type":"page","link":"https:\/\/wbproducoes.com\/en\/projeto-a-morte-do-caixeiro\/","title":{"rendered":"PROJETO &#8211; A Morte do Caixeiro"},"content":{"rendered":"\t\t<div data-elementor-type=\"wp-post\" data-elementor-id=\"128926\" data-post-id=\"128926\" data-obj-id=\"128926\" class=\"elementor elementor-128926 dce-elementor-post-128926\" data-elementor-settings=\"[]\">\n\t\t\t\t\t\t<div class=\"elementor-inner\">\n\t\t\t\t\t\t\t<div class=\"elementor-section-wrap\">\n\t\t\t\t\t\t\t<section data-dce-background-overlay-color=\"rgba(220,183,124,0)\" data-dce-background-image-url=\"https:\/\/d1mcpktd27z5n0.cloudfront.net\/cdn\/wbproducoes\/site\/2019\/08\/23201218\/BACKGROUD-SITE-PROJETOS-7.jpg\" class=\"elementor-section elementor-top-section elementor-element elementor-element-41b573e2 elementor-reverse-mobile elementor-section-stretched elementor-section-boxed elementor-section-height-default elementor-section-height-default\" data-id=\"41b573e2\" data-element_type=\"section\" data-settings=\"{&quot;jet_parallax_layout_list&quot;:[{&quot;jet_parallax_layout_image&quot;:{&quot;url&quot;:&quot;&quot;,&quot;id&quot;:&quot;&quot;},&quot;_id&quot;:&quot;0f1a79a&quot;,&quot;jet_parallax_layout_image_tablet&quot;:{&quot;url&quot;:&quot;&quot;,&quot;id&quot;:&quot;&quot;},&quot;jet_parallax_layout_image_mobile&quot;:{&quot;url&quot;:&quot;&quot;,&quot;id&quot;:&quot;&quot;},&quot;jet_parallax_layout_speed&quot;:{&quot;unit&quot;:&quot;%&quot;,&quot;size&quot;:50,&quot;sizes&quot;:[]},&quot;jet_parallax_layout_type&quot;:&quot;scroll&quot;,&quot;jet_parallax_layout_direction&quot;:null,&quot;jet_parallax_layout_fx_direction&quot;:null,&quot;jet_parallax_layout_z_index&quot;:&quot;&quot;,&quot;jet_parallax_layout_bg_x&quot;:50,&quot;jet_parallax_layout_bg_x_tablet&quot;:&quot;&quot;,&quot;jet_parallax_layout_bg_x_mobile&quot;:&quot;&quot;,&quot;jet_parallax_layout_bg_y&quot;:50,&quot;jet_parallax_layout_bg_y_tablet&quot;:&quot;&quot;,&quot;jet_parallax_layout_bg_y_mobile&quot;:&quot;&quot;,&quot;jet_parallax_layout_bg_size&quot;:&quot;auto&quot;,&quot;jet_parallax_layout_bg_size_tablet&quot;:&quot;&quot;,&quot;jet_parallax_layout_bg_size_mobile&quot;:&quot;&quot;,&quot;jet_parallax_layout_animation_prop&quot;:&quot;transform&quot;,&quot;jet_parallax_layout_on&quot;:[&quot;desktop&quot;,&quot;tablet&quot;]}],&quot;background_background&quot;:&quot;classic&quot;,&quot;stretch_section&quot;:&quot;section-stretched&quot;}\">\n\t\t\t\t\t\t\t<div class=\"elementor-background-overlay\"><\/div>\n\t\t\t\t\t\t\t<div class=\"elementor-container elementor-column-gap-wide\">\n\t\t\t\t\t\t\t<div class=\"elementor-row\">\n\t\t\t\t\t<div class=\"elementor-column elementor-col-100 elementor-top-column elementor-element elementor-element-34db198a\" data-id=\"34db198a\" data-element_type=\"column\">\n\t\t\t<div class=\"elementor-column-wrap elementor-element-populated\">\n\t\t\t\t\t\t\t<div class=\"elementor-widget-wrap\">\n\t\t\t\t\t\t<div class=\"elementor-element elementor-element-467cd848 dce_masking-none elementor-widget elementor-widget-image\" data-id=\"467cd848\" data-element_type=\"widget\" data-widget_type=\"image.default\">\n\t\t\t\t<div class=\"elementor-widget-container\">\n\t\t\t\t\t\t\t\t<div class=\"elementor-image\">\n\t\t\t\t\t\t\t\t\t\t\t\t<img decoding=\"async\" width=\"1920\" height=\"730\" src=\"https:\/\/wbproducoes.com\/wp-content\/uploads\/2024\/09\/Banner-site-O-caixeiro-Viajante.png\" class=\"attachment-full size-full\" alt=\"\" loading=\"lazy\" srcset=\"https:\/\/wbproducoes.com\/wp-content\/uploads\/2024\/09\/Banner-site-O-caixeiro-Viajante.png 1920w, https:\/\/wbproducoes.com\/wp-content\/uploads\/2024\/09\/Banner-site-O-caixeiro-Viajante-300x114.png 300w, https:\/\/wbproducoes.com\/wp-content\/uploads\/2024\/09\/Banner-site-O-caixeiro-Viajante-1024x389.png 1024w, https:\/\/wbproducoes.com\/wp-content\/uploads\/2024\/09\/Banner-site-O-caixeiro-Viajante-768x292.png 768w, https:\/\/wbproducoes.com\/wp-content\/uploads\/2024\/09\/Banner-site-O-caixeiro-Viajante-1536x584.png 1536w\" sizes=\"(max-width: 1920px) 100vw, 1920px\" \/>\t\t\t\t\t\t\t\t\t\t\t\t\t\t<\/div>\n\t\t\t\t\t\t<\/div>\n\t\t\t\t<\/div>\n\t\t\t\t<section class=\"elementor-section elementor-inner-section elementor-element elementor-element-175fce4c elementor-section-boxed elementor-section-height-default elementor-section-height-default\" data-id=\"175fce4c\" data-element_type=\"section\" data-settings=\"{&quot;jet_parallax_layout_list&quot;:[{&quot;jet_parallax_layout_image&quot;:{&quot;url&quot;:&quot;&quot;,&quot;id&quot;:&quot;&quot;},&quot;_id&quot;:&quot;5776833&quot;,&quot;jet_parallax_layout_image_tablet&quot;:{&quot;url&quot;:&quot;&quot;,&quot;id&quot;:&quot;&quot;},&quot;jet_parallax_layout_image_mobile&quot;:{&quot;url&quot;:&quot;&quot;,&quot;id&quot;:&quot;&quot;},&quot;jet_parallax_layout_speed&quot;:{&quot;unit&quot;:&quot;%&quot;,&quot;size&quot;:50,&quot;sizes&quot;:[]},&quot;jet_parallax_layout_type&quot;:&quot;scroll&quot;,&quot;jet_parallax_layout_direction&quot;:null,&quot;jet_parallax_layout_fx_direction&quot;:null,&quot;jet_parallax_layout_z_index&quot;:&quot;&quot;,&quot;jet_parallax_layout_bg_x&quot;:50,&quot;jet_parallax_layout_bg_x_tablet&quot;:&quot;&quot;,&quot;jet_parallax_layout_bg_x_mobile&quot;:&quot;&quot;,&quot;jet_parallax_layout_bg_y&quot;:50,&quot;jet_parallax_layout_bg_y_tablet&quot;:&quot;&quot;,&quot;jet_parallax_layout_bg_y_mobile&quot;:&quot;&quot;,&quot;jet_parallax_layout_bg_size&quot;:&quot;auto&quot;,&quot;jet_parallax_layout_bg_size_tablet&quot;:&quot;&quot;,&quot;jet_parallax_layout_bg_size_mobile&quot;:&quot;&quot;,&quot;jet_parallax_layout_animation_prop&quot;:&quot;transform&quot;,&quot;jet_parallax_layout_on&quot;:[&quot;desktop&quot;,&quot;tablet&quot;]}]}\">\n\t\t\t\t\t\t<div class=\"elementor-container elementor-column-gap-default\">\n\t\t\t\t\t\t\t<div class=\"elementor-row\">\n\t\t\t\t\t<div class=\"elementor-column elementor-col-50 elementor-inner-column elementor-element elementor-element-28081a69\" data-id=\"28081a69\" data-element_type=\"column\">\n\t\t\t<div class=\"elementor-column-wrap elementor-element-populated\">\n\t\t\t\t\t\t\t<div class=\"elementor-widget-wrap\">\n\t\t\t\t\t\t<div class=\"elementor-element elementor-element-94fb7e2 elementor-widget elementor-widget-button\" data-id=\"94fb7e2\" data-element_type=\"widget\" data-widget_type=\"button.default\">\n\t\t\t\t<div class=\"elementor-widget-container\">\n\t\t\t\t\t<div class=\"elementor-button-wrapper\">\n\t\t\t<a href=\"https:\/\/wbproducoes.com\/wp-content\/uploads\/2024\/09\/Book-O-Caixeiro-Viajante-2024-ROUANET-compressed-1.pdf-1.pdf\" class=\"elementor-button-link elementor-button elementor-size-sm\" role=\"button\">\n\t\t\t\t\t\t<span class=\"elementor-button-content-wrapper\">\n\t\t\t\t\t\t<span class=\"elementor-button-icon elementor-align-icon-right\">\n\t\t\t\t<i aria-hidden=\"true\" class=\"fas fa-file-pdf\"><\/i>\t\t\t<\/span>\n\t\t\t\t\t\t<span class=\"elementor-button-text\">CLIQUE E CONHE\u00c7A O PROJETO<\/span>\n\t\t<\/span>\n\t\t\t\t\t<\/a>\n\t\t<\/div>\n\t\t\t\t<\/div>\n\t\t\t\t<\/div>\n\t\t\t\t\t\t<\/div>\n\t\t\t\t\t<\/div>\n\t\t<\/div>\n\t\t\t\t<div class=\"elementor-column elementor-col-50 elementor-inner-column elementor-element elementor-element-fe69a34\" data-id=\"fe69a34\" data-element_type=\"column\">\n\t\t\t<div class=\"elementor-column-wrap elementor-element-populated\">\n\t\t\t\t\t\t\t<div class=\"elementor-widget-wrap\">\n\t\t\t\t\t\t<div class=\"elementor-element elementor-element-71d81e77 elementor-widget elementor-widget-heading\" data-id=\"71d81e77\" data-element_type=\"widget\" data-widget_type=\"heading.default\">\n\t\t\t\t<div class=\"elementor-widget-container\">\n\t\t\t<h2 class=\"elementor-heading-title elementor-size-default\">A Morte do Caixeiro Viajante<\/h2>\t\t<\/div>\n\t\t\t\t<\/div>\n\t\t\t\t<div class=\"elementor-element elementor-element-7bff46cd elementor-widget elementor-widget-text-editor\" data-id=\"7bff46cd\" data-element_type=\"widget\" data-widget_type=\"text-editor.default\">\n\t\t\t\t<div class=\"elementor-widget-container\">\n\t\t\t\t\t\t\t\t<div class=\"elementor-text-editor elementor-clearfix\">\n\t\t\t\t<p><strong>&#8220;A Morte do Caixeiro Viajante&#8221;<\/strong>, um dos textos mais premiados da hist\u00f3ria, chega aos palcos brasileiros em 2025 em uma superprodu\u00e7\u00e3o in\u00e9dita, pela WB Entretenimento. Escrito pelo premiado autor <strong>Arthur Miller<\/strong>, o\u00a0espet\u00e1culo trar\u00e1 um novo olhar e nova roupagem com\u00a0<strong>Ailton Gra\u00e7a, Cris Vianna <\/strong>e mais 12 atores que ser\u00e3o selecionados. Tradu\u00e7\u00e3o, adapta\u00e7\u00e3o e\u00a0dire\u00e7\u00e3o de\u00a0<strong>Rodrigo Fran\u00e7a<\/strong> e produ\u00e7\u00e3o geral de <strong>Bruna Dornellas<\/strong>\u00a0e\u00a0<strong>Wesley Telles<\/strong>.<\/p><p>Neste projeto, iremos retratar a import\u00e2ncia da literatura no aspecto global, destacando a for\u00e7a do movimento negro e o empoderamento feminino da mulher negra, com uma hist\u00f3ria forte, envolvente e de grande apelo art\u00edstico.<\/p><p>O espet\u00e1culo retrata a hist\u00f3ria de Willy Loman, que passou toda sua vida acreditando que ele e sua fam\u00edlia atingiriam o poder, seriam ricos e muito felizes. Por\u00e9m, lutando dia a dia como um caixeiro viajante, ele est\u00e1 prestes a perder seu emprego. Willy n\u00e3o consegue mais pagar suas contas e come\u00e7a a perder o senso de realidade derivando por coisas de seu passado e mergulhando em uma crise profunda e desesperadora. Enquanto isso, toda sua fam\u00edlia, Linda sua esposa e seus filhos, Biff e Happy, tentam lutar contra sua autodestrui\u00e7\u00e3o e os fantasmas de seu passado.<\/p>\t\t\t\t\t<\/div>\n\t\t\t\t\t\t<\/div>\n\t\t\t\t<\/div>\n\t\t\t\t<div class=\"elementor-element elementor-element-3d5716f9 elementor-widget elementor-widget-heading\" data-id=\"3d5716f9\" data-element_type=\"widget\" data-widget_type=\"heading.default\">\n\t\t\t\t<div class=\"elementor-widget-container\">\n\t\t\t<h2 class=\"elementor-heading-title elementor-size-default\">Ficha T\u00e9cnica<\/h2>\t\t<\/div>\n\t\t\t\t<\/div>\n\t\t\t\t<div class=\"elementor-element elementor-element-483d9844 elementor-widget elementor-widget-text-editor\" data-id=\"483d9844\" data-element_type=\"widget\" data-widget_type=\"text-editor.default\">\n\t\t\t\t<div class=\"elementor-widget-container\">\n\t\t\t\t\t\t\t\t<div class=\"elementor-text-editor elementor-clearfix\">\n\t\t\t\t<p><strong>Texto:<\/strong>\u00a0Arthur Miller<br \/><span class=\"fontstyle0\"><strong>Dire\u00e7\u00e3o, Tradu\u00e7\u00e3o e Adapta\u00e7\u00e3o:<\/strong> <\/span><span class=\"fontstyle2\">Rodrigo Fran\u00e7a<br \/><\/span><strong><span class=\"fontstyle0\">Elenco: <\/span><\/strong><span class=\"fontstyle2\">Ailton Gra\u00e7a, Cris Vianna e\u00a0mais 12 atores em sele\u00e7\u00e3o<br \/><\/span><span class=\"fontstyle0\"><strong>Produ\u00e7\u00e3o Geral:<\/strong> <\/span><span class=\"fontstyle2\">Bruna Dornellas e Wesley Telles<br \/><\/span><span class=\"fontstyle0\"><strong>Diretor Assistente:<\/strong> <\/span><span class=\"fontstyle2\">Kennedy Lima<br \/><\/span><strong><span class=\"fontstyle0\">Assistente de Dire\u00e7\u00e3o: <\/span><\/strong><span class=\"fontstyle2\">Mery Delmond<br \/><\/span><strong><span class=\"fontstyle0\">Dire\u00e7\u00e3o de Movimento: <\/span><\/strong><span class=\"fontstyle2\">Tainara Cerqueira<br \/><\/span><strong><span class=\"fontstyle0\">Cen\u00e1rio: <\/span><\/strong><span class=\"fontstyle2\">Mauro Vicente Ferreira<br \/><\/span><strong><span class=\"fontstyle0\">Figurino: <\/span><\/strong><span class=\"fontstyle2\">Tereza Nabuco<br \/><\/span><span class=\"fontstyle0\"><strong>Visagismo:<\/strong> <\/span><span class=\"fontstyle2\">Diego Nardes<br \/><\/span><strong><span class=\"fontstyle0\">Trilha Sonora: <\/span><\/strong><span class=\"fontstyle2\">Jarbas Bittencourt<br \/><\/span><strong><span class=\"fontstyle0\">Ilumina\u00e7\u00e3o: <\/span><\/strong><span class=\"fontstyle2\">Pedro Carneiro<br \/><\/span><strong><span class=\"fontstyle0\">Gest\u00e3o de Projetos: <\/span><\/strong><span class=\"fontstyle2\">Deivid Andrade<br \/><strong>Gest\u00e3o de Comunica\u00e7\u00e3o:<\/strong> B\u00e1rbara Kuster<br \/><\/span><span class=\"fontstyle0\"><strong>Social Media:<\/strong> Lilian Soares e Luis Mousinho<\/span><span class=\"fontstyle2\"><br \/><\/span><strong><span class=\"fontstyle0\">Designer Gr\u00e1fico WB: <\/span><\/strong><span class=\"fontstyle0\">Alana Karralrey, Jhon Lucas Paes e Nat\u00e1lia Farias<\/span><span class=\"fontstyle2\"><br \/><\/span><strong><span class=\"fontstyle0\">Assessoria Jur\u00eddica: <\/span><\/strong><span class=\"fontstyle2\">Maia, Miranda &amp; Beninc\u00e1 Advocacia<br \/><\/span><strong><span class=\"fontstyle0\">Assessoria Cont\u00e1bil: <\/span><\/strong><span class=\"fontstyle2\">Real Time<br \/><\/span><strong><span class=\"fontstyle0\">Realiza\u00e7\u00e3o: <\/span><\/strong><span class=\"fontstyle2\">WB Entretenimeo<\/span><\/p>\t\t\t\t\t<\/div>\n\t\t\t\t\t\t<\/div>\n\t\t\t\t<\/div>\n\t\t\t\t\t\t<\/div>\n\t\t\t\t\t<\/div>\n\t\t<\/div>\n\t\t\t\t\t\t\t\t<\/div>\n\t\t\t\t\t<\/div>\n\t\t<\/section>\n\t\t\t\t\t\t<\/div>\n\t\t\t\t\t<\/div>\n\t\t<\/div>\n\t\t\t\t\t\t\t\t<\/div>\n\t\t\t\t\t<\/div>\n\t\t<\/section>\n\t\t\t\t\t\t<\/div>\n\t\t\t\t\t\t<\/div>\n\t\t\t\t\t<\/div>\n\t\t","protected":false},"excerpt":{"rendered":"<p>CLIQUE E CONHE\u00c7A O PROJETO A Morte do Caixeiro Viajante &#8220;A Morte do Caixeiro Viajante&#8221;, um dos textos mais premiados da hist\u00f3ria, chega aos palcos brasileiros em 2025 em uma superprodu\u00e7\u00e3o in\u00e9dita, pela WB Entretenimento. Escrito pelo premiado autor Arthur Miller, o\u00a0espet\u00e1culo trar\u00e1 um novo olhar e nova roupagem com\u00a0Ailton Gra\u00e7a, Cris Vianna e mais [&hellip;]<\/p>\n","protected":false},"author":2,"featured_media":128852,"parent":0,"menu_order":0,"comment_status":"closed","ping_status":"closed","template":"","meta":[],"acf":[],"_links":{"self":[{"href":"https:\/\/wbproducoes.com\/en\/wp-json\/wp\/v2\/pages\/128926"}],"collection":[{"href":"https:\/\/wbproducoes.com\/en\/wp-json\/wp\/v2\/pages"}],"about":[{"href":"https:\/\/wbproducoes.com\/en\/wp-json\/wp\/v2\/types\/page"}],"author":[{"embeddable":true,"href":"https:\/\/wbproducoes.com\/en\/wp-json\/wp\/v2\/users\/2"}],"replies":[{"embeddable":true,"href":"https:\/\/wbproducoes.com\/en\/wp-json\/wp\/v2\/comments?post=128926"}],"version-history":[{"count":31,"href":"https:\/\/wbproducoes.com\/en\/wp-json\/wp\/v2\/pages\/128926\/revisions"}],"predecessor-version":[{"id":154038,"href":"https:\/\/wbproducoes.com\/en\/wp-json\/wp\/v2\/pages\/128926\/revisions\/154038"}],"wp:featuredmedia":[{"embeddable":true,"href":"https:\/\/wbproducoes.com\/en\/wp-json\/wp\/v2\/media\/128852"}],"wp:attachment":[{"href":"https:\/\/wbproducoes.com\/en\/wp-json\/wp\/v2\/media?parent=128926"}],"curies":[{"name":"wp","href":"https:\/\/api.w.org\/{rel}","templated":true}]}}