{"id":139319,"date":"2024-11-01T19:19:50","date_gmt":"2024-11-01T22:19:50","guid":{"rendered":"https:\/\/wbproducoes.com\/?page_id=139319"},"modified":"2025-10-29T17:31:29","modified_gmt":"2025-10-29T20:31:29","slug":"a-geladeira-magica","status":"publish","type":"page","link":"https:\/\/wbproducoes.com\/en\/a-geladeira-magica\/","title":{"rendered":"PROJETO A GELADEIRA M\u00c1GICA"},"content":{"rendered":"\t\t<div data-elementor-type=\"wp-post\" data-elementor-id=\"139319\" data-post-id=\"139319\" data-obj-id=\"139319\" class=\"elementor elementor-139319 dce-elementor-post-139319\" data-elementor-settings=\"[]\">\n\t\t\t\t\t\t<div class=\"elementor-inner\">\n\t\t\t\t\t\t\t<div class=\"elementor-section-wrap\">\n\t\t\t\t\t\t\t<section class=\"elementor-section elementor-top-section elementor-element elementor-element-36318bfb elementor-section-stretched elementor-section-full_width elementor-section-content-middle elementor-section-height-default elementor-section-height-default\" data-id=\"36318bfb\" data-element_type=\"section\" data-settings=\"{&quot;jet_parallax_layout_list&quot;:[{&quot;jet_parallax_layout_image&quot;:{&quot;url&quot;:&quot;&quot;,&quot;id&quot;:&quot;&quot;},&quot;_id&quot;:&quot;1501345&quot;,&quot;jet_parallax_layout_image_tablet&quot;:{&quot;url&quot;:&quot;&quot;,&quot;id&quot;:&quot;&quot;},&quot;jet_parallax_layout_image_mobile&quot;:{&quot;url&quot;:&quot;&quot;,&quot;id&quot;:&quot;&quot;},&quot;jet_parallax_layout_speed&quot;:{&quot;unit&quot;:&quot;%&quot;,&quot;size&quot;:50,&quot;sizes&quot;:[]},&quot;jet_parallax_layout_type&quot;:&quot;scroll&quot;,&quot;jet_parallax_layout_direction&quot;:null,&quot;jet_parallax_layout_fx_direction&quot;:null,&quot;jet_parallax_layout_z_index&quot;:&quot;&quot;,&quot;jet_parallax_layout_bg_x&quot;:50,&quot;jet_parallax_layout_bg_x_tablet&quot;:&quot;&quot;,&quot;jet_parallax_layout_bg_x_mobile&quot;:&quot;&quot;,&quot;jet_parallax_layout_bg_y&quot;:50,&quot;jet_parallax_layout_bg_y_tablet&quot;:&quot;&quot;,&quot;jet_parallax_layout_bg_y_mobile&quot;:&quot;&quot;,&quot;jet_parallax_layout_bg_size&quot;:&quot;auto&quot;,&quot;jet_parallax_layout_bg_size_tablet&quot;:&quot;&quot;,&quot;jet_parallax_layout_bg_size_mobile&quot;:&quot;&quot;,&quot;jet_parallax_layout_animation_prop&quot;:&quot;transform&quot;,&quot;jet_parallax_layout_on&quot;:[&quot;desktop&quot;,&quot;tablet&quot;]}],&quot;stretch_section&quot;:&quot;section-stretched&quot;,&quot;background_background&quot;:&quot;classic&quot;}\">\n\t\t\t\t\t\t<div class=\"elementor-container elementor-column-gap-no\">\n\t\t\t\t\t\t\t<div class=\"elementor-row\">\n\t\t\t\t\t<div class=\"elementor-column elementor-col-100 elementor-top-column elementor-element elementor-element-d9d26ae\" data-id=\"d9d26ae\" data-element_type=\"column\">\n\t\t\t<div class=\"elementor-column-wrap elementor-element-populated\">\n\t\t\t\t\t\t\t<div class=\"elementor-widget-wrap\">\n\t\t\t\t\t\t<div class=\"elementor-element elementor-element-467cd848 dce_masking-none elementor-widget elementor-widget-image\" data-id=\"467cd848\" data-element_type=\"widget\" data-widget_type=\"image.default\">\n\t\t\t\t<div class=\"elementor-widget-container\">\n\t\t\t\t\t\t\t\t<div class=\"elementor-image\">\n\t\t\t\t\t\t\t\t\t\t\t\t<img decoding=\"async\" width=\"1620\" height=\"616\" src=\"https:\/\/wbproducoes.com\/wp-content\/uploads\/2025\/10\/banner_site_geladeira_magica.png\" class=\"attachment-full size-full\" alt=\"\" loading=\"lazy\" srcset=\"https:\/\/wbproducoes.com\/wp-content\/uploads\/2025\/10\/banner_site_geladeira_magica.png 1620w, https:\/\/wbproducoes.com\/wp-content\/uploads\/2025\/10\/banner_site_geladeira_magica-300x114.png 300w, https:\/\/wbproducoes.com\/wp-content\/uploads\/2025\/10\/banner_site_geladeira_magica-1024x389.png 1024w, https:\/\/wbproducoes.com\/wp-content\/uploads\/2025\/10\/banner_site_geladeira_magica-768x292.png 768w, https:\/\/wbproducoes.com\/wp-content\/uploads\/2025\/10\/banner_site_geladeira_magica-1536x584.png 1536w\" sizes=\"(max-width: 1620px) 100vw, 1620px\" \/>\t\t\t\t\t\t\t\t\t\t\t\t\t\t<\/div>\n\t\t\t\t\t\t<\/div>\n\t\t\t\t<\/div>\n\t\t\t\t\t\t<\/div>\n\t\t\t\t\t<\/div>\n\t\t<\/div>\n\t\t\t\t\t\t\t\t<\/div>\n\t\t\t\t\t<\/div>\n\t\t<\/section>\n\t\t\t\t<section data-dce-background-overlay-color=\"rgba(220,183,124,0)\" data-dce-background-image-url=\"https:\/\/d1mcpktd27z5n0.cloudfront.net\/cdn\/wbproducoes\/site\/2019\/08\/23201218\/BACKGROUD-SITE-PROJETOS-7.jpg\" class=\"elementor-section elementor-top-section elementor-element elementor-element-41b573e2 elementor-reverse-mobile elementor-section-stretched elementor-section-boxed elementor-section-height-default elementor-section-height-default\" data-id=\"41b573e2\" data-element_type=\"section\" data-settings=\"{&quot;jet_parallax_layout_list&quot;:[{&quot;jet_parallax_layout_image&quot;:{&quot;url&quot;:&quot;&quot;,&quot;id&quot;:&quot;&quot;},&quot;_id&quot;:&quot;0f1a79a&quot;,&quot;jet_parallax_layout_image_tablet&quot;:{&quot;url&quot;:&quot;&quot;,&quot;id&quot;:&quot;&quot;},&quot;jet_parallax_layout_image_mobile&quot;:{&quot;url&quot;:&quot;&quot;,&quot;id&quot;:&quot;&quot;},&quot;jet_parallax_layout_speed&quot;:{&quot;unit&quot;:&quot;%&quot;,&quot;size&quot;:50,&quot;sizes&quot;:[]},&quot;jet_parallax_layout_type&quot;:&quot;scroll&quot;,&quot;jet_parallax_layout_direction&quot;:null,&quot;jet_parallax_layout_fx_direction&quot;:null,&quot;jet_parallax_layout_z_index&quot;:&quot;&quot;,&quot;jet_parallax_layout_bg_x&quot;:50,&quot;jet_parallax_layout_bg_x_tablet&quot;:&quot;&quot;,&quot;jet_parallax_layout_bg_x_mobile&quot;:&quot;&quot;,&quot;jet_parallax_layout_bg_y&quot;:50,&quot;jet_parallax_layout_bg_y_tablet&quot;:&quot;&quot;,&quot;jet_parallax_layout_bg_y_mobile&quot;:&quot;&quot;,&quot;jet_parallax_layout_bg_size&quot;:&quot;auto&quot;,&quot;jet_parallax_layout_bg_size_tablet&quot;:&quot;&quot;,&quot;jet_parallax_layout_bg_size_mobile&quot;:&quot;&quot;,&quot;jet_parallax_layout_animation_prop&quot;:&quot;transform&quot;,&quot;jet_parallax_layout_on&quot;:[&quot;desktop&quot;,&quot;tablet&quot;]}],&quot;background_background&quot;:&quot;classic&quot;,&quot;stretch_section&quot;:&quot;section-stretched&quot;}\">\n\t\t\t\t\t\t\t<div class=\"elementor-background-overlay\"><\/div>\n\t\t\t\t\t\t\t<div class=\"elementor-container elementor-column-gap-wide\">\n\t\t\t\t\t\t\t<div class=\"elementor-row\">\n\t\t\t\t\t<div class=\"elementor-column elementor-col-100 elementor-top-column elementor-element elementor-element-34db198a\" data-id=\"34db198a\" data-element_type=\"column\">\n\t\t\t<div class=\"elementor-column-wrap elementor-element-populated\">\n\t\t\t\t\t\t\t<div class=\"elementor-widget-wrap\">\n\t\t\t\t\t\t<section class=\"elementor-section elementor-inner-section elementor-element elementor-element-175fce4c elementor-section-boxed elementor-section-height-default elementor-section-height-default\" data-id=\"175fce4c\" data-element_type=\"section\" data-settings=\"{&quot;jet_parallax_layout_list&quot;:[{&quot;jet_parallax_layout_image&quot;:{&quot;url&quot;:&quot;&quot;,&quot;id&quot;:&quot;&quot;},&quot;_id&quot;:&quot;5776833&quot;,&quot;jet_parallax_layout_image_tablet&quot;:{&quot;url&quot;:&quot;&quot;,&quot;id&quot;:&quot;&quot;},&quot;jet_parallax_layout_image_mobile&quot;:{&quot;url&quot;:&quot;&quot;,&quot;id&quot;:&quot;&quot;},&quot;jet_parallax_layout_speed&quot;:{&quot;unit&quot;:&quot;%&quot;,&quot;size&quot;:50,&quot;sizes&quot;:[]},&quot;jet_parallax_layout_type&quot;:&quot;scroll&quot;,&quot;jet_parallax_layout_direction&quot;:null,&quot;jet_parallax_layout_fx_direction&quot;:null,&quot;jet_parallax_layout_z_index&quot;:&quot;&quot;,&quot;jet_parallax_layout_bg_x&quot;:50,&quot;jet_parallax_layout_bg_x_tablet&quot;:&quot;&quot;,&quot;jet_parallax_layout_bg_x_mobile&quot;:&quot;&quot;,&quot;jet_parallax_layout_bg_y&quot;:50,&quot;jet_parallax_layout_bg_y_tablet&quot;:&quot;&quot;,&quot;jet_parallax_layout_bg_y_mobile&quot;:&quot;&quot;,&quot;jet_parallax_layout_bg_size&quot;:&quot;auto&quot;,&quot;jet_parallax_layout_bg_size_tablet&quot;:&quot;&quot;,&quot;jet_parallax_layout_bg_size_mobile&quot;:&quot;&quot;,&quot;jet_parallax_layout_animation_prop&quot;:&quot;transform&quot;,&quot;jet_parallax_layout_on&quot;:[&quot;desktop&quot;,&quot;tablet&quot;]}]}\">\n\t\t\t\t\t\t<div class=\"elementor-container elementor-column-gap-default\">\n\t\t\t\t\t\t\t<div class=\"elementor-row\">\n\t\t\t\t\t<div class=\"elementor-column elementor-col-50 elementor-inner-column elementor-element elementor-element-28081a69\" data-id=\"28081a69\" data-element_type=\"column\">\n\t\t\t<div class=\"elementor-column-wrap elementor-element-populated\">\n\t\t\t\t\t\t\t<div class=\"elementor-widget-wrap\">\n\t\t\t\t\t\t<div class=\"elementor-element elementor-element-42b64e3 elementor-widget elementor-widget-button\" data-id=\"42b64e3\" data-element_type=\"widget\" data-widget_type=\"button.default\">\n\t\t\t\t<div class=\"elementor-widget-container\">\n\t\t\t\t\t<div class=\"elementor-button-wrapper\">\n\t\t\t<a href=\"https:\/\/wbproducoes.com\/wp-content\/uploads\/2024\/11\/A-Geladeira-Magica-Book-Atualizado-compactado-1-1.pdf\" class=\"elementor-button-link elementor-button elementor-size-sm\" role=\"button\">\n\t\t\t\t\t\t<span class=\"elementor-button-content-wrapper\">\n\t\t\t\t\t\t<span class=\"elementor-button-icon elementor-align-icon-right\">\n\t\t\t\t<i aria-hidden=\"true\" class=\"fas fa-file-pdf\"><\/i>\t\t\t<\/span>\n\t\t\t\t\t\t<span class=\"elementor-button-text\">CLIQUE E CONHE\u00c7A O PROJETO<\/span>\n\t\t<\/span>\n\t\t\t\t\t<\/a>\n\t\t<\/div>\n\t\t\t\t<\/div>\n\t\t\t\t<\/div>\n\t\t\t\t\t\t<\/div>\n\t\t\t\t\t<\/div>\n\t\t<\/div>\n\t\t\t\t<div class=\"elementor-column elementor-col-50 elementor-inner-column elementor-element elementor-element-fe69a34\" data-id=\"fe69a34\" data-element_type=\"column\">\n\t\t\t<div class=\"elementor-column-wrap elementor-element-populated\">\n\t\t\t\t\t\t\t<div class=\"elementor-widget-wrap\">\n\t\t\t\t\t\t<div class=\"elementor-element elementor-element-71d81e77 elementor-widget elementor-widget-heading\" data-id=\"71d81e77\" data-element_type=\"widget\" data-widget_type=\"heading.default\">\n\t\t\t\t<div class=\"elementor-widget-container\">\n\t\t\t<h2 class=\"elementor-heading-title elementor-size-default\">A Geladeira M\u00e1gica<\/h2>\t\t<\/div>\n\t\t\t\t<\/div>\n\t\t\t\t<div class=\"elementor-element elementor-element-7bff46cd elementor-widget elementor-widget-text-editor\" data-id=\"7bff46cd\" data-element_type=\"widget\" data-widget_type=\"text-editor.default\">\n\t\t\t\t<div class=\"elementor-widget-container\">\n\t\t\t\t\t\t\t\t<div class=\"elementor-text-editor elementor-clearfix\">\n\t\t\t\t<p><strong>&#8220;A Geladeira M\u00e1gica&#8221;<\/strong> \u00e9 um espet\u00e1culo de sucesso que est\u00e1 h\u00e1 5 anos em cartaz. Estreou em 2019, e j\u00e1 foi apresentada em mais de 70 sess\u00f5es em diferentes formatos, como teatros, escolas, pra\u00e7as p\u00fablicas, lives e at\u00e9 drive-in, tendo sido assistida por mais de 25 mil espectadores. <strong>\u201cA Geladeira M\u00e1gica\u201d<\/strong> usa do universo l\u00fadico para promover importantes debates sobre <strong>consci\u00eancia alimentar<\/strong> e <strong>alimenta\u00e7\u00e3o saud\u00e1vel<\/strong>.<\/p><p>Nina e Luca s\u00e3o primos que sempre se encontram para brincar na casa de sua av\u00f3, lugar em que tamb\u00e9m aprendem bastante. Numa manh\u00e3 de s\u00e1bado, Arlete &#8211; a senhora dos bons h\u00e1bitos &#8211; sai em busca de ingredientes para o almo\u00e7o. A curiosidade em desvendar outras del\u00edcias na cozinha da av\u00f3 antes do hor\u00e1rio da refei\u00e7\u00e3o faz com que os primos vivam momentos de magia e de surpresa cada vez que abrem a porta de uma misteriosa geladeira. Em um universo onde o faz de conta sempre pode acontecer, vers\u00f5es diferentes de cl\u00e1ssicos da literatura infantil v\u00eam \u00e0 tona para apresentar novas li\u00e7\u00f5es de bons h\u00e1bitos a crian\u00e7as e a quem mais for capaz de mergulhar em seus acontecimentos. Com leveza e humor, <strong>\u201cA Geladeira M\u00e1gica\u201d<\/strong> \u00e9 uma dramaturgia que pretende ensinar por meio do l\u00fadico e faz da imagina\u00e7\u00e3o um espa\u00e7o f\u00e9rtil para solidificar boas ideias.<\/p>\t\t\t\t\t<\/div>\n\t\t\t\t\t\t<\/div>\n\t\t\t\t<\/div>\n\t\t\t\t<div class=\"elementor-element elementor-element-3d5716f9 elementor-widget elementor-widget-heading\" data-id=\"3d5716f9\" data-element_type=\"widget\" data-widget_type=\"heading.default\">\n\t\t\t\t<div class=\"elementor-widget-container\">\n\t\t\t<h2 class=\"elementor-heading-title elementor-size-default\">Ficha T\u00e9cnica<\/h2>\t\t<\/div>\n\t\t\t\t<\/div>\n\t\t\t\t<div class=\"elementor-element elementor-element-483d9844 elementor-widget elementor-widget-text-editor\" data-id=\"483d9844\" data-element_type=\"widget\" data-widget_type=\"text-editor.default\">\n\t\t\t\t<div class=\"elementor-widget-container\">\n\t\t\t\t\t\t\t\t<div class=\"elementor-text-editor elementor-clearfix\">\n\t\t\t\t<p>\u00a0<\/p><p><b>Texto: <\/b><span style=\"font-weight: 400;\">Eneidis Ribeiro e Murilo G\u00f3es<\/span><\/p><p><b>Dire\u00e7\u00e3o: <\/b><span style=\"font-weight: 400;\">Leandro Mariz<\/span><\/p><p><b>Elenco:<\/b><span style=\"font-weight: 400;\"> Lucas Morais e Roberta Sc\u00e1tola<\/span><\/p><p><b>Dire\u00e7\u00e3o de Produ\u00e7\u00e3o:<\/b><span style=\"font-weight: 400;\"> Bruna Dornellas e Wesley Telles<\/span><\/p><p><b>Participa\u00e7\u00f5es em Off: <\/b><span style=\"font-weight: 400;\">Andr\u00e9 Prando e Maria Alice Quintela<\/span><\/p><p><b>Trilha Sonora Original:<\/b><span style=\"font-weight: 400;\"> Patr\u00edcia Ilus<\/span><\/p><p><b>Cenografia e Figurinos: <\/b><span style=\"font-weight: 400;\">Mila Goudet e Paula de Paoli<\/span><\/p><p><b>Cenotecnia: <\/b><span style=\"font-weight: 400;\">Wagner Jos\u00e9 de Almeida<\/span><\/p><p><b>Adere\u00e7os: <\/b><span style=\"font-weight: 400;\">Tet\u00ea Ribeiro<\/span><\/p><p><b>Pintura Arte:<\/b><span style=\"font-weight: 400;\"> Alessandra Siqueira<\/span><\/p><p><b>Designer de Luz:<\/b><span style=\"font-weight: 400;\"> Adriana Ortiz<\/span><\/p><p><b>Operador de Som:<\/b><span style=\"font-weight: 400;\"> Deivison Nunes<\/span><\/p><p><b>Contrarregra:<\/b><span style=\"font-weight: 400;\"> Marcos Paulo<\/span><\/p><p><b>Camareira:<\/b><span style=\"font-weight: 400;\"> Elizabeth Chagas<\/span><\/p><p><b>Gest\u00e3o de Projetos: <\/b><span style=\"font-weight: 400;\">Deivid Andrade<\/span><\/p><p><b>Produ\u00e7\u00e3o Executiva: <\/b><span style=\"font-weight: 400;\">Nando Medeiros<\/span><\/p><p><b>Gest\u00e3o de Comunica\u00e7\u00e3o e M\u00eddias Sociais:<\/b><span style=\"font-weight: 400;\"> Ismara Cardoso<\/span><\/p><p><b>Designer Gr\u00e1fico:<\/b><span style=\"font-weight: 400;\"> Max Goldner e Jhon Lucas Paes<\/span><\/p><p><b>Estagi\u00e1rio de Comunica\u00e7\u00e3o:<\/b><span style=\"font-weight: 400;\"> Alana Karralrey<\/span><\/p><p><b>Assessoria de Imprensa:<\/b><span style=\"font-weight: 400;\"> Pombo Correio<\/span><\/p><p><b>Coordena\u00e7\u00e3o Administrativa:<\/b><span style=\"font-weight: 400;\"> Let\u00edcia Napole<\/span><\/p><p><b>Estagi\u00e1rio de Administra\u00e7\u00e3o: <\/b><span style=\"font-weight: 400;\">Guilherme Balestrero<\/span><\/p><p><b>Assessoria Jur\u00eddica:<\/b><span style=\"font-weight: 400;\"> Miranda, Maia &amp; Beninc\u00e1 Advocacia<\/span><\/p><p><b>Assessoria Cont\u00e1bil:<\/b><span style=\"font-weight: 400;\"> Geovana Gava<\/span><\/p><p><b>Apresentado por:<\/b><span style=\"font-weight: 400;\"> Minist\u00e9rio da Cultura<\/span><\/p><p><b>Realiza\u00e7\u00e3o:<\/b><span style=\"font-weight: 400;\"> WB Produ\u00e7\u00f5es<\/span><\/p><p>\u00a0<\/p>\t\t\t\t\t<\/div>\n\t\t\t\t\t\t<\/div>\n\t\t\t\t<\/div>\n\t\t\t\t\t\t<\/div>\n\t\t\t\t\t<\/div>\n\t\t<\/div>\n\t\t\t\t\t\t\t\t<\/div>\n\t\t\t\t\t<\/div>\n\t\t<\/section>\n\t\t\t\t\t\t<\/div>\n\t\t\t\t\t<\/div>\n\t\t<\/div>\n\t\t\t\t\t\t\t\t<\/div>\n\t\t\t\t\t<\/div>\n\t\t<\/section>\n\t\t\t\t\t\t<\/div>\n\t\t\t\t\t\t<\/div>\n\t\t\t\t\t<\/div>\n\t\t","protected":false},"excerpt":{"rendered":"<p>CLIQUE E CONHE\u00c7A O PROJETO A Geladeira M\u00e1gica &#8220;A Geladeira M\u00e1gica&#8221; \u00e9 um espet\u00e1culo de sucesso que est\u00e1 h\u00e1 5 anos em cartaz. Estreou em 2019, e j\u00e1 foi apresentada em mais de 70 sess\u00f5es em diferentes formatos, como teatros, escolas, pra\u00e7as p\u00fablicas, lives e at\u00e9 drive-in, tendo sido assistida por mais de 25 mil [&hellip;]<\/p>\n","protected":false},"author":2,"featured_media":151713,"parent":0,"menu_order":0,"comment_status":"closed","ping_status":"closed","template":"","meta":[],"acf":[],"_links":{"self":[{"href":"https:\/\/wbproducoes.com\/en\/wp-json\/wp\/v2\/pages\/139319"}],"collection":[{"href":"https:\/\/wbproducoes.com\/en\/wp-json\/wp\/v2\/pages"}],"about":[{"href":"https:\/\/wbproducoes.com\/en\/wp-json\/wp\/v2\/types\/page"}],"author":[{"embeddable":true,"href":"https:\/\/wbproducoes.com\/en\/wp-json\/wp\/v2\/users\/2"}],"replies":[{"embeddable":true,"href":"https:\/\/wbproducoes.com\/en\/wp-json\/wp\/v2\/comments?post=139319"}],"version-history":[{"count":38,"href":"https:\/\/wbproducoes.com\/en\/wp-json\/wp\/v2\/pages\/139319\/revisions"}],"predecessor-version":[{"id":151720,"href":"https:\/\/wbproducoes.com\/en\/wp-json\/wp\/v2\/pages\/139319\/revisions\/151720"}],"wp:featuredmedia":[{"embeddable":true,"href":"https:\/\/wbproducoes.com\/en\/wp-json\/wp\/v2\/media\/151713"}],"wp:attachment":[{"href":"https:\/\/wbproducoes.com\/en\/wp-json\/wp\/v2\/media?parent=139319"}],"curies":[{"name":"wp","href":"https:\/\/api.w.org\/{rel}","templated":true}]}}