{"id":150141,"date":"2025-10-15T17:20:04","date_gmt":"2025-10-15T20:20:04","guid":{"rendered":"https:\/\/wbproducoes.com\/?page_id=150141"},"modified":"2025-10-29T13:57:27","modified_gmt":"2025-10-29T16:57:27","slug":"tres-mulheres-altas","status":"publish","type":"page","link":"https:\/\/wbproducoes.com\/en\/tres-mulheres-altas\/","title":{"rendered":"Tr\u00eas Mulheres Altas"},"content":{"rendered":"\t\t<div data-elementor-type=\"wp-post\" data-elementor-id=\"150141\" data-post-id=\"150141\" data-obj-id=\"150141\" class=\"elementor elementor-150141 dce-elementor-post-150141\" data-elementor-settings=\"[]\">\n\t\t\t\t\t\t<div class=\"elementor-inner\">\n\t\t\t\t\t\t\t<div class=\"elementor-section-wrap\">\n\t\t\t\t\t\t\t<section class=\"elementor-section elementor-top-section elementor-element elementor-element-36318bfb elementor-section-stretched elementor-section-full_width elementor-section-height-default elementor-section-height-default\" data-id=\"36318bfb\" data-element_type=\"section\" data-settings=\"{&quot;jet_parallax_layout_list&quot;:[{&quot;jet_parallax_layout_image&quot;:{&quot;url&quot;:&quot;&quot;,&quot;id&quot;:&quot;&quot;},&quot;_id&quot;:&quot;1501345&quot;,&quot;jet_parallax_layout_image_tablet&quot;:{&quot;url&quot;:&quot;&quot;,&quot;id&quot;:&quot;&quot;},&quot;jet_parallax_layout_image_mobile&quot;:{&quot;url&quot;:&quot;&quot;,&quot;id&quot;:&quot;&quot;},&quot;jet_parallax_layout_speed&quot;:{&quot;unit&quot;:&quot;%&quot;,&quot;size&quot;:50,&quot;sizes&quot;:[]},&quot;jet_parallax_layout_type&quot;:&quot;scroll&quot;,&quot;jet_parallax_layout_direction&quot;:null,&quot;jet_parallax_layout_fx_direction&quot;:null,&quot;jet_parallax_layout_z_index&quot;:&quot;&quot;,&quot;jet_parallax_layout_bg_x&quot;:50,&quot;jet_parallax_layout_bg_x_tablet&quot;:&quot;&quot;,&quot;jet_parallax_layout_bg_x_mobile&quot;:&quot;&quot;,&quot;jet_parallax_layout_bg_y&quot;:50,&quot;jet_parallax_layout_bg_y_tablet&quot;:&quot;&quot;,&quot;jet_parallax_layout_bg_y_mobile&quot;:&quot;&quot;,&quot;jet_parallax_layout_bg_size&quot;:&quot;auto&quot;,&quot;jet_parallax_layout_bg_size_tablet&quot;:&quot;&quot;,&quot;jet_parallax_layout_bg_size_mobile&quot;:&quot;&quot;,&quot;jet_parallax_layout_animation_prop&quot;:&quot;transform&quot;,&quot;jet_parallax_layout_on&quot;:[&quot;desktop&quot;,&quot;tablet&quot;]}],&quot;stretch_section&quot;:&quot;section-stretched&quot;,&quot;background_background&quot;:&quot;classic&quot;}\">\n\t\t\t\t\t\t<div class=\"elementor-container elementor-column-gap-no\">\n\t\t\t\t\t\t\t<div class=\"elementor-row\">\n\t\t\t\t\t<div class=\"elementor-column elementor-col-100 elementor-top-column elementor-element elementor-element-d9d26ae\" data-id=\"d9d26ae\" data-element_type=\"column\">\n\t\t\t<div class=\"elementor-column-wrap elementor-element-populated\">\n\t\t\t\t\t\t\t<div class=\"elementor-widget-wrap\">\n\t\t\t\t\t\t<div class=\"elementor-element elementor-element-467cd848 dce_masking-none elementor-widget elementor-widget-image\" data-id=\"467cd848\" data-element_type=\"widget\" data-widget_type=\"image.default\">\n\t\t\t\t<div class=\"elementor-widget-container\">\n\t\t\t\t\t\t\t\t<div class=\"elementor-image\">\n\t\t\t\t\t\t\t\t\t\t\t\t<img decoding=\"async\" width=\"1620\" height=\"616\" src=\"https:\/\/wbproducoes.com\/wp-content\/uploads\/2025\/10\/banner_projeto_site_tres_mulheres_altas.jpg\" class=\"attachment-full size-full\" alt=\"\" loading=\"lazy\" srcset=\"https:\/\/wbproducoes.com\/wp-content\/uploads\/2025\/10\/banner_projeto_site_tres_mulheres_altas.jpg 1620w, https:\/\/wbproducoes.com\/wp-content\/uploads\/2025\/10\/banner_projeto_site_tres_mulheres_altas-300x114.jpg 300w, https:\/\/wbproducoes.com\/wp-content\/uploads\/2025\/10\/banner_projeto_site_tres_mulheres_altas-1024x389.jpg 1024w, https:\/\/wbproducoes.com\/wp-content\/uploads\/2025\/10\/banner_projeto_site_tres_mulheres_altas-768x292.jpg 768w, https:\/\/wbproducoes.com\/wp-content\/uploads\/2025\/10\/banner_projeto_site_tres_mulheres_altas-1536x584.jpg 1536w\" sizes=\"(max-width: 1620px) 100vw, 1620px\" \/>\t\t\t\t\t\t\t\t\t\t\t\t\t\t<\/div>\n\t\t\t\t\t\t<\/div>\n\t\t\t\t<\/div>\n\t\t\t\t\t\t<\/div>\n\t\t\t\t\t<\/div>\n\t\t<\/div>\n\t\t\t\t\t\t\t\t<\/div>\n\t\t\t\t\t<\/div>\n\t\t<\/section>\n\t\t\t\t<section data-dce-background-overlay-color=\"rgba(220,183,124,0)\" data-dce-background-image-url=\"https:\/\/d1mcpktd27z5n0.cloudfront.net\/cdn\/wbproducoes\/site\/2019\/08\/23201218\/BACKGROUD-SITE-PROJETOS-7.jpg\" class=\"elementor-section elementor-top-section elementor-element elementor-element-41b573e2 elementor-reverse-mobile elementor-section-stretched elementor-section-boxed elementor-section-height-default elementor-section-height-default\" data-id=\"41b573e2\" data-element_type=\"section\" data-settings=\"{&quot;jet_parallax_layout_list&quot;:[{&quot;jet_parallax_layout_image&quot;:{&quot;url&quot;:&quot;&quot;,&quot;id&quot;:&quot;&quot;},&quot;_id&quot;:&quot;0f1a79a&quot;,&quot;jet_parallax_layout_image_tablet&quot;:{&quot;url&quot;:&quot;&quot;,&quot;id&quot;:&quot;&quot;},&quot;jet_parallax_layout_image_mobile&quot;:{&quot;url&quot;:&quot;&quot;,&quot;id&quot;:&quot;&quot;},&quot;jet_parallax_layout_speed&quot;:{&quot;unit&quot;:&quot;%&quot;,&quot;size&quot;:50,&quot;sizes&quot;:[]},&quot;jet_parallax_layout_type&quot;:&quot;scroll&quot;,&quot;jet_parallax_layout_direction&quot;:null,&quot;jet_parallax_layout_fx_direction&quot;:null,&quot;jet_parallax_layout_z_index&quot;:&quot;&quot;,&quot;jet_parallax_layout_bg_x&quot;:50,&quot;jet_parallax_layout_bg_x_tablet&quot;:&quot;&quot;,&quot;jet_parallax_layout_bg_x_mobile&quot;:&quot;&quot;,&quot;jet_parallax_layout_bg_y&quot;:50,&quot;jet_parallax_layout_bg_y_tablet&quot;:&quot;&quot;,&quot;jet_parallax_layout_bg_y_mobile&quot;:&quot;&quot;,&quot;jet_parallax_layout_bg_size&quot;:&quot;auto&quot;,&quot;jet_parallax_layout_bg_size_tablet&quot;:&quot;&quot;,&quot;jet_parallax_layout_bg_size_mobile&quot;:&quot;&quot;,&quot;jet_parallax_layout_animation_prop&quot;:&quot;transform&quot;,&quot;jet_parallax_layout_on&quot;:[&quot;desktop&quot;,&quot;tablet&quot;]}],&quot;background_background&quot;:&quot;classic&quot;,&quot;stretch_section&quot;:&quot;section-stretched&quot;}\">\n\t\t\t\t\t\t\t<div class=\"elementor-background-overlay\"><\/div>\n\t\t\t\t\t\t\t<div class=\"elementor-container elementor-column-gap-wide\">\n\t\t\t\t\t\t\t<div class=\"elementor-row\">\n\t\t\t\t\t<div class=\"elementor-column elementor-col-100 elementor-top-column elementor-element elementor-element-34db198a\" data-id=\"34db198a\" data-element_type=\"column\">\n\t\t\t<div class=\"elementor-column-wrap elementor-element-populated\">\n\t\t\t\t\t\t\t<div class=\"elementor-widget-wrap\">\n\t\t\t\t\t\t<section class=\"elementor-section elementor-inner-section elementor-element elementor-element-175fce4c elementor-section-boxed elementor-section-height-default elementor-section-height-default\" data-id=\"175fce4c\" data-element_type=\"section\" data-settings=\"{&quot;jet_parallax_layout_list&quot;:[{&quot;jet_parallax_layout_image&quot;:{&quot;url&quot;:&quot;&quot;,&quot;id&quot;:&quot;&quot;},&quot;_id&quot;:&quot;5776833&quot;,&quot;jet_parallax_layout_image_tablet&quot;:{&quot;url&quot;:&quot;&quot;,&quot;id&quot;:&quot;&quot;},&quot;jet_parallax_layout_image_mobile&quot;:{&quot;url&quot;:&quot;&quot;,&quot;id&quot;:&quot;&quot;},&quot;jet_parallax_layout_speed&quot;:{&quot;unit&quot;:&quot;%&quot;,&quot;size&quot;:50,&quot;sizes&quot;:[]},&quot;jet_parallax_layout_type&quot;:&quot;scroll&quot;,&quot;jet_parallax_layout_direction&quot;:null,&quot;jet_parallax_layout_fx_direction&quot;:null,&quot;jet_parallax_layout_z_index&quot;:&quot;&quot;,&quot;jet_parallax_layout_bg_x&quot;:50,&quot;jet_parallax_layout_bg_x_tablet&quot;:&quot;&quot;,&quot;jet_parallax_layout_bg_x_mobile&quot;:&quot;&quot;,&quot;jet_parallax_layout_bg_y&quot;:50,&quot;jet_parallax_layout_bg_y_tablet&quot;:&quot;&quot;,&quot;jet_parallax_layout_bg_y_mobile&quot;:&quot;&quot;,&quot;jet_parallax_layout_bg_size&quot;:&quot;auto&quot;,&quot;jet_parallax_layout_bg_size_tablet&quot;:&quot;&quot;,&quot;jet_parallax_layout_bg_size_mobile&quot;:&quot;&quot;,&quot;jet_parallax_layout_animation_prop&quot;:&quot;transform&quot;,&quot;jet_parallax_layout_on&quot;:[&quot;desktop&quot;,&quot;tablet&quot;]}]}\">\n\t\t\t\t\t\t<div class=\"elementor-container elementor-column-gap-default\">\n\t\t\t\t\t\t\t<div class=\"elementor-row\">\n\t\t\t\t\t<div class=\"elementor-column elementor-col-50 elementor-inner-column elementor-element elementor-element-28081a69\" data-id=\"28081a69\" data-element_type=\"column\">\n\t\t\t<div class=\"elementor-column-wrap elementor-element-populated\">\n\t\t\t\t\t\t\t<div class=\"elementor-widget-wrap\">\n\t\t\t\t\t\t<div class=\"elementor-element elementor-element-94fb7e2 elementor-widget elementor-widget-button\" data-id=\"94fb7e2\" data-element_type=\"widget\" data-widget_type=\"button.default\">\n\t\t\t\t<div class=\"elementor-widget-container\">\n\t\t\t\t\t<div class=\"elementor-button-wrapper\">\n\t\t\t<a href=\"https:\/\/wbproducoes.com\/wp-content\/uploads\/2025\/10\/Tres-Mulheres-Altas-Circulacao-2026.pdf\" class=\"elementor-button-link elementor-button elementor-size-sm\" role=\"button\">\n\t\t\t\t\t\t<span class=\"elementor-button-content-wrapper\">\n\t\t\t\t\t\t<span class=\"elementor-button-icon elementor-align-icon-right\">\n\t\t\t\t<i aria-hidden=\"true\" class=\"fas fa-file-pdf\"><\/i>\t\t\t<\/span>\n\t\t\t\t\t\t<span class=\"elementor-button-text\">CLIQUE E CONHE\u00c7A O PROJETO<\/span>\n\t\t<\/span>\n\t\t\t\t\t<\/a>\n\t\t<\/div>\n\t\t\t\t<\/div>\n\t\t\t\t<\/div>\n\t\t\t\t\t\t<\/div>\n\t\t\t\t\t<\/div>\n\t\t<\/div>\n\t\t\t\t<div class=\"elementor-column elementor-col-50 elementor-inner-column elementor-element elementor-element-fe69a34\" data-id=\"fe69a34\" data-element_type=\"column\">\n\t\t\t<div class=\"elementor-column-wrap elementor-element-populated\">\n\t\t\t\t\t\t\t<div class=\"elementor-widget-wrap\">\n\t\t\t\t\t\t<div class=\"elementor-element elementor-element-71d81e77 elementor-widget elementor-widget-heading\" data-id=\"71d81e77\" data-element_type=\"widget\" data-widget_type=\"heading.default\">\n\t\t\t\t<div class=\"elementor-widget-container\">\n\t\t\t<h2 class=\"elementor-heading-title elementor-size-default\">Tr\u00eas Mulheres Altas<\/h2>\t\t<\/div>\n\t\t\t\t<\/div>\n\t\t\t\t<div class=\"elementor-element elementor-element-7bff46cd elementor-widget elementor-widget-text-editor\" data-id=\"7bff46cd\" data-element_type=\"widget\" data-widget_type=\"text-editor.default\">\n\t\t\t\t<div class=\"elementor-widget-container\">\n\t\t\t\t\t\t\t\t<div class=\"elementor-text-editor elementor-clearfix\">\n\t\t\t\t<p><strong>TR\u00caS MULHERES ALTAS<\/strong><br \/><strong>Com Ana Rosa, Helena Ranaldi e Fernanda Nobre<\/strong><\/p><p>O cl\u00e1ssico de Edward Albee ganha uma nova turn\u00ea em 2026, e 10 novas cidades ser\u00e3o contempladas com este projeto\u00a0<br \/>As atrizes estrelam a montagem que j\u00e1 passou por 21 cidades, acumula indica\u00e7\u00f5es a pr\u00eamios e j\u00e1 foi assistida por mais de 100 mil espectadores. Dirigida por Fernando Philbert, a pe\u00e7a \u2014 que rendeu o Pr\u00eamio Pulitzer ao autor \u2014 traz uma com\u00e9dia mordaz que reflete sobre a passagem do tempo por meio de um acerto de contas entre tr\u00eas gera\u00e7\u00f5es.<\/p><p>Escrita por Edward Albee (1928-2016) no in\u00edcio da d\u00e9cada de 90, \u2018Tr\u00eas Mulheres Altas\u2019 logo se tornou um cl\u00e1ssico da dramaturgia contempor\u00e2nea. Perversamente engra\u00e7ada \u2013 como \u00e9 a marca do autor \u2013 A pe\u00e7a recebeu o Pr\u00eamio Pulitzer e ganhou bem-sucedidas montagens pelo mundo, ao trazer o embate de tr\u00eas mulheres em diferentes fases da vida: juventude, maturidade e velhice. Dirigida por Fernando Philbert, a nova vers\u00e3o da pe\u00e7a que traz no elenco Ana Rosa, Helena Ranaldi e Fernanda Nobre, tem tradu\u00e7\u00e3o de Gustavo Pinheiro e produ\u00e7\u00e3o da WB Entretenimento de Bruna Dornellas e Wesley Telles. Em seu quinto ano consecutivo em cartaz, o espet\u00e1culo segue colecionando plateias lotadas e reconhecimento por onde passa. Nesse percurso a montagem recebeu indica\u00e7\u00f5es a grandes pr\u00eamios, como: Cesgranrio, Bibi Ferreira e Cenym.<\/p><p><strong>SINOPSE<\/strong><br \/>Em cena, as atrizes interpretam tr\u00eas mulheres, batizadas pelo autor apenas pelas letras A, B e C. A mais velha (Ana Rosa), que j\u00e1 passou dos 90, est\u00e1 doente e embaralha mem\u00f3rias e acontecimentos, enquanto repassa a sua vida para a personagem B (Helena Ranaldi), apresentada como uma esp\u00e9cie de cuidadora ou dama de companhia. A mais jovem, C (Fernanda Nobre), \u00e9 uma advogada respons\u00e1vel por administrar os bens e recursos da idosa, que n\u00e3o consegue mais lidar com as quest\u00f5es financeiras e burocr\u00e1ticas.<br \/>Entre os muitos embates travados pelas tr\u00eas, a grande protagonista do espet\u00e1culo \u00e9 a passagem do tempo e tamb\u00e9m a forma com que lidamos com o envelhecimento. \u2018O texto do Albee nos faz refletir sobre \u2018qual \u00e9 a melhor fase da vida?\u2019, al\u00e9m de quest\u00f5es sobre o olhar da juventude para a velhice, sobre a pessoa de 50 anos que tamb\u00e9m j\u00e1 acha que sabe tudo e, fundamentalmente, sobre o que n\u00f3s fazemos com o tempo que nos resta. Apesar dos temas profundos, a pe\u00e7a \u00e9 uma com\u00e9dia em que rimos de n\u00f3s mesmos\u2019, analisa o diretor Fernando Philbert.<\/p>\t\t\t\t\t<\/div>\n\t\t\t\t\t\t<\/div>\n\t\t\t\t<\/div>\n\t\t\t\t<div class=\"elementor-element elementor-element-3d5716f9 elementor-widget elementor-widget-heading\" data-id=\"3d5716f9\" data-element_type=\"widget\" data-widget_type=\"heading.default\">\n\t\t\t\t<div class=\"elementor-widget-container\">\n\t\t\t<h2 class=\"elementor-heading-title elementor-size-default\">Ficha T\u00e9cnica<\/h2>\t\t<\/div>\n\t\t\t\t<\/div>\n\t\t\t\t<div class=\"elementor-element elementor-element-483d9844 elementor-widget elementor-widget-text-editor\" data-id=\"483d9844\" data-element_type=\"widget\" data-widget_type=\"text-editor.default\">\n\t\t\t\t<div class=\"elementor-widget-container\">\n\t\t\t\t\t\t\t\t<div class=\"elementor-text-editor elementor-clearfix\">\n\t\t\t\t<p><strong>Texto: <\/strong>Edward Albee<\/p><p><strong>Dire\u00e7\u00e3o:<\/strong>\u00a0Fernando Philbert<\/p><p><strong>Com:<\/strong> Ana Rosa, Helena Ranaldi e Fernanda Nobre\u00a0 \u00a0 \u00a0 \u00a0 \u00a0<\/p><p><strong>Tradu\u00e7\u00e3o:<\/strong> Gustavo Pinheiro<\/p><p><strong>Produ\u00e7\u00e3o Geral:<\/strong> Bruna Dornellas e Wesley Telles<\/p><p><strong>Desenho de Luz:<\/strong> Vilmar Olos<\/p><p><strong>Cenografia:<\/strong> Nat\u00e1lia Lana<\/p><p><strong>Trilha Sonora:<\/strong> Ma\u00edra Freitas<\/p><p><strong>Figurino e Visagismo:<\/strong> Tiago Ribeiro<\/p><p><strong>Produ\u00e7\u00e3o:<\/strong> WB Produ\u00e7\u00f5es<\/p><p><strong>Realiza\u00e7\u00e3o:<\/strong> Arte Est\u00fadio Entretenimento<\/p>\t\t\t\t\t<\/div>\n\t\t\t\t\t\t<\/div>\n\t\t\t\t<\/div>\n\t\t\t\t\t\t<\/div>\n\t\t\t\t\t<\/div>\n\t\t<\/div>\n\t\t\t\t\t\t\t\t<\/div>\n\t\t\t\t\t<\/div>\n\t\t<\/section>\n\t\t\t\t\t\t<\/div>\n\t\t\t\t\t<\/div>\n\t\t<\/div>\n\t\t\t\t\t\t\t\t<\/div>\n\t\t\t\t\t<\/div>\n\t\t<\/section>\n\t\t\t\t\t\t<\/div>\n\t\t\t\t\t\t<\/div>\n\t\t\t\t\t<\/div>\n\t\t","protected":false},"excerpt":{"rendered":"<p>CLIQUE E CONHE\u00c7A O PROJETO Tr\u00eas Mulheres Altas TR\u00caS MULHERES ALTASCom Ana Rosa, Helena Ranaldi e Fernanda Nobre O cl\u00e1ssico de Edward Albee ganha uma nova turn\u00ea em 2026, e 10 novas cidades ser\u00e3o contempladas com este projeto\u00a0As atrizes estrelam a montagem que j\u00e1 passou por 21 cidades, acumula indica\u00e7\u00f5es a pr\u00eamios e j\u00e1 foi [&hellip;]<\/p>\n","protected":false},"author":2,"featured_media":0,"parent":0,"menu_order":0,"comment_status":"closed","ping_status":"closed","template":"","meta":[],"acf":[],"_links":{"self":[{"href":"https:\/\/wbproducoes.com\/en\/wp-json\/wp\/v2\/pages\/150141"}],"collection":[{"href":"https:\/\/wbproducoes.com\/en\/wp-json\/wp\/v2\/pages"}],"about":[{"href":"https:\/\/wbproducoes.com\/en\/wp-json\/wp\/v2\/types\/page"}],"author":[{"embeddable":true,"href":"https:\/\/wbproducoes.com\/en\/wp-json\/wp\/v2\/users\/2"}],"replies":[{"embeddable":true,"href":"https:\/\/wbproducoes.com\/en\/wp-json\/wp\/v2\/comments?post=150141"}],"version-history":[{"count":10,"href":"https:\/\/wbproducoes.com\/en\/wp-json\/wp\/v2\/pages\/150141\/revisions"}],"predecessor-version":[{"id":151692,"href":"https:\/\/wbproducoes.com\/en\/wp-json\/wp\/v2\/pages\/150141\/revisions\/151692"}],"wp:attachment":[{"href":"https:\/\/wbproducoes.com\/en\/wp-json\/wp\/v2\/media?parent=150141"}],"curies":[{"name":"wp","href":"https:\/\/api.w.org\/{rel}","templated":true}]}}