{"id":151748,"date":"2025-10-31T17:32:03","date_gmt":"2025-10-31T20:32:03","guid":{"rendered":"https:\/\/wbproducoes.com\/?page_id=151748"},"modified":"2026-01-15T11:04:38","modified_gmt":"2026-01-15T14:04:38","slug":"vapo-com-lara-santana","status":"publish","type":"page","link":"https:\/\/wbproducoes.com\/en\/vapo-com-lara-santana\/","title":{"rendered":"PROJETO &#8211; Procura-se Lara Santana"},"content":{"rendered":"\t\t<div data-elementor-type=\"wp-post\" data-elementor-id=\"151748\" data-post-id=\"151748\" data-obj-id=\"151748\" class=\"elementor elementor-151748 dce-elementor-post-151748\" data-elementor-settings=\"[]\">\n\t\t\t\t\t\t<div class=\"elementor-inner\">\n\t\t\t\t\t\t\t<div class=\"elementor-section-wrap\">\n\t\t\t\t\t\t\t<section class=\"elementor-section elementor-top-section elementor-element elementor-element-36318bfb elementor-section-stretched elementor-section-full_width elementor-section-height-default elementor-section-height-default\" data-id=\"36318bfb\" data-element_type=\"section\" data-settings=\"{&quot;jet_parallax_layout_list&quot;:[{&quot;jet_parallax_layout_image&quot;:{&quot;url&quot;:&quot;&quot;,&quot;id&quot;:&quot;&quot;},&quot;_id&quot;:&quot;1501345&quot;,&quot;jet_parallax_layout_image_tablet&quot;:{&quot;url&quot;:&quot;&quot;,&quot;id&quot;:&quot;&quot;},&quot;jet_parallax_layout_image_mobile&quot;:{&quot;url&quot;:&quot;&quot;,&quot;id&quot;:&quot;&quot;},&quot;jet_parallax_layout_speed&quot;:{&quot;unit&quot;:&quot;%&quot;,&quot;size&quot;:50,&quot;sizes&quot;:[]},&quot;jet_parallax_layout_type&quot;:&quot;scroll&quot;,&quot;jet_parallax_layout_direction&quot;:null,&quot;jet_parallax_layout_fx_direction&quot;:null,&quot;jet_parallax_layout_z_index&quot;:&quot;&quot;,&quot;jet_parallax_layout_bg_x&quot;:50,&quot;jet_parallax_layout_bg_x_tablet&quot;:&quot;&quot;,&quot;jet_parallax_layout_bg_x_mobile&quot;:&quot;&quot;,&quot;jet_parallax_layout_bg_y&quot;:50,&quot;jet_parallax_layout_bg_y_tablet&quot;:&quot;&quot;,&quot;jet_parallax_layout_bg_y_mobile&quot;:&quot;&quot;,&quot;jet_parallax_layout_bg_size&quot;:&quot;auto&quot;,&quot;jet_parallax_layout_bg_size_tablet&quot;:&quot;&quot;,&quot;jet_parallax_layout_bg_size_mobile&quot;:&quot;&quot;,&quot;jet_parallax_layout_animation_prop&quot;:&quot;transform&quot;,&quot;jet_parallax_layout_on&quot;:[&quot;desktop&quot;,&quot;tablet&quot;]}],&quot;stretch_section&quot;:&quot;section-stretched&quot;,&quot;background_background&quot;:&quot;classic&quot;}\">\n\t\t\t\t\t\t<div class=\"elementor-container elementor-column-gap-no\">\n\t\t\t\t\t\t\t<div class=\"elementor-row\">\n\t\t\t\t\t<div class=\"elementor-column elementor-col-100 elementor-top-column elementor-element elementor-element-d9d26ae\" data-id=\"d9d26ae\" data-element_type=\"column\">\n\t\t\t<div class=\"elementor-column-wrap elementor-element-populated\">\n\t\t\t\t\t\t\t<div class=\"elementor-widget-wrap\">\n\t\t\t\t\t\t<div class=\"elementor-element elementor-element-467cd848 dce_masking-none elementor-widget elementor-widget-image\" data-id=\"467cd848\" data-element_type=\"widget\" data-widget_type=\"image.default\">\n\t\t\t\t<div class=\"elementor-widget-container\">\n\t\t\t\t\t\t\t\t<div class=\"elementor-image\">\n\t\t\t\t\t\t\t\t\t\t\t\t<img decoding=\"async\" width=\"1620\" height=\"616\" src=\"https:\/\/wbproducoes.com\/wp-content\/uploads\/2025\/10\/site-1.png\" class=\"attachment-full size-full\" alt=\"\" loading=\"lazy\" srcset=\"https:\/\/wbproducoes.com\/wp-content\/uploads\/2025\/10\/site-1.png 1620w, https:\/\/wbproducoes.com\/wp-content\/uploads\/2025\/10\/site-1-300x114.png 300w, https:\/\/wbproducoes.com\/wp-content\/uploads\/2025\/10\/site-1-1024x389.png 1024w, https:\/\/wbproducoes.com\/wp-content\/uploads\/2025\/10\/site-1-768x292.png 768w, https:\/\/wbproducoes.com\/wp-content\/uploads\/2025\/10\/site-1-1536x584.png 1536w\" sizes=\"(max-width: 1620px) 100vw, 1620px\" \/>\t\t\t\t\t\t\t\t\t\t\t\t\t\t<\/div>\n\t\t\t\t\t\t<\/div>\n\t\t\t\t<\/div>\n\t\t\t\t\t\t<\/div>\n\t\t\t\t\t<\/div>\n\t\t<\/div>\n\t\t\t\t\t\t\t\t<\/div>\n\t\t\t\t\t<\/div>\n\t\t<\/section>\n\t\t\t\t<section data-dce-background-overlay-color=\"rgba(220,183,124,0)\" data-dce-background-image-url=\"https:\/\/d1mcpktd27z5n0.cloudfront.net\/cdn\/wbproducoes\/site\/2019\/08\/23201218\/BACKGROUD-SITE-PROJETOS-7.jpg\" class=\"elementor-section elementor-top-section elementor-element elementor-element-41b573e2 elementor-reverse-mobile elementor-section-stretched elementor-section-boxed elementor-section-height-default elementor-section-height-default\" data-id=\"41b573e2\" data-element_type=\"section\" data-settings=\"{&quot;jet_parallax_layout_list&quot;:[{&quot;jet_parallax_layout_image&quot;:{&quot;url&quot;:&quot;&quot;,&quot;id&quot;:&quot;&quot;},&quot;_id&quot;:&quot;0f1a79a&quot;,&quot;jet_parallax_layout_image_tablet&quot;:{&quot;url&quot;:&quot;&quot;,&quot;id&quot;:&quot;&quot;},&quot;jet_parallax_layout_image_mobile&quot;:{&quot;url&quot;:&quot;&quot;,&quot;id&quot;:&quot;&quot;},&quot;jet_parallax_layout_speed&quot;:{&quot;unit&quot;:&quot;%&quot;,&quot;size&quot;:50,&quot;sizes&quot;:[]},&quot;jet_parallax_layout_type&quot;:&quot;scroll&quot;,&quot;jet_parallax_layout_direction&quot;:null,&quot;jet_parallax_layout_fx_direction&quot;:null,&quot;jet_parallax_layout_z_index&quot;:&quot;&quot;,&quot;jet_parallax_layout_bg_x&quot;:50,&quot;jet_parallax_layout_bg_x_tablet&quot;:&quot;&quot;,&quot;jet_parallax_layout_bg_x_mobile&quot;:&quot;&quot;,&quot;jet_parallax_layout_bg_y&quot;:50,&quot;jet_parallax_layout_bg_y_tablet&quot;:&quot;&quot;,&quot;jet_parallax_layout_bg_y_mobile&quot;:&quot;&quot;,&quot;jet_parallax_layout_bg_size&quot;:&quot;auto&quot;,&quot;jet_parallax_layout_bg_size_tablet&quot;:&quot;&quot;,&quot;jet_parallax_layout_bg_size_mobile&quot;:&quot;&quot;,&quot;jet_parallax_layout_animation_prop&quot;:&quot;transform&quot;,&quot;jet_parallax_layout_on&quot;:[&quot;desktop&quot;,&quot;tablet&quot;]}],&quot;background_background&quot;:&quot;classic&quot;,&quot;stretch_section&quot;:&quot;section-stretched&quot;}\">\n\t\t\t\t\t\t\t<div class=\"elementor-background-overlay\"><\/div>\n\t\t\t\t\t\t\t<div class=\"elementor-container elementor-column-gap-wide\">\n\t\t\t\t\t\t\t<div class=\"elementor-row\">\n\t\t\t\t\t<div class=\"elementor-column elementor-col-100 elementor-top-column elementor-element elementor-element-34db198a\" data-id=\"34db198a\" data-element_type=\"column\">\n\t\t\t<div class=\"elementor-column-wrap elementor-element-populated\">\n\t\t\t\t\t\t\t<div class=\"elementor-widget-wrap\">\n\t\t\t\t\t\t<section class=\"elementor-section elementor-inner-section elementor-element elementor-element-175fce4c elementor-section-boxed elementor-section-height-default elementor-section-height-default\" data-id=\"175fce4c\" data-element_type=\"section\" data-settings=\"{&quot;jet_parallax_layout_list&quot;:[{&quot;jet_parallax_layout_image&quot;:{&quot;url&quot;:&quot;&quot;,&quot;id&quot;:&quot;&quot;},&quot;_id&quot;:&quot;5776833&quot;,&quot;jet_parallax_layout_image_tablet&quot;:{&quot;url&quot;:&quot;&quot;,&quot;id&quot;:&quot;&quot;},&quot;jet_parallax_layout_image_mobile&quot;:{&quot;url&quot;:&quot;&quot;,&quot;id&quot;:&quot;&quot;},&quot;jet_parallax_layout_speed&quot;:{&quot;unit&quot;:&quot;%&quot;,&quot;size&quot;:50,&quot;sizes&quot;:[]},&quot;jet_parallax_layout_type&quot;:&quot;scroll&quot;,&quot;jet_parallax_layout_direction&quot;:null,&quot;jet_parallax_layout_fx_direction&quot;:null,&quot;jet_parallax_layout_z_index&quot;:&quot;&quot;,&quot;jet_parallax_layout_bg_x&quot;:50,&quot;jet_parallax_layout_bg_x_tablet&quot;:&quot;&quot;,&quot;jet_parallax_layout_bg_x_mobile&quot;:&quot;&quot;,&quot;jet_parallax_layout_bg_y&quot;:50,&quot;jet_parallax_layout_bg_y_tablet&quot;:&quot;&quot;,&quot;jet_parallax_layout_bg_y_mobile&quot;:&quot;&quot;,&quot;jet_parallax_layout_bg_size&quot;:&quot;auto&quot;,&quot;jet_parallax_layout_bg_size_tablet&quot;:&quot;&quot;,&quot;jet_parallax_layout_bg_size_mobile&quot;:&quot;&quot;,&quot;jet_parallax_layout_animation_prop&quot;:&quot;transform&quot;,&quot;jet_parallax_layout_on&quot;:[&quot;desktop&quot;,&quot;tablet&quot;]}]}\">\n\t\t\t\t\t\t<div class=\"elementor-container elementor-column-gap-default\">\n\t\t\t\t\t\t\t<div class=\"elementor-row\">\n\t\t\t\t\t<div class=\"elementor-column elementor-col-50 elementor-inner-column elementor-element elementor-element-28081a69\" data-id=\"28081a69\" data-element_type=\"column\">\n\t\t\t<div class=\"elementor-column-wrap elementor-element-populated\">\n\t\t\t\t\t\t\t<div class=\"elementor-widget-wrap\">\n\t\t\t\t\t\t<div class=\"elementor-element elementor-element-94fb7e2 elementor-widget elementor-widget-button\" data-id=\"94fb7e2\" data-element_type=\"widget\" data-widget_type=\"button.default\">\n\t\t\t\t<div class=\"elementor-widget-container\">\n\t\t\t\t\t<div class=\"elementor-button-wrapper\">\n\t\t\t<a href=\"https:\/\/wbproducoes.com\/wp-content\/uploads\/2025\/10\/vapo_larasantana.pdf\" class=\"elementor-button-link elementor-button elementor-size-sm\" role=\"button\">\n\t\t\t\t\t\t<span class=\"elementor-button-content-wrapper\">\n\t\t\t\t\t\t<span class=\"elementor-button-icon elementor-align-icon-right\">\n\t\t\t\t<i aria-hidden=\"true\" class=\"fas fa-file-pdf\"><\/i>\t\t\t<\/span>\n\t\t\t\t\t\t<span class=\"elementor-button-text\">CLIQUE E CONHE\u00c7A O PROJETO<\/span>\n\t\t<\/span>\n\t\t\t\t\t<\/a>\n\t\t<\/div>\n\t\t\t\t<\/div>\n\t\t\t\t<\/div>\n\t\t\t\t\t\t<\/div>\n\t\t\t\t\t<\/div>\n\t\t<\/div>\n\t\t\t\t<div class=\"elementor-column elementor-col-50 elementor-inner-column elementor-element elementor-element-fe69a34\" data-id=\"fe69a34\" data-element_type=\"column\">\n\t\t\t<div class=\"elementor-column-wrap elementor-element-populated\">\n\t\t\t\t\t\t\t<div class=\"elementor-widget-wrap\">\n\t\t\t\t\t\t<div class=\"elementor-element elementor-element-71d81e77 elementor-widget elementor-widget-heading\" data-id=\"71d81e77\" data-element_type=\"widget\" data-widget_type=\"heading.default\">\n\t\t\t\t<div class=\"elementor-widget-container\">\n\t\t\t<h2 class=\"elementor-heading-title elementor-size-default\">Procura-se Lara Santana<\/h2>\t\t<\/div>\n\t\t\t\t<\/div>\n\t\t\t\t<div class=\"elementor-element elementor-element-7bff46cd elementor-widget elementor-widget-text-editor\" data-id=\"7bff46cd\" data-element_type=\"widget\" data-widget_type=\"text-editor.default\">\n\t\t\t\t<div class=\"elementor-widget-container\">\n\t\t\t\t\t\t\t\t<div class=\"elementor-text-editor elementor-clearfix\">\n\t\t\t\t<p class=\"p1\">O espet\u00e1culo<span class=\"s1\"><b>&nbsp;&#8220;Procura-se Lara Santana&#8221;<\/b><\/span>&nbsp;nasce da pot\u00eancia criativa da atriz e&nbsp;<span style=\"font-size: 1rem;\">digital influencer <\/span><span class=\"s2\" style=\"font-size: 1rem;\"><b>Lara Santana<\/b><\/span><span style=\"font-size: 1rem;\">, que tem se destacado por meio de&nbsp;<\/span><span style=\"font-size: 1rem;\">personagens que satirizam, com humor e intelig\u00eancia, estere\u00f3tipos e&nbsp;<\/span><span style=\"font-size: 1rem;\">comportamentos da sociedade contempor\u00e2nea. Com <\/span><span class=\"s2\" style=\"font-size: 1rem;\"><b>milh\u00f5es de&nbsp;<\/b><\/span><span class=\"s2\" style=\"font-size: 1rem;\"><b>visualiza\u00e7\u00f5es nas redes sociais<\/b><\/span><span style=\"font-size: 1rem;\">, Lara cria figuras c\u00f4micas como o Cadu,&nbsp;<\/span><span style=\"font-size: 1rem;\">o &#8220;Heterotop&#8221;<\/span><span style=\"font-size: 1rem;\">, a &#8220;Patricinha&#8221;<\/span><span style=\"font-size: 1rem;\">, o \u201cA m\u00e3e brasileira\u201d<\/span><span style=\"font-size: 1rem;\">,&nbsp;<\/span><span style=\"font-size: 1rem;\">\u201cA crian\u00e7a birrenta&#8221;<\/span><span style=\"font-size: 1rem;\">,&nbsp;<\/span><span style=\"font-size: 1rem;\">oferecendo ao p\u00fablico uma experi\u00eancia de riso e reflex\u00e3o sobre temas<\/span><span style=\"font-size: 1rem;\">,&nbsp;<\/span><span style=\"font-size: 1rem;\">como machismo, elitismo, hipocrisia ideol\u00f3gica e obsess\u00f5es do cotidiano.&nbsp;<\/span><\/p>\n<p class=\"p1\">Neste mon\u00f3logo, Lara Santana se transforma em diferentes arqu\u00e9tipos&nbsp;<span style=\"font-size: 1rem;\">familiares e sociais que todos reconhecem. Cada um, com seu jeito&nbsp;<\/span><span style=\"font-size: 1rem;\">exagerado e c\u00f4mico, constr\u00f3i um retrato divertido e afetivo do cotidiano,&nbsp;<\/span><span style=\"font-size: 1rem;\">mostrando que \u00e9 no caos da fam\u00edlia que encontramos nossas maiores&nbsp;<\/span><span style=\"font-size: 1rem;\">risadas e afetos.<\/span><\/p>\n<p class=\"p1\"><span class=\"s1\"><b>Cadu<\/b><\/span> \u2013 O \u201chetero top\u201d&nbsp;<span style=\"font-size: 1rem;\">, vaidoso, galanteador.&nbsp;<\/span><\/p>\n<p class=\"p1\"><span class=\"s1\" style=\"font-size: 1rem;\"><b>Jana<\/b><\/span><span style=\"font-size: 1rem;\"> \u2013 M\u00e3e caricata brasileira, amorosa e protetora.<\/span><\/p>\n<p class=\"p1\"><span class=\"s1\"><b>Lari<\/b><\/span> \u2013 Namorada patricinha, sempre preocupada com apar\u00eancia.<\/p>\n<p class=\"p1\"><span class=\"s1\"><b>Manu<\/b><\/span> \u2013 Irm\u00e3 adolescente conectada, distra\u00edda e obcecada por&nbsp;<span style=\"font-size: 1rem;\">viralizar no TikTok.<\/span><\/p>\n<p class=\"p1\"><span class=\"s1\"><b>Clara <\/b><\/span>\u2013 Irm\u00e3 mais velha, m\u00e3e exausta que usa humor ir\u00f4nico para&nbsp;<span style=\"font-size: 1rem;\">lidar com o caos.<\/span><\/p>\n<p class=\"p1\"><span class=\"s1\"><b>Junior<\/b><\/span> \u2013 Sobrinho (filho da Clara) incans\u00e1vel, que sempre&nbsp;<span style=\"font-size: 1rem;\">interrompe nos piores momentos e tira a m\u00e3e do s\u00e9rio.<\/span><\/p>\t\t\t\t\t<\/div>\n\t\t\t\t\t\t<\/div>\n\t\t\t\t<\/div>\n\t\t\t\t<div class=\"elementor-element elementor-element-eedf5e3 elementor-widget elementor-widget-heading\" data-id=\"eedf5e3\" data-element_type=\"widget\" data-widget_type=\"heading.default\">\n\t\t\t\t<div class=\"elementor-widget-container\">\n\t\t\t<h2 class=\"elementor-heading-title elementor-size-default\">Ficha T\u00e9cnica<\/h2>\t\t<\/div>\n\t\t\t\t<\/div>\n\t\t\t\t<div class=\"elementor-element elementor-element-dd41b64 elementor-widget elementor-widget-text-editor\" data-id=\"dd41b64\" data-element_type=\"widget\" data-widget_type=\"text-editor.default\">\n\t\t\t\t<div class=\"elementor-widget-container\">\n\t\t\t\t\t\t\t\t<div class=\"elementor-text-editor elementor-clearfix\">\n\t\t\t\t<p style=\"text-align: start;\"><span style=\"font-weight: bolder;\">Texto:\u00a0<\/span><span style=\"font-size: 1rem;\">Gustavo Pinheiro<br \/><\/span><span style=\"font-size: 1rem; font-weight: bolder;\">Dire\u00e7\u00e3o:<\/span><span style=\"font-size: 1rem;\">\u00a0D\u00e9bora Lamm<br \/><\/span><span style=\"font-size: 1rem; font-weight: bolder;\">Com:<\/span><span style=\"font-size: 1rem;\">\u00a0Lara Santana<br \/><\/span><span style=\"font-size: 1rem; font-weight: bolder;\">Produ\u00e7\u00e3o Geral:<\/span><span style=\"font-size: 1rem;\">\u00a0<\/span><span style=\"font-size: 1rem;\">Bruna Dornellas e Wesley Telles<br \/><\/span><span style=\"font-size: 1rem; font-weight: bolder;\">Produ\u00e7\u00e3o:<\/span><span style=\"font-size: 1rem;\">\u00a0<\/span><span style=\"font-size: 1rem;\">WB Produ\u00e7\u00f5es<br \/><\/span><span style=\"font-size: 1rem; font-weight: bolder;\">Realiza\u00e7\u00e3o:<\/span><span style=\"font-size: 1rem;\">\u00a0<\/span><span style=\"font-size: 1rem;\">Arte Est\u00fadio Entretenimento<\/span><\/p>\t\t\t\t\t<\/div>\n\t\t\t\t\t\t<\/div>\n\t\t\t\t<\/div>\n\t\t\t\t\t\t<\/div>\n\t\t\t\t\t<\/div>\n\t\t<\/div>\n\t\t\t\t\t\t\t\t<\/div>\n\t\t\t\t\t<\/div>\n\t\t<\/section>\n\t\t\t\t\t\t<\/div>\n\t\t\t\t\t<\/div>\n\t\t<\/div>\n\t\t\t\t\t\t\t\t<\/div>\n\t\t\t\t\t<\/div>\n\t\t<\/section>\n\t\t\t\t\t\t<\/div>\n\t\t\t\t\t\t<\/div>\n\t\t\t\t\t<\/div>\n\t\t","protected":false},"excerpt":{"rendered":"<p>CLIQUE E CONHE\u00c7A O PROJETO Procura-se Lara Santana O espet\u00e1culo\u00a0&#8220;Procura-se Lara Santana&#8221;\u00a0nasce da pot\u00eancia criativa da atriz e\u00a0digital influencer Lara Santana, que tem se destacado por meio de\u00a0personagens que satirizam, com humor e intelig\u00eancia, estere\u00f3tipos e\u00a0comportamentos da sociedade contempor\u00e2nea. Com milh\u00f5es de\u00a0visualiza\u00e7\u00f5es nas redes sociais, Lara cria figuras c\u00f4micas como o Cadu,\u00a0o &#8220;Heterotop&#8221;, a &#8220;Patricinha&#8221;, [&hellip;]<\/p>\n","protected":false},"author":2,"featured_media":130390,"parent":0,"menu_order":0,"comment_status":"closed","ping_status":"closed","template":"","meta":[],"acf":[],"_links":{"self":[{"href":"https:\/\/wbproducoes.com\/en\/wp-json\/wp\/v2\/pages\/151748"}],"collection":[{"href":"https:\/\/wbproducoes.com\/en\/wp-json\/wp\/v2\/pages"}],"about":[{"href":"https:\/\/wbproducoes.com\/en\/wp-json\/wp\/v2\/types\/page"}],"author":[{"embeddable":true,"href":"https:\/\/wbproducoes.com\/en\/wp-json\/wp\/v2\/users\/2"}],"replies":[{"embeddable":true,"href":"https:\/\/wbproducoes.com\/en\/wp-json\/wp\/v2\/comments?post=151748"}],"version-history":[{"count":18,"href":"https:\/\/wbproducoes.com\/en\/wp-json\/wp\/v2\/pages\/151748\/revisions"}],"predecessor-version":[{"id":154012,"href":"https:\/\/wbproducoes.com\/en\/wp-json\/wp\/v2\/pages\/151748\/revisions\/154012"}],"wp:featuredmedia":[{"embeddable":true,"href":"https:\/\/wbproducoes.com\/en\/wp-json\/wp\/v2\/media\/130390"}],"wp:attachment":[{"href":"https:\/\/wbproducoes.com\/en\/wp-json\/wp\/v2\/media?parent=151748"}],"curies":[{"name":"wp","href":"https:\/\/api.w.org\/{rel}","templated":true}]}}