{"id":151766,"date":"2025-10-31T17:48:40","date_gmt":"2025-10-31T20:48:40","guid":{"rendered":"https:\/\/wbproducoes.com\/?page_id=151766"},"modified":"2025-12-17T14:05:27","modified_gmt":"2025-12-17T17:05:27","slug":"projeto-plaza-suite","status":"publish","type":"page","link":"https:\/\/wbproducoes.com\/en\/projeto-plaza-suite\/","title":{"rendered":"PROJETO &#8211; Plaza Su\u00edte"},"content":{"rendered":"\t\t<div data-elementor-type=\"wp-post\" data-elementor-id=\"151766\" data-post-id=\"151766\" data-obj-id=\"151766\" class=\"elementor elementor-151766 dce-elementor-post-151766\" data-elementor-settings=\"[]\">\n\t\t\t\t\t\t<div class=\"elementor-inner\">\n\t\t\t\t\t\t\t<div class=\"elementor-section-wrap\">\n\t\t\t\t\t\t\t<section class=\"elementor-section elementor-top-section elementor-element elementor-element-36318bfb elementor-section-stretched elementor-section-full_width elementor-section-height-default elementor-section-height-default\" data-id=\"36318bfb\" data-element_type=\"section\" data-settings=\"{&quot;jet_parallax_layout_list&quot;:[{&quot;jet_parallax_layout_image&quot;:{&quot;url&quot;:&quot;&quot;,&quot;id&quot;:&quot;&quot;},&quot;_id&quot;:&quot;1501345&quot;,&quot;jet_parallax_layout_image_tablet&quot;:{&quot;url&quot;:&quot;&quot;,&quot;id&quot;:&quot;&quot;},&quot;jet_parallax_layout_image_mobile&quot;:{&quot;url&quot;:&quot;&quot;,&quot;id&quot;:&quot;&quot;},&quot;jet_parallax_layout_speed&quot;:{&quot;unit&quot;:&quot;%&quot;,&quot;size&quot;:50,&quot;sizes&quot;:[]},&quot;jet_parallax_layout_type&quot;:&quot;scroll&quot;,&quot;jet_parallax_layout_direction&quot;:null,&quot;jet_parallax_layout_fx_direction&quot;:null,&quot;jet_parallax_layout_z_index&quot;:&quot;&quot;,&quot;jet_parallax_layout_bg_x&quot;:50,&quot;jet_parallax_layout_bg_x_tablet&quot;:&quot;&quot;,&quot;jet_parallax_layout_bg_x_mobile&quot;:&quot;&quot;,&quot;jet_parallax_layout_bg_y&quot;:50,&quot;jet_parallax_layout_bg_y_tablet&quot;:&quot;&quot;,&quot;jet_parallax_layout_bg_y_mobile&quot;:&quot;&quot;,&quot;jet_parallax_layout_bg_size&quot;:&quot;auto&quot;,&quot;jet_parallax_layout_bg_size_tablet&quot;:&quot;&quot;,&quot;jet_parallax_layout_bg_size_mobile&quot;:&quot;&quot;,&quot;jet_parallax_layout_animation_prop&quot;:&quot;transform&quot;,&quot;jet_parallax_layout_on&quot;:[&quot;desktop&quot;,&quot;tablet&quot;]}],&quot;stretch_section&quot;:&quot;section-stretched&quot;,&quot;background_background&quot;:&quot;classic&quot;}\">\n\t\t\t\t\t\t<div class=\"elementor-container elementor-column-gap-no\">\n\t\t\t\t\t\t\t<div class=\"elementor-row\">\n\t\t\t\t\t<div class=\"elementor-column elementor-col-100 elementor-top-column elementor-element elementor-element-d9d26ae\" data-id=\"d9d26ae\" data-element_type=\"column\">\n\t\t\t<div class=\"elementor-column-wrap elementor-element-populated\">\n\t\t\t\t\t\t\t<div class=\"elementor-widget-wrap\">\n\t\t\t\t\t\t<div class=\"elementor-element elementor-element-467cd848 dce_masking-none elementor-widget elementor-widget-image\" data-id=\"467cd848\" data-element_type=\"widget\" data-widget_type=\"image.default\">\n\t\t\t\t<div class=\"elementor-widget-container\">\n\t\t\t\t\t\t\t\t<div class=\"elementor-image\">\n\t\t\t\t\t\t\t\t\t\t\t\t<img decoding=\"async\" width=\"1620\" height=\"616\" src=\"https:\/\/wbproducoes.com\/wp-content\/uploads\/2025\/10\/plaza_site-1.png\" class=\"attachment-full size-full\" alt=\"\" loading=\"lazy\" srcset=\"https:\/\/wbproducoes.com\/wp-content\/uploads\/2025\/10\/plaza_site-1.png 1620w, https:\/\/wbproducoes.com\/wp-content\/uploads\/2025\/10\/plaza_site-1-300x114.png 300w, https:\/\/wbproducoes.com\/wp-content\/uploads\/2025\/10\/plaza_site-1-1024x389.png 1024w, https:\/\/wbproducoes.com\/wp-content\/uploads\/2025\/10\/plaza_site-1-768x292.png 768w, https:\/\/wbproducoes.com\/wp-content\/uploads\/2025\/10\/plaza_site-1-1536x584.png 1536w\" sizes=\"(max-width: 1620px) 100vw, 1620px\" \/>\t\t\t\t\t\t\t\t\t\t\t\t\t\t<\/div>\n\t\t\t\t\t\t<\/div>\n\t\t\t\t<\/div>\n\t\t\t\t\t\t<\/div>\n\t\t\t\t\t<\/div>\n\t\t<\/div>\n\t\t\t\t\t\t\t\t<\/div>\n\t\t\t\t\t<\/div>\n\t\t<\/section>\n\t\t\t\t<section data-dce-background-overlay-color=\"rgba(220,183,124,0)\" data-dce-background-image-url=\"https:\/\/d1mcpktd27z5n0.cloudfront.net\/cdn\/wbproducoes\/site\/2019\/08\/23201218\/BACKGROUD-SITE-PROJETOS-7.jpg\" class=\"elementor-section elementor-top-section elementor-element elementor-element-41b573e2 elementor-reverse-mobile elementor-section-stretched elementor-section-boxed elementor-section-height-default elementor-section-height-default\" data-id=\"41b573e2\" data-element_type=\"section\" data-settings=\"{&quot;jet_parallax_layout_list&quot;:[{&quot;jet_parallax_layout_image&quot;:{&quot;url&quot;:&quot;&quot;,&quot;id&quot;:&quot;&quot;},&quot;_id&quot;:&quot;0f1a79a&quot;,&quot;jet_parallax_layout_image_tablet&quot;:{&quot;url&quot;:&quot;&quot;,&quot;id&quot;:&quot;&quot;},&quot;jet_parallax_layout_image_mobile&quot;:{&quot;url&quot;:&quot;&quot;,&quot;id&quot;:&quot;&quot;},&quot;jet_parallax_layout_speed&quot;:{&quot;unit&quot;:&quot;%&quot;,&quot;size&quot;:50,&quot;sizes&quot;:[]},&quot;jet_parallax_layout_type&quot;:&quot;scroll&quot;,&quot;jet_parallax_layout_direction&quot;:null,&quot;jet_parallax_layout_fx_direction&quot;:null,&quot;jet_parallax_layout_z_index&quot;:&quot;&quot;,&quot;jet_parallax_layout_bg_x&quot;:50,&quot;jet_parallax_layout_bg_x_tablet&quot;:&quot;&quot;,&quot;jet_parallax_layout_bg_x_mobile&quot;:&quot;&quot;,&quot;jet_parallax_layout_bg_y&quot;:50,&quot;jet_parallax_layout_bg_y_tablet&quot;:&quot;&quot;,&quot;jet_parallax_layout_bg_y_mobile&quot;:&quot;&quot;,&quot;jet_parallax_layout_bg_size&quot;:&quot;auto&quot;,&quot;jet_parallax_layout_bg_size_tablet&quot;:&quot;&quot;,&quot;jet_parallax_layout_bg_size_mobile&quot;:&quot;&quot;,&quot;jet_parallax_layout_animation_prop&quot;:&quot;transform&quot;,&quot;jet_parallax_layout_on&quot;:[&quot;desktop&quot;,&quot;tablet&quot;]}],&quot;background_background&quot;:&quot;classic&quot;,&quot;stretch_section&quot;:&quot;section-stretched&quot;}\">\n\t\t\t\t\t\t\t<div class=\"elementor-background-overlay\"><\/div>\n\t\t\t\t\t\t\t<div class=\"elementor-container elementor-column-gap-wide\">\n\t\t\t\t\t\t\t<div class=\"elementor-row\">\n\t\t\t\t\t<div class=\"elementor-column elementor-col-100 elementor-top-column elementor-element elementor-element-34db198a\" data-id=\"34db198a\" data-element_type=\"column\">\n\t\t\t<div class=\"elementor-column-wrap elementor-element-populated\">\n\t\t\t\t\t\t\t<div class=\"elementor-widget-wrap\">\n\t\t\t\t\t\t<section class=\"elementor-section elementor-inner-section elementor-element elementor-element-175fce4c elementor-section-boxed elementor-section-height-default elementor-section-height-default\" data-id=\"175fce4c\" data-element_type=\"section\" data-settings=\"{&quot;jet_parallax_layout_list&quot;:[{&quot;jet_parallax_layout_image&quot;:{&quot;url&quot;:&quot;&quot;,&quot;id&quot;:&quot;&quot;},&quot;_id&quot;:&quot;5776833&quot;,&quot;jet_parallax_layout_image_tablet&quot;:{&quot;url&quot;:&quot;&quot;,&quot;id&quot;:&quot;&quot;},&quot;jet_parallax_layout_image_mobile&quot;:{&quot;url&quot;:&quot;&quot;,&quot;id&quot;:&quot;&quot;},&quot;jet_parallax_layout_speed&quot;:{&quot;unit&quot;:&quot;%&quot;,&quot;size&quot;:50,&quot;sizes&quot;:[]},&quot;jet_parallax_layout_type&quot;:&quot;scroll&quot;,&quot;jet_parallax_layout_direction&quot;:null,&quot;jet_parallax_layout_fx_direction&quot;:null,&quot;jet_parallax_layout_z_index&quot;:&quot;&quot;,&quot;jet_parallax_layout_bg_x&quot;:50,&quot;jet_parallax_layout_bg_x_tablet&quot;:&quot;&quot;,&quot;jet_parallax_layout_bg_x_mobile&quot;:&quot;&quot;,&quot;jet_parallax_layout_bg_y&quot;:50,&quot;jet_parallax_layout_bg_y_tablet&quot;:&quot;&quot;,&quot;jet_parallax_layout_bg_y_mobile&quot;:&quot;&quot;,&quot;jet_parallax_layout_bg_size&quot;:&quot;auto&quot;,&quot;jet_parallax_layout_bg_size_tablet&quot;:&quot;&quot;,&quot;jet_parallax_layout_bg_size_mobile&quot;:&quot;&quot;,&quot;jet_parallax_layout_animation_prop&quot;:&quot;transform&quot;,&quot;jet_parallax_layout_on&quot;:[&quot;desktop&quot;,&quot;tablet&quot;]}]}\">\n\t\t\t\t\t\t<div class=\"elementor-container elementor-column-gap-default\">\n\t\t\t\t\t\t\t<div class=\"elementor-row\">\n\t\t\t\t\t<div class=\"elementor-column elementor-col-50 elementor-inner-column elementor-element elementor-element-28081a69\" data-id=\"28081a69\" data-element_type=\"column\">\n\t\t\t<div class=\"elementor-column-wrap elementor-element-populated\">\n\t\t\t\t\t\t\t<div class=\"elementor-widget-wrap\">\n\t\t\t\t\t\t<div class=\"elementor-element elementor-element-94fb7e2 elementor-widget elementor-widget-button\" data-id=\"94fb7e2\" data-element_type=\"widget\" data-widget_type=\"button.default\">\n\t\t\t\t<div class=\"elementor-widget-container\">\n\t\t\t\t\t<div class=\"elementor-button-wrapper\">\n\t\t\t<a href=\"https:\/\/wbproducoes.com\/wp-content\/uploads\/2025\/12\/Book-Plaza-Suite.pdf\" class=\"elementor-button-link elementor-button elementor-size-sm\" role=\"button\">\n\t\t\t\t\t\t<span class=\"elementor-button-content-wrapper\">\n\t\t\t\t\t\t<span class=\"elementor-button-icon elementor-align-icon-right\">\n\t\t\t\t<i aria-hidden=\"true\" class=\"fas fa-file-pdf\"><\/i>\t\t\t<\/span>\n\t\t\t\t\t\t<span class=\"elementor-button-text\">CLIQUE E CONHE\u00c7A O PROJETO<\/span>\n\t\t<\/span>\n\t\t\t\t\t<\/a>\n\t\t<\/div>\n\t\t\t\t<\/div>\n\t\t\t\t<\/div>\n\t\t\t\t\t\t<\/div>\n\t\t\t\t\t<\/div>\n\t\t<\/div>\n\t\t\t\t<div class=\"elementor-column elementor-col-50 elementor-inner-column elementor-element elementor-element-fe69a34\" data-id=\"fe69a34\" data-element_type=\"column\">\n\t\t\t<div class=\"elementor-column-wrap elementor-element-populated\">\n\t\t\t\t\t\t\t<div class=\"elementor-widget-wrap\">\n\t\t\t\t\t\t<div class=\"elementor-element elementor-element-71d81e77 elementor-widget elementor-widget-heading\" data-id=\"71d81e77\" data-element_type=\"widget\" data-widget_type=\"heading.default\">\n\t\t\t\t<div class=\"elementor-widget-container\">\n\t\t\t<h2 class=\"elementor-heading-title elementor-size-default\">Plaza Su\u00edte<\/h2>\t\t<\/div>\n\t\t\t\t<\/div>\n\t\t\t\t<div class=\"elementor-element elementor-element-7bff46cd elementor-widget elementor-widget-text-editor\" data-id=\"7bff46cd\" data-element_type=\"widget\" data-widget_type=\"text-editor.default\">\n\t\t\t\t<div class=\"elementor-widget-container\">\n\t\t\t\t\t\t\t\t<div class=\"elementor-text-editor elementor-clearfix\">\n\t\t\t\t<p class=\"p1\">Plaza Suite \u00e9 uma com\u00e9dia em tr\u00eas atos que acompanha tr\u00eas casais\u00a0diferentes no ic\u00f4nico quarto 719 do Plaza Hotel. Sucesso na Broadway, onde estreou com mais de mil apresenta\u00e7\u00f5es, a pe\u00e7a foi indicada ao Outer Critics\u00a0Circle Award e a diversos Tony Awards, conquistando p\u00fablico e cr\u00edtica em v\u00e1rias\u00a0montagens ao redor do mundo. Desde ent\u00e3o, segue encantando plateias com\u00a0seu humor refinado e sua observa\u00e7\u00e3o ir\u00f4nica das rela\u00e7\u00f5es humanas.<br \/><br \/>Plaza Suite foi adaptada para diversos pa\u00edses, desde a sua estreia. Argentina,\u00a0Fran\u00e7a, Reino Unido, Jap\u00e3o e Brasil se destacaram com textos e montagens\u00a0relevantes que, at\u00e9 os dias de hoje, s\u00e3o lembrados como sucesso.<br \/><br \/>Agora, Patr\u00edcia Pillar e Rodrigo Lombardi, sob a dire\u00e7\u00e3o de Guilherme Weber, apresentam uma nova vers\u00e3o brasileira, moderna e divertida, que promete\u00a0emocionar e divertir o p\u00fablico.<\/p>\t\t\t\t\t<\/div>\n\t\t\t\t\t\t<\/div>\n\t\t\t\t<\/div>\n\t\t\t\t<div class=\"elementor-element elementor-element-3d5716f9 elementor-widget elementor-widget-heading\" data-id=\"3d5716f9\" data-element_type=\"widget\" data-widget_type=\"heading.default\">\n\t\t\t\t<div class=\"elementor-widget-container\">\n\t\t\t<h2 class=\"elementor-heading-title elementor-size-default\">Ficha T\u00e9cnica<\/h2>\t\t<\/div>\n\t\t\t\t<\/div>\n\t\t\t\t<div class=\"elementor-element elementor-element-483d9844 elementor-widget elementor-widget-text-editor\" data-id=\"483d9844\" data-element_type=\"widget\" data-widget_type=\"text-editor.default\">\n\t\t\t\t<div class=\"elementor-widget-container\">\n\t\t\t\t\t\t\t\t<div class=\"elementor-text-editor elementor-clearfix\">\n\t\t\t\t<p class=\"p1\"><strong><span class=\"s1\">Texto de: <\/span><\/strong>Neil Simon<br \/><strong>Idealiza\u00e7\u00e3o e Produ\u00e7\u00e3o Geral:<\/strong> <span class=\"s2\">Bruna Dornellas e Wesley <\/span>Telles<br \/><strong>Tradu\u00e7\u00e3o, Adapta\u00e7\u00e3o e Dire\u00e7\u00e3o Art\u00edstica:<\/strong> <span class=\"s2\">Guilherme Weber<br \/><\/span><strong><span class=\"s1\">Elenco: <\/span><\/strong>Patricia Pillar, Rodrigo Lombardi<br \/><strong><span class=\"s1\">Cenografia: <\/span><\/strong>Natalia Lana<br \/><strong><span class=\"s1\">Figurinos: <\/span><\/strong>Karen Brustolin<br \/><strong>Ilumina\u00e7\u00e3o:<\/strong> <span class=\"s2\">Beto Bruel<br \/><\/span><strong>Visagismo:<\/strong> <span class=\"s2\">Emi Sato<br \/><\/span><strong>Produ\u00e7\u00e3o Executiva:<\/strong> <span class=\"s2\">Clarice Coelho<br \/><\/span><strong>Gest\u00e3o de Comunica\u00e7\u00e3o:<\/strong> <span class=\"s2\">Cassio Neves<br \/><\/span><strong><span class=\"s1\">Design Gr\u00e1fico: <\/span><\/strong>Alana Karralrey, Jhon Lucas Paes e Nat\u00e1lia Farias<br \/><strong>Assistente de Produ\u00e7\u00e3o:<\/strong> <span class=\"s2\">Guilherme Balestrero<br \/><\/span><strong>Gerente Administrativo:<\/strong> <span class=\"s2\">Deivid Andrade<br \/><\/span><strong>Coordena\u00e7\u00e3o Administrativa:<\/strong> <span class=\"s2\">Vianapole Comunica\u00e7\u00e3o<br \/><\/span><strong><span class=\"s1\">Contabilidade:<\/span><\/strong> Gavacon Contabilidade<br \/><strong><span class=\"s1\">Assessoria Jur\u00eddica:<\/span><\/strong> Maia, Miranda &amp; Beninc\u00e1 Advocacia<br \/><strong><span class=\"s1\">Produtores Associados: <\/span><\/strong>Bruna Dornellas, Guilherme Weber e Wesley Telles<br \/><strong><span class=\"s1\">Realiza\u00e7\u00e3o:<\/span><\/strong> Para Todos Produ\u00e7\u00f5es e WB Produ\u00e7\u00f5es<\/p>\t\t\t\t\t<\/div>\n\t\t\t\t\t\t<\/div>\n\t\t\t\t<\/div>\n\t\t\t\t\t\t<\/div>\n\t\t\t\t\t<\/div>\n\t\t<\/div>\n\t\t\t\t\t\t\t\t<\/div>\n\t\t\t\t\t<\/div>\n\t\t<\/section>\n\t\t\t\t\t\t<\/div>\n\t\t\t\t\t<\/div>\n\t\t<\/div>\n\t\t\t\t\t\t\t\t<\/div>\n\t\t\t\t\t<\/div>\n\t\t<\/section>\n\t\t\t\t\t\t<\/div>\n\t\t\t\t\t\t<\/div>\n\t\t\t\t\t<\/div>\n\t\t","protected":false},"excerpt":{"rendered":"<p>CLIQUE E CONHE\u00c7A O PROJETO Plaza Su\u00edte Plaza Suite \u00e9 uma com\u00e9dia em tr\u00eas atos que acompanha tr\u00eas casais\u00a0diferentes no ic\u00f4nico quarto 719 do Plaza Hotel. Sucesso na Broadway, onde estreou com mais de mil apresenta\u00e7\u00f5es, a pe\u00e7a foi indicada ao Outer Critics\u00a0Circle Award e a diversos Tony Awards, conquistando p\u00fablico e cr\u00edtica em v\u00e1rias\u00a0montagens [&hellip;]<\/p>\n","protected":false},"author":2,"featured_media":151763,"parent":0,"menu_order":0,"comment_status":"closed","ping_status":"closed","template":"","meta":[],"acf":[],"_links":{"self":[{"href":"https:\/\/wbproducoes.com\/en\/wp-json\/wp\/v2\/pages\/151766"}],"collection":[{"href":"https:\/\/wbproducoes.com\/en\/wp-json\/wp\/v2\/pages"}],"about":[{"href":"https:\/\/wbproducoes.com\/en\/wp-json\/wp\/v2\/types\/page"}],"author":[{"embeddable":true,"href":"https:\/\/wbproducoes.com\/en\/wp-json\/wp\/v2\/users\/2"}],"replies":[{"embeddable":true,"href":"https:\/\/wbproducoes.com\/en\/wp-json\/wp\/v2\/comments?post=151766"}],"version-history":[{"count":17,"href":"https:\/\/wbproducoes.com\/en\/wp-json\/wp\/v2\/pages\/151766\/revisions"}],"predecessor-version":[{"id":153693,"href":"https:\/\/wbproducoes.com\/en\/wp-json\/wp\/v2\/pages\/151766\/revisions\/153693"}],"wp:featuredmedia":[{"embeddable":true,"href":"https:\/\/wbproducoes.com\/en\/wp-json\/wp\/v2\/media\/151763"}],"wp:attachment":[{"href":"https:\/\/wbproducoes.com\/en\/wp-json\/wp\/v2\/media?parent=151766"}],"curies":[{"name":"wp","href":"https:\/\/api.w.org\/{rel}","templated":true}]}}