{"id":45836,"date":"2019-08-23T20:17:14","date_gmt":"2019-08-23T20:17:14","guid":{"rendered":"http:\/\/wbproducoes.com\/?page_id=45836"},"modified":"2019-08-29T19:04:44","modified_gmt":"2019-08-29T19:04:44","slug":"projeto-deu-a-louca-na-branca-2","status":"publish","type":"page","link":"https:\/\/wbproducoes.com\/en\/projeto-deu-a-louca-na-branca-2\/","title":{"rendered":"PROJETO DEU A LOUCA NA BRANCA"},"content":{"rendered":"\t\t<div data-elementor-type=\"wp-post\" data-elementor-id=\"45836\" data-post-id=\"45836\" data-obj-id=\"45836\" class=\"elementor elementor-45836 dce-elementor-post-45836\" data-elementor-settings=\"[]\">\n\t\t\t\t\t\t<div class=\"elementor-inner\">\n\t\t\t\t\t\t\t<div class=\"elementor-section-wrap\">\n\t\t\t\t\t\t\t<section class=\"elementor-section elementor-top-section elementor-element elementor-element-36318bfb elementor-section-stretched elementor-section-full_width elementor-section-height-default elementor-section-height-default\" data-id=\"36318bfb\" data-element_type=\"section\" data-settings=\"{&quot;jet_parallax_layout_list&quot;:[{&quot;jet_parallax_layout_image&quot;:{&quot;url&quot;:&quot;&quot;,&quot;id&quot;:&quot;&quot;},&quot;_id&quot;:&quot;1501345&quot;,&quot;jet_parallax_layout_image_tablet&quot;:{&quot;url&quot;:&quot;&quot;,&quot;id&quot;:&quot;&quot;},&quot;jet_parallax_layout_image_mobile&quot;:{&quot;url&quot;:&quot;&quot;,&quot;id&quot;:&quot;&quot;},&quot;jet_parallax_layout_speed&quot;:{&quot;unit&quot;:&quot;%&quot;,&quot;size&quot;:50,&quot;sizes&quot;:[]},&quot;jet_parallax_layout_type&quot;:&quot;scroll&quot;,&quot;jet_parallax_layout_z_index&quot;:&quot;&quot;,&quot;jet_parallax_layout_bg_x&quot;:50,&quot;jet_parallax_layout_bg_y&quot;:50,&quot;jet_parallax_layout_bg_size&quot;:&quot;auto&quot;,&quot;jet_parallax_layout_animation_prop&quot;:&quot;transform&quot;,&quot;jet_parallax_layout_on&quot;:[&quot;desktop&quot;,&quot;tablet&quot;],&quot;jet_parallax_layout_direction&quot;:null,&quot;jet_parallax_layout_fx_direction&quot;:null,&quot;jet_parallax_layout_bg_x_tablet&quot;:&quot;&quot;,&quot;jet_parallax_layout_bg_x_mobile&quot;:&quot;&quot;,&quot;jet_parallax_layout_bg_y_tablet&quot;:&quot;&quot;,&quot;jet_parallax_layout_bg_y_mobile&quot;:&quot;&quot;,&quot;jet_parallax_layout_bg_size_tablet&quot;:&quot;&quot;,&quot;jet_parallax_layout_bg_size_mobile&quot;:&quot;&quot;}],&quot;stretch_section&quot;:&quot;section-stretched&quot;,&quot;background_background&quot;:&quot;classic&quot;}\">\n\t\t\t\t\t\t<div class=\"elementor-container elementor-column-gap-no\">\n\t\t\t\t\t\t\t<div class=\"elementor-row\">\n\t\t\t\t\t<div class=\"elementor-column elementor-col-100 elementor-top-column elementor-element elementor-element-d9d26ae\" data-id=\"d9d26ae\" data-element_type=\"column\">\n\t\t\t<div class=\"elementor-column-wrap elementor-element-populated\">\n\t\t\t\t\t\t\t<div class=\"elementor-widget-wrap\">\n\t\t\t\t\t\t<div class=\"elementor-element elementor-element-467cd848 dce_masking-none elementor-widget elementor-widget-image\" data-id=\"467cd848\" data-element_type=\"widget\" data-widget_type=\"image.default\">\n\t\t\t\t<div class=\"elementor-widget-container\">\n\t\t\t\t\t\t\t\t<div class=\"elementor-image\">\n\t\t\t\t\t\t\t\t\t\t\t\t<img decoding=\"async\" width=\"1872\" height=\"444\" src=\"https:\/\/d1mcpktd27z5n0.cloudfront.net\/cdn\/wbproducoes\/site\/2019\/08\/23201147\/DEU-A-LOUCA-BANNER-SITE-PROJETOS.jpg\" class=\"attachment-full size-full\" alt=\"\" loading=\"lazy\" srcset=\"https:\/\/d1mcpktd27z5n0.cloudfront.net\/cdn\/wbproducoes\/site\/2019\/08\/23201147\/DEU-A-LOUCA-BANNER-SITE-PROJETOS.jpg 1872w, https:\/\/d1mcpktd27z5n0.cloudfront.net\/cdn\/wbproducoes\/site\/2019\/08\/23201147\/DEU-A-LOUCA-BANNER-SITE-PROJETOS-300x71.jpg 300w, https:\/\/d1mcpktd27z5n0.cloudfront.net\/cdn\/wbproducoes\/site\/2019\/08\/23201147\/DEU-A-LOUCA-BANNER-SITE-PROJETOS-768x182.jpg 768w, https:\/\/d1mcpktd27z5n0.cloudfront.net\/cdn\/wbproducoes\/site\/2019\/08\/23201147\/DEU-A-LOUCA-BANNER-SITE-PROJETOS-1024x243.jpg 1024w\" sizes=\"(max-width: 1872px) 100vw, 1872px\" \/>\t\t\t\t\t\t\t\t\t\t\t\t\t\t<\/div>\n\t\t\t\t\t\t<\/div>\n\t\t\t\t<\/div>\n\t\t\t\t\t\t<\/div>\n\t\t\t\t\t<\/div>\n\t\t<\/div>\n\t\t\t\t\t\t\t\t<\/div>\n\t\t\t\t\t<\/div>\n\t\t<\/section>\n\t\t\t\t<section data-dce-background-overlay-color=\"rgba(220,183,124,0)\" data-dce-background-image-url=\"https:\/\/d1mcpktd27z5n0.cloudfront.net\/cdn\/wbproducoes\/site\/2019\/08\/23201218\/BACKGROUD-SITE-PROJETOS-7.jpg\" class=\"elementor-section elementor-top-section elementor-element elementor-element-41b573e2 elementor-reverse-mobile elementor-section-stretched elementor-section-boxed elementor-section-height-default elementor-section-height-default\" data-id=\"41b573e2\" data-element_type=\"section\" data-settings=\"{&quot;jet_parallax_layout_list&quot;:[{&quot;jet_parallax_layout_image&quot;:{&quot;url&quot;:&quot;&quot;,&quot;id&quot;:&quot;&quot;},&quot;_id&quot;:&quot;0f1a79a&quot;,&quot;jet_parallax_layout_image_tablet&quot;:{&quot;url&quot;:&quot;&quot;,&quot;id&quot;:&quot;&quot;},&quot;jet_parallax_layout_image_mobile&quot;:{&quot;url&quot;:&quot;&quot;,&quot;id&quot;:&quot;&quot;},&quot;jet_parallax_layout_speed&quot;:{&quot;unit&quot;:&quot;%&quot;,&quot;size&quot;:50,&quot;sizes&quot;:[]},&quot;jet_parallax_layout_type&quot;:&quot;scroll&quot;,&quot;jet_parallax_layout_z_index&quot;:&quot;&quot;,&quot;jet_parallax_layout_bg_x&quot;:50,&quot;jet_parallax_layout_bg_y&quot;:50,&quot;jet_parallax_layout_bg_size&quot;:&quot;auto&quot;,&quot;jet_parallax_layout_animation_prop&quot;:&quot;transform&quot;,&quot;jet_parallax_layout_on&quot;:[&quot;desktop&quot;,&quot;tablet&quot;],&quot;jet_parallax_layout_direction&quot;:null,&quot;jet_parallax_layout_fx_direction&quot;:null,&quot;jet_parallax_layout_bg_x_tablet&quot;:&quot;&quot;,&quot;jet_parallax_layout_bg_x_mobile&quot;:&quot;&quot;,&quot;jet_parallax_layout_bg_y_tablet&quot;:&quot;&quot;,&quot;jet_parallax_layout_bg_y_mobile&quot;:&quot;&quot;,&quot;jet_parallax_layout_bg_size_tablet&quot;:&quot;&quot;,&quot;jet_parallax_layout_bg_size_mobile&quot;:&quot;&quot;}],&quot;background_background&quot;:&quot;classic&quot;,&quot;stretch_section&quot;:&quot;section-stretched&quot;}\">\n\t\t\t\t\t\t\t<div class=\"elementor-background-overlay\"><\/div>\n\t\t\t\t\t\t\t<div class=\"elementor-container elementor-column-gap-wide\">\n\t\t\t\t\t\t\t<div class=\"elementor-row\">\n\t\t\t\t\t<div class=\"elementor-column elementor-col-100 elementor-top-column elementor-element elementor-element-34db198a\" data-id=\"34db198a\" data-element_type=\"column\">\n\t\t\t<div class=\"elementor-column-wrap elementor-element-populated\">\n\t\t\t\t\t\t\t<div class=\"elementor-widget-wrap\">\n\t\t\t\t\t\t<section class=\"elementor-section elementor-inner-section elementor-element elementor-element-175fce4c elementor-section-boxed elementor-section-height-default elementor-section-height-default\" data-id=\"175fce4c\" data-element_type=\"section\" data-settings=\"{&quot;jet_parallax_layout_list&quot;:[{&quot;jet_parallax_layout_image&quot;:{&quot;url&quot;:&quot;&quot;,&quot;id&quot;:&quot;&quot;},&quot;_id&quot;:&quot;5776833&quot;,&quot;jet_parallax_layout_image_tablet&quot;:{&quot;url&quot;:&quot;&quot;,&quot;id&quot;:&quot;&quot;},&quot;jet_parallax_layout_image_mobile&quot;:{&quot;url&quot;:&quot;&quot;,&quot;id&quot;:&quot;&quot;},&quot;jet_parallax_layout_speed&quot;:{&quot;unit&quot;:&quot;%&quot;,&quot;size&quot;:50,&quot;sizes&quot;:[]},&quot;jet_parallax_layout_type&quot;:&quot;scroll&quot;,&quot;jet_parallax_layout_z_index&quot;:&quot;&quot;,&quot;jet_parallax_layout_bg_x&quot;:50,&quot;jet_parallax_layout_bg_y&quot;:50,&quot;jet_parallax_layout_bg_size&quot;:&quot;auto&quot;,&quot;jet_parallax_layout_animation_prop&quot;:&quot;transform&quot;,&quot;jet_parallax_layout_on&quot;:[&quot;desktop&quot;,&quot;tablet&quot;],&quot;jet_parallax_layout_direction&quot;:null,&quot;jet_parallax_layout_fx_direction&quot;:null,&quot;jet_parallax_layout_bg_x_tablet&quot;:&quot;&quot;,&quot;jet_parallax_layout_bg_x_mobile&quot;:&quot;&quot;,&quot;jet_parallax_layout_bg_y_tablet&quot;:&quot;&quot;,&quot;jet_parallax_layout_bg_y_mobile&quot;:&quot;&quot;,&quot;jet_parallax_layout_bg_size_tablet&quot;:&quot;&quot;,&quot;jet_parallax_layout_bg_size_mobile&quot;:&quot;&quot;}]}\">\n\t\t\t\t\t\t<div class=\"elementor-container elementor-column-gap-default\">\n\t\t\t\t\t\t\t<div class=\"elementor-row\">\n\t\t\t\t\t<div class=\"elementor-column elementor-col-50 elementor-inner-column elementor-element elementor-element-28081a69\" data-id=\"28081a69\" data-element_type=\"column\">\n\t\t\t<div class=\"elementor-column-wrap elementor-element-populated\">\n\t\t\t\t\t\t\t<div class=\"elementor-widget-wrap\">\n\t\t\t\t\t\t<div class=\"elementor-element elementor-element-77ed58e0 elementor-widget elementor-widget-heading\" data-id=\"77ed58e0\" data-element_type=\"widget\" data-widget_type=\"heading.default\">\n\t\t\t\t<div class=\"elementor-widget-container\">\n\t\t\t<h2 class=\"elementor-heading-title elementor-size-default\">Fotos<\/h2>\t\t<\/div>\n\t\t\t\t<\/div>\n\t\t\t\t<div class=\"elementor-element elementor-element-2cbf593 gallery-spacing-custom elementor-widget elementor-widget-image-gallery\" data-id=\"2cbf593\" data-element_type=\"widget\" data-widget_type=\"image-gallery.default\">\n\t\t\t\t<div class=\"elementor-widget-container\">\n\t\t\t\t\t<div class=\"elementor-image-gallery\">\n\t\t\t<div class='photo-galleria' ><div id='gallery-1' class='gallery galleryid-45836 gallery-columns-2 gallery-size-thumbnail'><figure class='gallery-item'>\n\t\t\t<div class='gallery-icon landscape'>\n\t\t\t\t<a data-elementor-open-lightbox=\"yes\" data-elementor-lightbox-slideshow=\"2cbf593\" data-elementor-lightbox-title=\"Deu a Loca na Branca FAAP-by Janderson Pires -93\" href='https:\/\/d1mcpktd27z5n0.cloudfront.net\/cdn\/wbproducoes\/site\/2019\/08\/23201832\/Deu-a-Loca-na-Branca-FAAP-by-Janderson-Pires-93-1024x683.jpg' title='Deu a Loca na Branca FAAP-by Janderson Pires -93'><img width=\"150\" height=\"150\" src=\"https:\/\/d1mcpktd27z5n0.cloudfront.net\/cdn\/wbproducoes\/site\/2019\/08\/23201832\/Deu-a-Loca-na-Branca-FAAP-by-Janderson-Pires-93-150x150.jpg\" class=\"attachment-thumbnail size-thumbnail\" alt=\"\" decoding=\"async\" loading=\"lazy\" \/><\/a>\n\t\t\t<\/div><\/figure><figure class='gallery-item'>\n\t\t\t<div class='gallery-icon landscape'>\n\t\t\t\t<a data-elementor-open-lightbox=\"yes\" data-elementor-lightbox-slideshow=\"2cbf593\" data-elementor-lightbox-title=\"Deu a Loca na Branca FAAP-by Janderson Pires -22\" href='https:\/\/d1mcpktd27z5n0.cloudfront.net\/cdn\/wbproducoes\/site\/2019\/08\/23201857\/Deu-a-Loca-na-Branca-FAAP-by-Janderson-Pires-22-1024x683.jpg' title='Deu a Loca na Branca FAAP-by Janderson Pires -22'><img width=\"150\" height=\"150\" src=\"https:\/\/d1mcpktd27z5n0.cloudfront.net\/cdn\/wbproducoes\/site\/2019\/08\/23201857\/Deu-a-Loca-na-Branca-FAAP-by-Janderson-Pires-22-150x150.jpg\" class=\"attachment-thumbnail size-thumbnail\" alt=\"\" decoding=\"async\" loading=\"lazy\" \/><\/a>\n\t\t\t<\/div><\/figure><figure class='gallery-item'>\n\t\t\t<div class='gallery-icon landscape'>\n\t\t\t\t<a data-elementor-open-lightbox=\"yes\" data-elementor-lightbox-slideshow=\"2cbf593\" data-elementor-lightbox-title=\"Deu a Loca na Branca FAAP-by Janderson Pires -27\" href='https:\/\/d1mcpktd27z5n0.cloudfront.net\/cdn\/wbproducoes\/site\/2019\/08\/23201913\/Deu-a-Loca-na-Branca-FAAP-by-Janderson-Pires-27-1024x683.jpg' title='Deu a Loca na Branca FAAP-by Janderson Pires -27'><img width=\"150\" height=\"150\" src=\"https:\/\/d1mcpktd27z5n0.cloudfront.net\/cdn\/wbproducoes\/site\/2019\/08\/23201913\/Deu-a-Loca-na-Branca-FAAP-by-Janderson-Pires-27-150x150.jpg\" class=\"attachment-thumbnail size-thumbnail\" alt=\"\" decoding=\"async\" loading=\"lazy\" \/><\/a>\n\t\t\t<\/div><\/figure><figure class='gallery-item'>\n\t\t\t<div class='gallery-icon landscape'>\n\t\t\t\t<a data-elementor-open-lightbox=\"yes\" data-elementor-lightbox-slideshow=\"2cbf593\" data-elementor-lightbox-title=\"Deu a Loca na Branca FAAP-by Janderson Pires -32\" href='https:\/\/d1mcpktd27z5n0.cloudfront.net\/cdn\/wbproducoes\/site\/2019\/08\/23201926\/Deu-a-Loca-na-Branca-FAAP-by-Janderson-Pires-32-1024x683.jpg' title='Deu a Loca na Branca FAAP-by Janderson Pires -32'><img width=\"150\" height=\"150\" src=\"https:\/\/d1mcpktd27z5n0.cloudfront.net\/cdn\/wbproducoes\/site\/2019\/08\/23201926\/Deu-a-Loca-na-Branca-FAAP-by-Janderson-Pires-32-150x150.jpg\" class=\"attachment-thumbnail size-thumbnail\" alt=\"\" decoding=\"async\" loading=\"lazy\" \/><\/a>\n\t\t\t<\/div><\/figure>\n\t\t<\/div>\n<\/div><!-- .photo-galleria -->\t\t<\/div>\n\t\t\t\t<\/div>\n\t\t\t\t<\/div>\n\t\t\t\t\t\t<\/div>\n\t\t\t\t\t<\/div>\n\t\t<\/div>\n\t\t\t\t<div class=\"elementor-column elementor-col-50 elementor-inner-column elementor-element elementor-element-fe69a34\" data-id=\"fe69a34\" data-element_type=\"column\">\n\t\t\t<div class=\"elementor-column-wrap elementor-element-populated\">\n\t\t\t\t\t\t\t<div class=\"elementor-widget-wrap\">\n\t\t\t\t\t\t<div class=\"elementor-element elementor-element-71d81e77 elementor-widget elementor-widget-heading\" data-id=\"71d81e77\" data-element_type=\"widget\" data-widget_type=\"heading.default\">\n\t\t\t\t<div class=\"elementor-widget-container\">\n\t\t\t<h2 class=\"elementor-heading-title elementor-size-default\">Cacau Prot\u00e1sio \u00e9 a Branca de Neve<\/h2>\t\t<\/div>\n\t\t\t\t<\/div>\n\t\t\t\t<div class=\"elementor-element elementor-element-7bff46cd elementor-widget elementor-widget-text-editor\" data-id=\"7bff46cd\" data-element_type=\"widget\" data-widget_type=\"text-editor.default\">\n\t\t\t\t<div class=\"elementor-widget-container\">\n\t\t\t\t\t\t\t\t<div class=\"elementor-text-editor elementor-clearfix\">\n\t\t\t\t<p><strong>Cacau Prot\u00e1sio<\/strong> encarna uma vers\u00e3o brasileira da hero\u00edna dos contos de\u00a0fadas, contracenando com as vozes em off de <strong>Paulo Gustavo<\/strong>,\u00a0<strong>Marcus Majella<\/strong>, <strong>Rodrigo Fagundes<\/strong>, <strong>Caike Luna<\/strong> e <strong>Renato Rabello<\/strong>.<\/p><p>Sebastiana vem a p\u00fablico fazer uma revela\u00e7\u00e3o: ela \u00e9 ningu\u00e9m menos que a\u00a0verdadeira <strong>Branca de Neve,<\/strong> imortalizada por Walt Disney, e vai contar em\u00a0detalhes como o cineasta americano fez dela a maior princesa de todos os\u00a0tempos.<\/p><p>Este \u00e9 o mote da com\u00e9dia de <strong>Cacau Hygino<\/strong> com dire\u00e7\u00e3o de <strong>Regiana\u00a0Antonini<\/strong> e dire\u00e7\u00e3o de produ\u00e7\u00e3o de <strong>Wesley Telles <\/strong>e <strong>Bruna Dornellas<\/strong>.<\/p>\t\t\t\t\t<\/div>\n\t\t\t\t\t\t<\/div>\n\t\t\t\t<\/div>\n\t\t\t\t<div class=\"elementor-element elementor-element-3d5716f9 elementor-widget elementor-widget-heading\" data-id=\"3d5716f9\" data-element_type=\"widget\" data-widget_type=\"heading.default\">\n\t\t\t\t<div class=\"elementor-widget-container\">\n\t\t\t<h2 class=\"elementor-heading-title elementor-size-default\">Ficha T\u00e9cnica<\/h2>\t\t<\/div>\n\t\t\t\t<\/div>\n\t\t\t\t<div class=\"elementor-element elementor-element-483d9844 elementor-widget elementor-widget-text-editor\" data-id=\"483d9844\" data-element_type=\"widget\" data-widget_type=\"text-editor.default\">\n\t\t\t\t<div class=\"elementor-widget-container\">\n\t\t\t\t\t\t\t\t<div class=\"elementor-text-editor elementor-clearfix\">\n\t\t\t\t<p><strong>Texto:<\/strong> Cacau Hygino<\/p><p><strong>Dire\u00e7\u00e3o:<\/strong> Regiana Antonini<\/p><p><strong>Dire\u00e7\u00e3o de produ\u00e7\u00e3o:<\/strong> Bruna Dornellas e Wesley Telles<\/p><p><strong>Assistente de dire\u00e7\u00e3o:<\/strong> Dora Pellegrino<\/p><p><strong>Dire\u00e7\u00e3o de movimento e coreografia<\/strong>: Sueli Guerra<\/p><p><strong>Vozes em off:<\/strong> Caike Luna, Marcus Majella, Paulo Gustavo, Renato Rabello e Rodrigo Fagundes<\/p><p><strong>Assistente de produ\u00e7\u00e3o e social media:<\/strong> Deivid Andrade<\/p><p><strong>Cenografia e concep\u00e7\u00e3o de arte:<\/strong> Truque Produ\u00e7\u00f5es<\/p><p><strong>Figurinos:<\/strong> Nello Marrese<\/p><p><strong>Assistente de figurino:<\/strong> Camila Scorelli<\/p><p><strong>Atelier:<\/strong> Bruna Bee<\/p><p><strong>Contra regra e camareiro:<\/strong> Enrico Callado<\/p><p><strong>Ilumina\u00e7\u00e3o:<\/strong> Aur\u00e9lio de Simoni<\/p><p><strong>Trilha sonora:<\/strong> Daniel Lopes<\/p><p><strong>Operador de som e luz:<\/strong> Reinaldo Louren\u00e7o<\/p><p><strong>Fotografias:<\/strong> Janderson Pires e Vitor Zorzal<\/p><p><strong>Videomaker tv:<\/strong> Johnny Luz<\/p><p><strong>Visagismo:<\/strong> Gabriela Figueira<\/p><p><strong>Edi\u00e7\u00e3o de imagens:<\/strong> Secundo Rezende e Johnny Luz<\/p><p><strong>Produ\u00e7\u00e3o do v\u00eddeo:<\/strong> Zoom Filmes<\/p><p><strong>Coordena\u00e7\u00e3o do projeto:<\/strong> Let\u00edcia N\u00e1pole<\/p><p><strong>Realiza\u00e7\u00e3o:<\/strong> WB Produ\u00e7\u00f5es<\/p>\t\t\t\t\t<\/div>\n\t\t\t\t\t\t<\/div>\n\t\t\t\t<\/div>\n\t\t\t\t<div class=\"elementor-element elementor-element-ab7f991 elementor-widget elementor-widget-heading\" data-id=\"ab7f991\" data-element_type=\"widget\" data-widget_type=\"heading.default\">\n\t\t\t\t<div class=\"elementor-widget-container\">\n\t\t\t<h2 class=\"elementor-heading-title elementor-size-default\">Teaser do Espet\u00e1culo<\/h2>\t\t<\/div>\n\t\t\t\t<\/div>\n\t\t\t\t<div class=\"elementor-element elementor-element-d514e73 dce_masking-none elementor-aspect-ratio-169 elementor-widget elementor-widget-video\" data-id=\"d514e73\" data-element_type=\"widget\" data-settings=\"{&quot;youtube_url&quot;:&quot;https:\\\/\\\/youtu.be\\\/p45SFoC0yI0&quot;,&quot;video_type&quot;:&quot;youtube&quot;,&quot;controls&quot;:&quot;yes&quot;,&quot;aspect_ratio&quot;:&quot;169&quot;}\" data-widget_type=\"video.default\">\n\t\t\t\t<div class=\"elementor-widget-container\">\n\t\t\t\t\t<div class=\"elementor-wrapper elementor-fit-aspect-ratio elementor-open-inline\">\n\t\t\t<div class=\"elementor-video\"><\/div>\t\t<\/div>\n\t\t\t\t<\/div>\n\t\t\t\t<\/div>\n\t\t\t\t\t\t<\/div>\n\t\t\t\t\t<\/div>\n\t\t<\/div>\n\t\t\t\t\t\t\t\t<\/div>\n\t\t\t\t\t<\/div>\n\t\t<\/section>\n\t\t\t\t\t\t<\/div>\n\t\t\t\t\t<\/div>\n\t\t<\/div>\n\t\t\t\t\t\t\t\t<\/div>\n\t\t\t\t\t<\/div>\n\t\t<\/section>\n\t\t\t\t\t\t<\/div>\n\t\t\t\t\t\t<\/div>\n\t\t\t\t\t<\/div>\n\t\t","protected":false},"excerpt":{"rendered":"<p>Fotos Cacau Prot\u00e1sio \u00e9 a Branca de Neve Cacau Prot\u00e1sio encarna uma vers\u00e3o brasileira da hero\u00edna dos contos de\u00a0fadas, contracenando com as vozes em off de Paulo Gustavo,\u00a0Marcus Majella, Rodrigo Fagundes, Caike Luna e Renato Rabello. Sebastiana vem a p\u00fablico fazer uma revela\u00e7\u00e3o: ela \u00e9 ningu\u00e9m menos que a\u00a0verdadeira Branca de Neve, imortalizada por Walt [&hellip;]<\/p>\n","protected":false},"author":2,"featured_media":0,"parent":0,"menu_order":0,"comment_status":"closed","ping_status":"closed","template":"","meta":[],"acf":[],"_links":{"self":[{"href":"https:\/\/wbproducoes.com\/en\/wp-json\/wp\/v2\/pages\/45836"}],"collection":[{"href":"https:\/\/wbproducoes.com\/en\/wp-json\/wp\/v2\/pages"}],"about":[{"href":"https:\/\/wbproducoes.com\/en\/wp-json\/wp\/v2\/types\/page"}],"author":[{"embeddable":true,"href":"https:\/\/wbproducoes.com\/en\/wp-json\/wp\/v2\/users\/2"}],"replies":[{"embeddable":true,"href":"https:\/\/wbproducoes.com\/en\/wp-json\/wp\/v2\/comments?post=45836"}],"version-history":[{"count":7,"href":"https:\/\/wbproducoes.com\/en\/wp-json\/wp\/v2\/pages\/45836\/revisions"}],"predecessor-version":[{"id":46873,"href":"https:\/\/wbproducoes.com\/en\/wp-json\/wp\/v2\/pages\/45836\/revisions\/46873"}],"wp:attachment":[{"href":"https:\/\/wbproducoes.com\/en\/wp-json\/wp\/v2\/media?parent=45836"}],"curies":[{"name":"wp","href":"https:\/\/api.w.org\/{rel}","templated":true}]}}