{"id":47117,"date":"2019-09-12T21:14:53","date_gmt":"2019-09-12T21:14:53","guid":{"rendered":"https:\/\/wbproducoes.com\/?page_id=47117"},"modified":"2026-01-14T17:08:45","modified_gmt":"2026-01-14T20:08:45","slug":"projeto-antes-do-ano-que-vem","status":"publish","type":"page","link":"https:\/\/wbproducoes.com\/en\/projeto-antes-do-ano-que-vem\/","title":{"rendered":"PROJETO &#8211; Antes do Ano que Vem"},"content":{"rendered":"\t\t<div data-elementor-type=\"wp-post\" data-elementor-id=\"47117\" data-post-id=\"47117\" data-obj-id=\"47117\" class=\"elementor elementor-47117 dce-elementor-post-47117\" data-elementor-settings=\"[]\">\n\t\t\t\t\t\t<div class=\"elementor-inner\">\n\t\t\t\t\t\t\t<div class=\"elementor-section-wrap\">\n\t\t\t\t\t\t\t<section class=\"elementor-section elementor-top-section elementor-element elementor-element-1fc8383c elementor-section-stretched elementor-section-full_width elementor-section-height-default elementor-section-height-default\" data-id=\"1fc8383c\" data-element_type=\"section\" data-settings=\"{&quot;jet_parallax_layout_list&quot;:[{&quot;jet_parallax_layout_image&quot;:{&quot;url&quot;:&quot;&quot;,&quot;id&quot;:&quot;&quot;},&quot;_id&quot;:&quot;1501345&quot;,&quot;jet_parallax_layout_image_tablet&quot;:{&quot;url&quot;:&quot;&quot;,&quot;id&quot;:&quot;&quot;},&quot;jet_parallax_layout_image_mobile&quot;:{&quot;url&quot;:&quot;&quot;,&quot;id&quot;:&quot;&quot;},&quot;jet_parallax_layout_speed&quot;:{&quot;unit&quot;:&quot;%&quot;,&quot;size&quot;:50,&quot;sizes&quot;:[]},&quot;jet_parallax_layout_type&quot;:&quot;scroll&quot;,&quot;jet_parallax_layout_direction&quot;:null,&quot;jet_parallax_layout_fx_direction&quot;:null,&quot;jet_parallax_layout_z_index&quot;:&quot;&quot;,&quot;jet_parallax_layout_bg_x&quot;:50,&quot;jet_parallax_layout_bg_x_tablet&quot;:&quot;&quot;,&quot;jet_parallax_layout_bg_x_mobile&quot;:&quot;&quot;,&quot;jet_parallax_layout_bg_y&quot;:50,&quot;jet_parallax_layout_bg_y_tablet&quot;:&quot;&quot;,&quot;jet_parallax_layout_bg_y_mobile&quot;:&quot;&quot;,&quot;jet_parallax_layout_bg_size&quot;:&quot;auto&quot;,&quot;jet_parallax_layout_bg_size_tablet&quot;:&quot;&quot;,&quot;jet_parallax_layout_bg_size_mobile&quot;:&quot;&quot;,&quot;jet_parallax_layout_animation_prop&quot;:&quot;transform&quot;,&quot;jet_parallax_layout_on&quot;:[&quot;desktop&quot;,&quot;tablet&quot;]}],&quot;stretch_section&quot;:&quot;section-stretched&quot;,&quot;background_background&quot;:&quot;classic&quot;}\">\n\t\t\t\t\t\t<div class=\"elementor-container elementor-column-gap-no\">\n\t\t\t\t\t\t\t<div class=\"elementor-row\">\n\t\t\t\t\t<div class=\"elementor-column elementor-col-100 elementor-top-column elementor-element elementor-element-53178011\" data-id=\"53178011\" data-element_type=\"column\">\n\t\t\t<div class=\"elementor-column-wrap\">\n\t\t\t\t\t\t\t<div class=\"elementor-widget-wrap\">\n\t\t\t\t\t\t\t\t<\/div>\n\t\t\t\t\t<\/div>\n\t\t<\/div>\n\t\t\t\t\t\t\t\t<\/div>\n\t\t\t\t\t<\/div>\n\t\t<\/section>\n\t\t\t\t<section data-dce-background-color=\"#FFE834\" data-dce-background-overlay-color=\"rgba(220,183,124,0)\" class=\"elementor-section elementor-top-section elementor-element elementor-element-c764fcc elementor-reverse-mobile elementor-section-stretched elementor-section-boxed elementor-section-height-default elementor-section-height-default\" data-id=\"c764fcc\" data-element_type=\"section\" data-settings=\"{&quot;jet_parallax_layout_list&quot;:[{&quot;jet_parallax_layout_image&quot;:{&quot;url&quot;:&quot;&quot;,&quot;id&quot;:&quot;&quot;},&quot;_id&quot;:&quot;0f1a79a&quot;,&quot;jet_parallax_layout_image_tablet&quot;:{&quot;url&quot;:&quot;&quot;,&quot;id&quot;:&quot;&quot;},&quot;jet_parallax_layout_image_mobile&quot;:{&quot;url&quot;:&quot;&quot;,&quot;id&quot;:&quot;&quot;},&quot;jet_parallax_layout_speed&quot;:{&quot;unit&quot;:&quot;%&quot;,&quot;size&quot;:50,&quot;sizes&quot;:[]},&quot;jet_parallax_layout_type&quot;:&quot;scroll&quot;,&quot;jet_parallax_layout_direction&quot;:null,&quot;jet_parallax_layout_fx_direction&quot;:null,&quot;jet_parallax_layout_z_index&quot;:&quot;&quot;,&quot;jet_parallax_layout_bg_x&quot;:50,&quot;jet_parallax_layout_bg_x_tablet&quot;:&quot;&quot;,&quot;jet_parallax_layout_bg_x_mobile&quot;:&quot;&quot;,&quot;jet_parallax_layout_bg_y&quot;:50,&quot;jet_parallax_layout_bg_y_tablet&quot;:&quot;&quot;,&quot;jet_parallax_layout_bg_y_mobile&quot;:&quot;&quot;,&quot;jet_parallax_layout_bg_size&quot;:&quot;auto&quot;,&quot;jet_parallax_layout_bg_size_tablet&quot;:&quot;&quot;,&quot;jet_parallax_layout_bg_size_mobile&quot;:&quot;&quot;,&quot;jet_parallax_layout_animation_prop&quot;:&quot;transform&quot;,&quot;jet_parallax_layout_on&quot;:[&quot;desktop&quot;,&quot;tablet&quot;]}],&quot;background_background&quot;:&quot;classic&quot;,&quot;stretch_section&quot;:&quot;section-stretched&quot;}\">\n\t\t\t\t\t\t\t<div class=\"elementor-background-overlay\"><\/div>\n\t\t\t\t\t\t\t<div class=\"elementor-container elementor-column-gap-wide\">\n\t\t\t\t\t\t\t<div class=\"elementor-row\">\n\t\t\t\t\t<div data-dce-background-color=\"#09969E\" class=\"elementor-column elementor-col-100 elementor-top-column elementor-element elementor-element-2d74aee7\" data-id=\"2d74aee7\" data-element_type=\"column\" data-settings=\"{&quot;background_background&quot;:&quot;classic&quot;}\">\n\t\t\t<div class=\"elementor-column-wrap elementor-element-populated\">\n\t\t\t\t\t\t\t<div class=\"elementor-widget-wrap\">\n\t\t\t\t\t\t<div class=\"elementor-element elementor-element-78d57050 dce_masking-none elementor-widget elementor-widget-image\" data-id=\"78d57050\" data-element_type=\"widget\" data-widget_type=\"image.default\">\n\t\t\t\t<div class=\"elementor-widget-container\">\n\t\t\t\t\t\t\t\t<div class=\"elementor-image\">\n\t\t\t\t\t\t\t\t\t\t\t\t<img decoding=\"async\" src=\"https:\/\/d1mcpktd27z5n0.cloudfront.net\/cdn\/wbproducoes\/site\/2020\/06\/29144950\/modelo_banner_site-1-scaled.jpg\" title=\"modelo_banner_site (1)\" alt=\"modelo_banner_site (1)\" \/>\t\t\t\t\t\t\t\t\t\t\t\t\t\t<\/div>\n\t\t\t\t\t\t<\/div>\n\t\t\t\t<\/div>\n\t\t\t\t<section class=\"elementor-section elementor-inner-section elementor-element elementor-element-23730eee elementor-reverse-tablet elementor-reverse-mobile elementor-section-boxed elementor-section-height-default elementor-section-height-default\" data-id=\"23730eee\" data-element_type=\"section\" data-settings=\"{&quot;jet_parallax_layout_list&quot;:[{&quot;jet_parallax_layout_image&quot;:{&quot;url&quot;:&quot;&quot;,&quot;id&quot;:&quot;&quot;},&quot;_id&quot;:&quot;5776833&quot;,&quot;jet_parallax_layout_image_tablet&quot;:{&quot;url&quot;:&quot;&quot;,&quot;id&quot;:&quot;&quot;},&quot;jet_parallax_layout_image_mobile&quot;:{&quot;url&quot;:&quot;&quot;,&quot;id&quot;:&quot;&quot;},&quot;jet_parallax_layout_speed&quot;:{&quot;unit&quot;:&quot;%&quot;,&quot;size&quot;:50,&quot;sizes&quot;:[]},&quot;jet_parallax_layout_type&quot;:&quot;scroll&quot;,&quot;jet_parallax_layout_direction&quot;:null,&quot;jet_parallax_layout_fx_direction&quot;:null,&quot;jet_parallax_layout_z_index&quot;:&quot;&quot;,&quot;jet_parallax_layout_bg_x&quot;:50,&quot;jet_parallax_layout_bg_x_tablet&quot;:&quot;&quot;,&quot;jet_parallax_layout_bg_x_mobile&quot;:&quot;&quot;,&quot;jet_parallax_layout_bg_y&quot;:50,&quot;jet_parallax_layout_bg_y_tablet&quot;:&quot;&quot;,&quot;jet_parallax_layout_bg_y_mobile&quot;:&quot;&quot;,&quot;jet_parallax_layout_bg_size&quot;:&quot;auto&quot;,&quot;jet_parallax_layout_bg_size_tablet&quot;:&quot;&quot;,&quot;jet_parallax_layout_bg_size_mobile&quot;:&quot;&quot;,&quot;jet_parallax_layout_animation_prop&quot;:&quot;transform&quot;,&quot;jet_parallax_layout_on&quot;:[&quot;desktop&quot;,&quot;tablet&quot;]}]}\">\n\t\t\t\t\t\t<div class=\"elementor-container elementor-column-gap-default\">\n\t\t\t\t\t\t\t<div class=\"elementor-row\">\n\t\t\t\t\t<div data-dce-background-color=\"#C1D2E400\" class=\"elementor-column elementor-col-50 elementor-inner-column elementor-element elementor-element-6aa6705\" data-id=\"6aa6705\" data-element_type=\"column\" data-settings=\"{&quot;background_background&quot;:&quot;classic&quot;}\">\n\t\t\t<div class=\"elementor-column-wrap elementor-element-populated\">\n\t\t\t\t\t\t\t<div class=\"elementor-widget-wrap\">\n\t\t\t\t\t\t<div class=\"elementor-element elementor-element-24c46fb elementor-align-center elementor-widget elementor-widget-button\" data-id=\"24c46fb\" data-element_type=\"widget\" data-widget_type=\"button.default\">\n\t\t\t\t<div class=\"elementor-widget-container\">\n\t\t\t\t\t<div class=\"elementor-button-wrapper\">\n\t\t\t<a href=\"https:\/\/wbproducoes.com\/wp-content\/uploads\/2026\/01\/Book-Antes-do-Ano-Que-Vem-Visual-1.pdf\" target=\"_blank\" class=\"elementor-button-link elementor-button elementor-size-sm\" role=\"button\">\n\t\t\t\t\t\t<span class=\"elementor-button-content-wrapper\">\n\t\t\t\t\t\t<span class=\"elementor-button-icon elementor-align-icon-right\">\n\t\t\t\t<i aria-hidden=\"true\" class=\"far fa-file-pdf\"><\/i>\t\t\t<\/span>\n\t\t\t\t\t\t<span class=\"elementor-button-text\">CLIQUE E CONHE\u00c7A O PROJETO<\/span>\n\t\t<\/span>\n\t\t\t\t\t<\/a>\n\t\t<\/div>\n\t\t\t\t<\/div>\n\t\t\t\t<\/div>\n\t\t\t\t\t\t<\/div>\n\t\t\t\t\t<\/div>\n\t\t<\/div>\n\t\t\t\t<div class=\"elementor-column elementor-col-50 elementor-inner-column elementor-element elementor-element-7ca0fbbb\" data-id=\"7ca0fbbb\" data-element_type=\"column\">\n\t\t\t<div class=\"elementor-column-wrap elementor-element-populated\">\n\t\t\t\t\t\t\t<div class=\"elementor-widget-wrap\">\n\t\t\t\t\t\t<div class=\"elementor-element elementor-element-64c16c22 elementor-widget elementor-widget-heading\" data-id=\"64c16c22\" data-element_type=\"widget\" data-widget_type=\"heading.default\">\n\t\t\t\t<div class=\"elementor-widget-container\">\n\t\t\t<h2 class=\"elementor-heading-title elementor-size-default\">Antes do Ano Que Vem<\/h2>\t\t<\/div>\n\t\t\t\t<\/div>\n\t\t\t\t<div class=\"elementor-element elementor-element-6009f81f elementor-widget elementor-widget-text-editor\" data-id=\"6009f81f\" data-element_type=\"widget\" data-widget_type=\"text-editor.default\">\n\t\t\t\t<div class=\"elementor-widget-container\">\n\t\t\t\t\t\t\t\t<div class=\"elementor-text-editor elementor-clearfix\">\n\t\t\t\t<p><strong>\u201cAntes do ano que vem\u201d<\/strong> tem como pano de fundo uma das datas mais simb\u00f3licas do calend\u00e1rio mundial. Se o Ano Novo para alguns \u00e9 uma comemora\u00e7\u00e3o festiva e alegre, para outros pode tamb\u00e9m representar um momento de ang\u00fastia por tudo que j\u00e1 foi sonhado, mas n\u00e3o se realizou.<\/p><p>A imprevisibilidade constitui o grande mote para a com\u00e9dia escrita por <strong>Gustavo Pinheiro<\/strong> (respons\u00e1vel pelos espet\u00e1culos \u201cA Tropa\u201d, \u201cAlair\u201d e \u201cOs Impostores\u201d). A narrativa exp\u00f5e necessidades, ang\u00fastias e desejos de sete personagens que encaram a virada do ano com perspectivas bastante distintas. Todas as personagens s\u00e3o interpretadas por <strong>Mariana Xavier<\/strong>, com dire\u00e7\u00e3o de <strong>Ana Paula Bouzas e L\u00e1zaro Ramos.<\/strong><\/p><p>\u201cAntes do Ano Que Vem\u201d \u00e9 uma hist\u00f3ria de acolhimento e esperan\u00e7a contada com muito humor atrav\u00e9s do olhar de <strong>Dizuite,<\/strong> a faxineira da Central de Apoio aos Desesperados (CAD), uma esp\u00e9cie de CVV (Centro de Valoriza\u00e7\u00e3o da Vida). \u00c9 noite de reveillon, h\u00e1 um aumento significativo no n\u00famero de liga\u00e7\u00f5es com pedidos de ajuda, pois as datas de \u201cfelicidade obrigat\u00f3ria\u201d afloram ainda mais as emo\u00e7\u00f5es de quem n\u00e3o est\u00e1 l\u00e1 muito satisfeito com a pr\u00f3pria vida.<\/p><p>A psic\u00f3loga plantonista do CAD n\u00e3o aparece pra trabalhar e Dizuite, que n\u00e3o foi preparada pra fun\u00e7\u00e3o, mas administra com sabedoria popular as dores e del\u00edcias do pr\u00f3prio cotidiano, \u00e9 quem tem que atender aos telefonemas, mostrando \u00e0quelas pessoas que vale a pena viver e que ainda d\u00e1 pra ser feliz antes do ano que vem. Da adolescente tra\u00edda \u00e0 socialite falida, a com\u00e9dia revela sete diferentes personagens que avaliam a vida e projetam seus votos de novo ano em perspectivas curiosas e divertidas.<\/p>\t\t\t\t\t<\/div>\n\t\t\t\t\t\t<\/div>\n\t\t\t\t<\/div>\n\t\t\t\t<div class=\"elementor-element elementor-element-54dc807e elementor-widget elementor-widget-heading\" data-id=\"54dc807e\" data-element_type=\"widget\" data-widget_type=\"heading.default\">\n\t\t\t\t<div class=\"elementor-widget-container\">\n\t\t\t<h2 class=\"elementor-heading-title elementor-size-default\">Ficha T\u00e9cnica<\/h2>\t\t<\/div>\n\t\t\t\t<\/div>\n\t\t\t\t<div class=\"elementor-element elementor-element-42c564ec elementor-widget elementor-widget-text-editor\" data-id=\"42c564ec\" data-element_type=\"widget\" data-widget_type=\"text-editor.default\">\n\t\t\t\t<div class=\"elementor-widget-container\">\n\t\t\t\t\t\t\t\t<div class=\"elementor-text-editor elementor-clearfix\">\n\t\t\t\t<div class=\"gmail_default\"><p><strong>Texto<\/strong>: Gustavo Pinheiro<\/p><\/div><div class=\"gmail_default\"><p><strong>Dire\u00e7\u00e3o:<\/strong> Ana Paula Bouzas e L\u00e1zaro Ramos<\/p><p><strong>Elenco:<\/strong> Mariana Xavier<\/p><p><strong>Idealiza\u00e7\u00e3o:<\/strong> Mariana Xavier<\/p><p><strong>Produ\u00e7\u00e3o Geral:<\/strong> Bruna Dornellas e Wesley Telles<\/p><p><strong>Dire\u00e7\u00e3o de Movimento:<\/strong> M\u00e1rcio Vieira<\/p><p><strong>Produ\u00e7\u00e3o Executiva:<\/strong> Clarice Coelho<\/p><p><strong>Assistente de Produ\u00e7\u00e3o:<\/strong> Guilherme Balestrero<\/p><p><strong>Gest\u00e3o de Projetos:<\/strong> Deivid Andrade<\/p><p><strong>Gest\u00e3o de Comunica\u00e7\u00e3o:<\/strong> B\u00e1rbara Kuster<\/p><p><strong>Social Media: <\/strong>Lilian Soares e Luis Mousinho<\/p><p><strong>Cria\u00e7\u00e3o de Arte:<\/strong> Yasmin Campbell<\/p><p><strong>Design Gr\u00e1fico:<\/strong> Alana Karralrey, Jhon Lucas Paes e Nat\u00e1lia Farias<\/p><p><strong>Consultoria Terap\u00eautica:<\/strong> Rossandro Klinjey<\/p><p><strong>Design de Luz:<\/strong> Adriana Ortiz<br \/><strong><br \/>Cen\u00e1rio:<\/strong> Natalia Lana<br \/><strong><br \/>Cenot\u00e9cnico:<\/strong> Andr\u00e9 Salles e Equipe<br \/><strong><br \/>Costureira de Cen\u00e1rio:<\/strong> Nice Tramontin<br \/><strong><br \/>Figurino:<\/strong> Tereza Nabuco<br \/><strong><br \/>Costureira Figurino:<\/strong> Ad\u00e9lia Andrade<br \/><strong><br \/>Prepara\u00e7\u00e3o vocal:<\/strong> Jorge Maia<br \/><strong><br \/>Trilha Sonora:<\/strong> Jarbas Bittencourt<br \/><strong><br \/>Operador de Som:<\/strong> Julio Coelho<br \/><strong><br \/>Operador de Luz:<\/strong> Matheus Espessoto<\/p><p><strong>Fotos de Cena: <\/strong>Adriano D\u00f3ria<\/p><p><strong>Assessoria de Imprensa:<\/strong> Pombo Correio<\/p><p><strong>Coordena\u00e7\u00e3o Administrativa:<\/strong> Leticia Napole<br \/><strong><br \/>Assessoria Cont\u00e1bil:<\/strong> Gavacon Contabilidade<br \/><strong><br \/>Assessoria Jur\u00eddica:<\/strong> Maia, Miranda e Beninc\u00e1 Advocacia<br \/><strong><br \/>Produtores Associados:<\/strong> Bruna Dornellas, Mariana Xavier e Wesley Telles<br \/><strong><br \/>Realiza\u00e7\u00e3o:<\/strong> WB Produ\u00e7\u00f5es e Trampo Produ\u00e7\u00f5es<\/p><\/div>\t\t\t\t\t<\/div>\n\t\t\t\t\t\t<\/div>\n\t\t\t\t<\/div>\n\t\t\t\t\t\t<\/div>\n\t\t\t\t\t<\/div>\n\t\t<\/div>\n\t\t\t\t\t\t\t\t<\/div>\n\t\t\t\t\t<\/div>\n\t\t<\/section>\n\t\t\t\t\t\t<\/div>\n\t\t\t\t\t<\/div>\n\t\t<\/div>\n\t\t\t\t\t\t\t\t<\/div>\n\t\t\t\t\t<\/div>\n\t\t<\/section>\n\t\t\t\t\t\t<\/div>\n\t\t\t\t\t\t<\/div>\n\t\t\t\t\t<\/div>\n\t\t","protected":false},"excerpt":{"rendered":"<p>CLIQUE E CONHE\u00c7A O PROJETO Antes do Ano Que Vem \u201cAntes do ano que vem\u201d tem como pano de fundo uma das datas mais simb\u00f3licas do calend\u00e1rio mundial. Se o Ano Novo para alguns \u00e9 uma comemora\u00e7\u00e3o festiva e alegre, para outros pode tamb\u00e9m representar um momento de ang\u00fastia por tudo que j\u00e1 foi sonhado, [&hellip;]<\/p>\n","protected":false},"author":2,"featured_media":49092,"parent":0,"menu_order":0,"comment_status":"closed","ping_status":"closed","template":"","meta":[],"acf":[],"_links":{"self":[{"href":"https:\/\/wbproducoes.com\/en\/wp-json\/wp\/v2\/pages\/47117"}],"collection":[{"href":"https:\/\/wbproducoes.com\/en\/wp-json\/wp\/v2\/pages"}],"about":[{"href":"https:\/\/wbproducoes.com\/en\/wp-json\/wp\/v2\/types\/page"}],"author":[{"embeddable":true,"href":"https:\/\/wbproducoes.com\/en\/wp-json\/wp\/v2\/users\/2"}],"replies":[{"embeddable":true,"href":"https:\/\/wbproducoes.com\/en\/wp-json\/wp\/v2\/comments?post=47117"}],"version-history":[{"count":38,"href":"https:\/\/wbproducoes.com\/en\/wp-json\/wp\/v2\/pages\/47117\/revisions"}],"predecessor-version":[{"id":153994,"href":"https:\/\/wbproducoes.com\/en\/wp-json\/wp\/v2\/pages\/47117\/revisions\/153994"}],"wp:featuredmedia":[{"embeddable":true,"href":"https:\/\/wbproducoes.com\/en\/wp-json\/wp\/v2\/media\/49092"}],"wp:attachment":[{"href":"https:\/\/wbproducoes.com\/en\/wp-json\/wp\/v2\/media?parent=47117"}],"curies":[{"name":"wp","href":"https:\/\/api.w.org\/{rel}","templated":true}]}}