{"id":49750,"date":"2020-05-26T19:45:03","date_gmt":"2020-05-26T19:45:03","guid":{"rendered":"https:\/\/wbproducoes.com\/?page_id=49750"},"modified":"2023-03-30T18:10:56","modified_gmt":"2023-03-30T21:10:56","slug":"projeto-gargalhada-selvagem","status":"publish","type":"page","link":"https:\/\/wbproducoes.com\/en\/projeto-gargalhada-selvagem\/","title":{"rendered":"PROJETO GARGALHADA SELVAGEM"},"content":{"rendered":"\t\t<div data-elementor-type=\"wp-post\" data-elementor-id=\"49750\" data-post-id=\"49750\" data-obj-id=\"49750\" class=\"elementor elementor-49750 dce-elementor-post-49750\" data-elementor-settings=\"[]\">\n\t\t\t\t\t\t<div class=\"elementor-inner\">\n\t\t\t\t\t\t\t<div class=\"elementor-section-wrap\">\n\t\t\t\t\t\t\t<section class=\"elementor-section elementor-top-section elementor-element elementor-element-36318bfb elementor-section-stretched elementor-section-full_width elementor-section-height-default elementor-section-height-default\" data-id=\"36318bfb\" data-element_type=\"section\" data-settings=\"{&quot;jet_parallax_layout_list&quot;:[{&quot;jet_parallax_layout_image&quot;:{&quot;url&quot;:&quot;&quot;,&quot;id&quot;:&quot;&quot;},&quot;_id&quot;:&quot;1501345&quot;,&quot;jet_parallax_layout_image_tablet&quot;:{&quot;url&quot;:&quot;&quot;,&quot;id&quot;:&quot;&quot;},&quot;jet_parallax_layout_image_mobile&quot;:{&quot;url&quot;:&quot;&quot;,&quot;id&quot;:&quot;&quot;},&quot;jet_parallax_layout_speed&quot;:{&quot;unit&quot;:&quot;%&quot;,&quot;size&quot;:50,&quot;sizes&quot;:[]},&quot;jet_parallax_layout_type&quot;:&quot;scroll&quot;,&quot;jet_parallax_layout_direction&quot;:null,&quot;jet_parallax_layout_fx_direction&quot;:null,&quot;jet_parallax_layout_z_index&quot;:&quot;&quot;,&quot;jet_parallax_layout_bg_x&quot;:50,&quot;jet_parallax_layout_bg_x_tablet&quot;:&quot;&quot;,&quot;jet_parallax_layout_bg_x_mobile&quot;:&quot;&quot;,&quot;jet_parallax_layout_bg_y&quot;:50,&quot;jet_parallax_layout_bg_y_tablet&quot;:&quot;&quot;,&quot;jet_parallax_layout_bg_y_mobile&quot;:&quot;&quot;,&quot;jet_parallax_layout_bg_size&quot;:&quot;auto&quot;,&quot;jet_parallax_layout_bg_size_tablet&quot;:&quot;&quot;,&quot;jet_parallax_layout_bg_size_mobile&quot;:&quot;&quot;,&quot;jet_parallax_layout_animation_prop&quot;:&quot;transform&quot;,&quot;jet_parallax_layout_on&quot;:[&quot;desktop&quot;,&quot;tablet&quot;]}],&quot;stretch_section&quot;:&quot;section-stretched&quot;,&quot;background_background&quot;:&quot;classic&quot;}\">\n\t\t\t\t\t\t<div class=\"elementor-container elementor-column-gap-no\">\n\t\t\t\t\t\t\t<div class=\"elementor-row\">\n\t\t\t\t\t<div class=\"elementor-column elementor-col-100 elementor-top-column elementor-element elementor-element-d9d26ae\" data-id=\"d9d26ae\" data-element_type=\"column\">\n\t\t\t<div class=\"elementor-column-wrap elementor-element-populated\">\n\t\t\t\t\t\t\t<div class=\"elementor-widget-wrap\">\n\t\t\t\t\t\t<div class=\"elementor-element elementor-element-467cd848 dce_masking-none elementor-widget elementor-widget-image\" data-id=\"467cd848\" data-element_type=\"widget\" data-widget_type=\"image.default\">\n\t\t\t\t<div class=\"elementor-widget-container\">\n\t\t\t\t\t\t\t\t<div class=\"elementor-image\">\n\t\t\t\t\t\t\t\t\t\t\t\t<img decoding=\"async\" width=\"1872\" height=\"444\" src=\"https:\/\/wbproducoes.com\/wp-content\/uploads\/2023\/03\/CAPA-PROJETO.jpg\" class=\"attachment-full size-full\" alt=\"\" loading=\"lazy\" srcset=\"https:\/\/wbproducoes.com\/wp-content\/uploads\/2023\/03\/CAPA-PROJETO.jpg 1872w, https:\/\/wbproducoes.com\/wp-content\/uploads\/2023\/03\/CAPA-PROJETO-300x71.jpg 300w, https:\/\/wbproducoes.com\/wp-content\/uploads\/2023\/03\/CAPA-PROJETO-1024x243.jpg 1024w, https:\/\/wbproducoes.com\/wp-content\/uploads\/2023\/03\/CAPA-PROJETO-768x182.jpg 768w, https:\/\/wbproducoes.com\/wp-content\/uploads\/2023\/03\/CAPA-PROJETO-1536x364.jpg 1536w\" sizes=\"(max-width: 1872px) 100vw, 1872px\" \/>\t\t\t\t\t\t\t\t\t\t\t\t\t\t<\/div>\n\t\t\t\t\t\t<\/div>\n\t\t\t\t<\/div>\n\t\t\t\t\t\t<\/div>\n\t\t\t\t\t<\/div>\n\t\t<\/div>\n\t\t\t\t\t\t\t\t<\/div>\n\t\t\t\t\t<\/div>\n\t\t<\/section>\n\t\t\t\t<section data-dce-background-overlay-color=\"rgba(220,183,124,0)\" data-dce-background-image-url=\"https:\/\/d1mcpktd27z5n0.cloudfront.net\/cdn\/wbproducoes\/site\/2019\/08\/23201218\/BACKGROUD-SITE-PROJETOS-7.jpg\" class=\"elementor-section elementor-top-section elementor-element elementor-element-41b573e2 elementor-reverse-mobile elementor-section-stretched elementor-section-boxed elementor-section-height-default elementor-section-height-default\" data-id=\"41b573e2\" data-element_type=\"section\" data-settings=\"{&quot;jet_parallax_layout_list&quot;:[{&quot;jet_parallax_layout_image&quot;:{&quot;url&quot;:&quot;&quot;,&quot;id&quot;:&quot;&quot;},&quot;_id&quot;:&quot;0f1a79a&quot;,&quot;jet_parallax_layout_image_tablet&quot;:{&quot;url&quot;:&quot;&quot;,&quot;id&quot;:&quot;&quot;},&quot;jet_parallax_layout_image_mobile&quot;:{&quot;url&quot;:&quot;&quot;,&quot;id&quot;:&quot;&quot;},&quot;jet_parallax_layout_speed&quot;:{&quot;unit&quot;:&quot;%&quot;,&quot;size&quot;:50,&quot;sizes&quot;:[]},&quot;jet_parallax_layout_type&quot;:&quot;scroll&quot;,&quot;jet_parallax_layout_direction&quot;:null,&quot;jet_parallax_layout_fx_direction&quot;:null,&quot;jet_parallax_layout_z_index&quot;:&quot;&quot;,&quot;jet_parallax_layout_bg_x&quot;:50,&quot;jet_parallax_layout_bg_x_tablet&quot;:&quot;&quot;,&quot;jet_parallax_layout_bg_x_mobile&quot;:&quot;&quot;,&quot;jet_parallax_layout_bg_y&quot;:50,&quot;jet_parallax_layout_bg_y_tablet&quot;:&quot;&quot;,&quot;jet_parallax_layout_bg_y_mobile&quot;:&quot;&quot;,&quot;jet_parallax_layout_bg_size&quot;:&quot;auto&quot;,&quot;jet_parallax_layout_bg_size_tablet&quot;:&quot;&quot;,&quot;jet_parallax_layout_bg_size_mobile&quot;:&quot;&quot;,&quot;jet_parallax_layout_animation_prop&quot;:&quot;transform&quot;,&quot;jet_parallax_layout_on&quot;:[&quot;desktop&quot;,&quot;tablet&quot;]}],&quot;background_background&quot;:&quot;classic&quot;,&quot;stretch_section&quot;:&quot;section-stretched&quot;}\">\n\t\t\t\t\t\t\t<div class=\"elementor-background-overlay\"><\/div>\n\t\t\t\t\t\t\t<div class=\"elementor-container elementor-column-gap-wide\">\n\t\t\t\t\t\t\t<div class=\"elementor-row\">\n\t\t\t\t\t<div class=\"elementor-column elementor-col-100 elementor-top-column elementor-element elementor-element-34db198a\" data-id=\"34db198a\" data-element_type=\"column\">\n\t\t\t<div class=\"elementor-column-wrap elementor-element-populated\">\n\t\t\t\t\t\t\t<div class=\"elementor-widget-wrap\">\n\t\t\t\t\t\t<section class=\"elementor-section elementor-inner-section elementor-element elementor-element-175fce4c elementor-section-boxed elementor-section-height-default elementor-section-height-default\" data-id=\"175fce4c\" data-element_type=\"section\" data-settings=\"{&quot;jet_parallax_layout_list&quot;:[{&quot;jet_parallax_layout_image&quot;:{&quot;url&quot;:&quot;&quot;,&quot;id&quot;:&quot;&quot;},&quot;_id&quot;:&quot;5776833&quot;,&quot;jet_parallax_layout_image_tablet&quot;:{&quot;url&quot;:&quot;&quot;,&quot;id&quot;:&quot;&quot;},&quot;jet_parallax_layout_image_mobile&quot;:{&quot;url&quot;:&quot;&quot;,&quot;id&quot;:&quot;&quot;},&quot;jet_parallax_layout_speed&quot;:{&quot;unit&quot;:&quot;%&quot;,&quot;size&quot;:50,&quot;sizes&quot;:[]},&quot;jet_parallax_layout_type&quot;:&quot;scroll&quot;,&quot;jet_parallax_layout_direction&quot;:null,&quot;jet_parallax_layout_fx_direction&quot;:null,&quot;jet_parallax_layout_z_index&quot;:&quot;&quot;,&quot;jet_parallax_layout_bg_x&quot;:50,&quot;jet_parallax_layout_bg_x_tablet&quot;:&quot;&quot;,&quot;jet_parallax_layout_bg_x_mobile&quot;:&quot;&quot;,&quot;jet_parallax_layout_bg_y&quot;:50,&quot;jet_parallax_layout_bg_y_tablet&quot;:&quot;&quot;,&quot;jet_parallax_layout_bg_y_mobile&quot;:&quot;&quot;,&quot;jet_parallax_layout_bg_size&quot;:&quot;auto&quot;,&quot;jet_parallax_layout_bg_size_tablet&quot;:&quot;&quot;,&quot;jet_parallax_layout_bg_size_mobile&quot;:&quot;&quot;,&quot;jet_parallax_layout_animation_prop&quot;:&quot;transform&quot;,&quot;jet_parallax_layout_on&quot;:[&quot;desktop&quot;,&quot;tablet&quot;]}]}\">\n\t\t\t\t\t\t<div class=\"elementor-container elementor-column-gap-default\">\n\t\t\t\t\t\t\t<div class=\"elementor-row\">\n\t\t\t\t\t<div class=\"elementor-column elementor-col-50 elementor-inner-column elementor-element elementor-element-28081a69\" data-id=\"28081a69\" data-element_type=\"column\">\n\t\t\t<div class=\"elementor-column-wrap elementor-element-populated\">\n\t\t\t\t\t\t\t<div class=\"elementor-widget-wrap\">\n\t\t\t\t\t\t<div class=\"elementor-element elementor-element-31be9c4 elementor-button-success elementor-widget elementor-widget-button\" data-id=\"31be9c4\" data-element_type=\"widget\" data-widget_type=\"button.default\">\n\t\t\t\t<div class=\"elementor-widget-container\">\n\t\t\t\t\t<div class=\"elementor-button-wrapper\">\n\t\t\t<a href=\"https:\/\/wbproducoes.com\/wp-content\/uploads\/2022\/11\/book-GARGALHADA-NOVEMBRO-WESLEY.pdf\" class=\"elementor-button-link elementor-button elementor-size-md\" role=\"button\">\n\t\t\t\t\t\t<span class=\"elementor-button-content-wrapper\">\n\t\t\t\t\t\t<span class=\"elementor-button-icon elementor-align-icon-right\">\n\t\t\t\t<i aria-hidden=\"true\" class=\"fas fa-file-pdf\"><\/i>\t\t\t<\/span>\n\t\t\t\t\t\t<span class=\"elementor-button-text\">CLIQUE E CONHE\u00c7A O PROJETO <\/span>\n\t\t<\/span>\n\t\t\t\t\t<\/a>\n\t\t<\/div>\n\t\t\t\t<\/div>\n\t\t\t\t<\/div>\n\t\t\t\t\t\t<\/div>\n\t\t\t\t\t<\/div>\n\t\t<\/div>\n\t\t\t\t<div class=\"elementor-column elementor-col-50 elementor-inner-column elementor-element elementor-element-fe69a34\" data-id=\"fe69a34\" data-element_type=\"column\">\n\t\t\t<div class=\"elementor-column-wrap elementor-element-populated\">\n\t\t\t\t\t\t\t<div class=\"elementor-widget-wrap\">\n\t\t\t\t\t\t<div class=\"elementor-element elementor-element-71d81e77 elementor-widget elementor-widget-heading\" data-id=\"71d81e77\" data-element_type=\"widget\" data-widget_type=\"heading.default\">\n\t\t\t\t<div class=\"elementor-widget-container\">\n\t\t\t<h2 class=\"elementor-heading-title elementor-size-default\">Gargalhada Selvagem <\/h2>\t\t<\/div>\n\t\t\t\t<\/div>\n\t\t\t\t<div class=\"elementor-element elementor-element-7bff46cd elementor-widget elementor-widget-text-editor\" data-id=\"7bff46cd\" data-element_type=\"widget\" data-widget_type=\"text-editor.default\">\n\t\t\t\t<div class=\"elementor-widget-container\">\n\t\t\t\t\t\t\t\t<div class=\"elementor-text-editor elementor-clearfix\">\n\t\t\t\t<p><strong>Alexandra Richter e Rodrigo Fagundes estrelam esta com\u00e9dia in\u00e9dita no Brasil! <\/strong><\/p><p><em>Com dire\u00e7\u00e3o e adapta\u00e7\u00e3o de <strong>Guilherme Weber<\/strong>, a nova vers\u00e3o para o texto do norte-americano <strong>Christopher Durang<\/strong> \u00e9 uma s\u00e1tira social sobre a import\u00e2ncia de rirmos de n\u00f3s mesmos<\/em><\/p><p><em>\u00a0<\/em>\u201cRir de n\u00f3s mesmos nos aproxima mais daquilo que somos!\u201d \u00e9 o mote da divertida e inteligente com\u00e9dia <strong>Gargalhada Selvagem<\/strong>, do norte-americano <strong>Christopher Durang<\/strong>, que \u00e9 sucesso em v\u00e1rios pa\u00edses e \u00e9 encenada no Brasil pela primeira vez.<\/p><p>Escrita em 1987, o texto, com t\u00edtulo original de <em>\u201cLaughing Wild\u201d, a obra <\/em>teve 13 outras montagens em pa\u00edses como Austr\u00e1lia, Inglaterra, Espanha e Argentina, vistas por mais de 5 milh\u00f5es de pessoas em todo o mundo, nos Estados Unidos, o texto teve produ\u00e7\u00f5es de grande sucesso em Nova York, tendo brilhado no Circuito Broadway e Los Angeles, al\u00e9m de Boston.<\/p><p>A vers\u00e3o brasileira \u00e9 comandada por um time de peso. A idealiza\u00e7\u00e3o \u00e9 dos produtores <strong>Bruna Dornellas <\/strong>e<strong> Wesley Telles <\/strong>da<strong> WB Produ\u00e7\u00f5es<\/strong>, que em sua pesquisa de dramaturgia se encantaram com a ferocidade e a comicidade do texto e resolveram apostar em uma nova montagem. A produtora tamb\u00e9m \u00e9 respons\u00e1vel por v\u00e1rios outros grandes espet\u00e1culos, como: \u201cAtrav\u00e9s da Iris\u201d, com Nathalia Timberg, \u201cMisery\u201d de Stephen King, com Mel Lisboa e Marcello Airoldi e \u201cTr\u00eas Mulheres Altas\u201d de Edward Albee, com Deborah Evelyn, Nathalia Dill e Suely Franco.<\/p><p>Para a dire\u00e7\u00e3o, eles convidaram o premiado diretor curitibano <strong>Guilherme Weber; <\/strong>e o elenco traz a dupla <strong>Alexandra Richter <\/strong>e<strong> Rodrigo Fagundes<\/strong>, grandes artistas e veteranos no humor, com muitos trabalhos de sucesso na TV, no cinema e no teatro.<\/p><p><strong>Gargalhada Selvagem<\/strong> \u00e9 uma s\u00e1tira social que mostra por meio de situa\u00e7\u00f5es comuns do dia a dia que o mais importante da vida \u00e9 saber rir de si mesmo. A ideia \u00e9 usar o poder corrosivo da com\u00e9dia inteligente para satirizar nossos costumes e propor uma reflex\u00e3o sobre nosso cotidiano, como a neurose da vida em uma grande cidade, os relacionamentos amorosos, a positividade quase artificial que a sociedade contempor\u00e2nea nos exige e o artificialismo de algumas rela\u00e7\u00f5es.<\/p><p>\u201cA ferocidade da vida nas grandes cidades apenas aumentou desde que o texto foi escrito e \u00e9 nesta observa\u00e7\u00e3o que os personagens s\u00e3o criados. S\u00e3o, ambos, um cat\u00e1logo de neuroses da vida urbana e, quando estes cat\u00e1logos se encontram, explodem em com\u00e9dia. Os personagens s\u00e3o dois atores que usam o humor como escudo, a linguagem como arma e a piada como um colete salva vidas\u201d, reflete o diretor.<\/p><p>A trama \u00e9 dividida em tr\u00eas grandes momentos que envolvem um homem e uma mulher que atravessam a mesma g\u00f4ndola de um supermercado. Ambos pertencem a universos diferentes, t\u00eam jeitos bem particulares de ser e ver o mundo e compartilham suas experi\u00eancias com o p\u00fablico. Eles lutam para entender a sociedade e fazer parte de um cotidiano em que todo mundo parece conhecer as regras.<\/p><p>O primeiro desses momentos fica a cargo da personagem feminina, que \u00e9 altamente agitada, intensa e eleva ao m\u00e1ximo todas as mazelas do seu dia a dia. Ela conta, de forma desenfreada e divertida, como foi o seu trajeto de vida, unindo momentos que v\u00e3o da loucura \u00e0 sensatez, e que se cruzam at\u00e9 a chegada daquele dia em que s\u00f3 queria comprar uma lata de atum no supermercado.<\/p><p>O segundo momento fica a cargo do personagem masculino, buscando harmonia, mas a ponto de explodir. Ele reflete de forma intimista e engra\u00e7ada, como \u00e9 dif\u00edcil ser uma pessoa positiva em um mundo altamente negativo.<\/p><p>No Terceiro e \u00faltimo momento, os dois personagens se encontram e em um del\u00edrio confrontam a forma como cada um enxergou o outro no corredor do supermercado e eles percebem como rir dos pr\u00f3prios problemas \u00e9 uma forma de encar\u00e1-los, observando suas posturas e formas de ver o mundo.<\/p><p>Sobre suas influ\u00eancias para criar a encena\u00e7\u00e3o, o diretor conta: \u201cMinha primeira inspira\u00e7\u00e3o veio da pesquisa sobre humor Camp e Queer, os herdeiros do Teatro do Rid\u00edculo e a cena par\u00f3dica, que j\u00e1 trazia Christopher Durang como um dos meus principais focos. O teatro alternativo hilariante que se criou em Nova Iorque nos anos 70 e 80 moldou um tipo de humor muito caracter\u00edstico e original que reverbera at\u00e9 hoje. Era uma \u00e9poca de profunda provoca\u00e7\u00e3o e a com\u00e9dia sempre foi um terreno f\u00e9rtil para a observa\u00e7\u00e3o aguda do comportamento humano e seus desvios e desv\u00e3os. Foi com o filtro deste teatro que trabalhei nossa vers\u00e3o do texto. Quanto \u00e0 cena, meu ponto de partida \u00e9 o corpo dos atores, o desenho que cria narrativas, as tens\u00f5es que criam com\u00e9dia. Alexandra e Rodrigo s\u00e3o dois grandes comediantes populares fazendo aqui o trabalho sofisticado de conjugar diferentes tipos de com\u00e9dia\u201d<\/p><p>\u201cNossa vers\u00e3o pretende tamb\u00e9m ser uma homenagem \u00e0 com\u00e9dia como linguagem. Estamos compondo em cena diferentes express\u00f5es da com\u00e9dia e do humor: piada de sal\u00e3o, n\u00famero de plateia, humor f\u00edsico, par\u00f3dia, stand up, chanchada\u2026 E ainda lan\u00e7amos um olhar profundo sobre a obra do Christopher Durang. Sempre me interessou os dramaturgos que criaram grandes pap\u00e9is femininos atrav\u00e9s do filtro Queer, como ele. E tamb\u00e9m os diferentes tratamentos de com\u00e9dia que ele usa em seus textos, como a par\u00f3dia, por exemplo. \u00c9 um recurso de alta voltagem de humor e cr\u00edtica\u201d, acrescenta Weber.<\/p><p>\u00a0<\/p><p><strong>SINOPSE<\/strong><\/p><p>Gargalhada Selvagem \u00e9 uma com\u00e9dia hil\u00e1ria e provocativa sobre os perigos e tens\u00f5es da vida moderna em uma grande cidade. Um homem e uma mulher se esbarram em um supermercado comprando uma lata de atum e a partir deste encontro passam a habitar de forma hil\u00e1ria os sonhos e os pesadelos um do outro.\u00a0<\/p>\t\t\t\t\t<\/div>\n\t\t\t\t\t\t<\/div>\n\t\t\t\t<\/div>\n\t\t\t\t<div class=\"elementor-element elementor-element-483d9844 elementor-widget elementor-widget-text-editor\" data-id=\"483d9844\" data-element_type=\"widget\" data-widget_type=\"text-editor.default\">\n\t\t\t\t<div class=\"elementor-widget-container\">\n\t\t\t\t\t\t\t\t<div class=\"elementor-text-editor elementor-clearfix\">\n\t\t\t\t\t\t\t\t\t<\/div>\n\t\t\t\t\t\t<\/div>\n\t\t\t\t<\/div>\n\t\t\t\t\t\t<\/div>\n\t\t\t\t\t<\/div>\n\t\t<\/div>\n\t\t\t\t\t\t\t\t<\/div>\n\t\t\t\t\t<\/div>\n\t\t<\/section>\n\t\t\t\t\t\t<\/div>\n\t\t\t\t\t<\/div>\n\t\t<\/div>\n\t\t\t\t\t\t\t\t<\/div>\n\t\t\t\t\t<\/div>\n\t\t<\/section>\n\t\t\t\t\t\t<\/div>\n\t\t\t\t\t\t<\/div>\n\t\t\t\t\t<\/div>\n\t\t","protected":false},"excerpt":{"rendered":"<p>CLIQUE E CONHE\u00c7A O PROJETO Gargalhada Selvagem Alexandra Richter e Rodrigo Fagundes estrelam esta com\u00e9dia in\u00e9dita no Brasil! Com dire\u00e7\u00e3o e adapta\u00e7\u00e3o de Guilherme Weber, a nova vers\u00e3o para o texto do norte-americano Christopher Durang \u00e9 uma s\u00e1tira social sobre a import\u00e2ncia de rirmos de n\u00f3s mesmos \u00a0\u201cRir de n\u00f3s mesmos nos aproxima mais daquilo [&hellip;]<\/p>\n","protected":false},"author":2,"featured_media":49757,"parent":0,"menu_order":0,"comment_status":"closed","ping_status":"closed","template":"","meta":[],"acf":[],"_links":{"self":[{"href":"https:\/\/wbproducoes.com\/en\/wp-json\/wp\/v2\/pages\/49750"}],"collection":[{"href":"https:\/\/wbproducoes.com\/en\/wp-json\/wp\/v2\/pages"}],"about":[{"href":"https:\/\/wbproducoes.com\/en\/wp-json\/wp\/v2\/types\/page"}],"author":[{"embeddable":true,"href":"https:\/\/wbproducoes.com\/en\/wp-json\/wp\/v2\/users\/2"}],"replies":[{"embeddable":true,"href":"https:\/\/wbproducoes.com\/en\/wp-json\/wp\/v2\/comments?post=49750"}],"version-history":[{"count":28,"href":"https:\/\/wbproducoes.com\/en\/wp-json\/wp\/v2\/pages\/49750\/revisions"}],"predecessor-version":[{"id":107974,"href":"https:\/\/wbproducoes.com\/en\/wp-json\/wp\/v2\/pages\/49750\/revisions\/107974"}],"wp:featuredmedia":[{"embeddable":true,"href":"https:\/\/wbproducoes.com\/en\/wp-json\/wp\/v2\/media\/49757"}],"wp:attachment":[{"href":"https:\/\/wbproducoes.com\/en\/wp-json\/wp\/v2\/media?parent=49750"}],"curies":[{"name":"wp","href":"https:\/\/api.w.org\/{rel}","templated":true}]}}