{"id":49773,"date":"2020-05-29T17:18:47","date_gmt":"2020-05-29T17:18:47","guid":{"rendered":"https:\/\/wbproducoes.com\/?page_id=49773"},"modified":"2024-01-15T17:05:07","modified_gmt":"2024-01-15T20:05:07","slug":"projeto-a-vedete-do-brasil","status":"publish","type":"page","link":"https:\/\/wbproducoes.com\/en\/projeto-a-vedete-do-brasil\/","title":{"rendered":"PROJETO A VEDETE DO BRASIL"},"content":{"rendered":"\t\t<div data-elementor-type=\"wp-post\" data-elementor-id=\"49773\" data-post-id=\"49773\" data-obj-id=\"49773\" class=\"elementor elementor-49773 dce-elementor-post-49773\" data-elementor-settings=\"[]\">\n\t\t\t\t\t\t<div class=\"elementor-inner\">\n\t\t\t\t\t\t\t<div class=\"elementor-section-wrap\">\n\t\t\t\t\t\t\t<section class=\"elementor-section elementor-top-section elementor-element elementor-element-36318bfb elementor-section-stretched elementor-section-full_width elementor-section-height-default elementor-section-height-default\" data-id=\"36318bfb\" data-element_type=\"section\" data-settings=\"{&quot;jet_parallax_layout_list&quot;:[{&quot;jet_parallax_layout_image&quot;:{&quot;url&quot;:&quot;&quot;,&quot;id&quot;:&quot;&quot;},&quot;_id&quot;:&quot;1501345&quot;,&quot;jet_parallax_layout_image_tablet&quot;:{&quot;url&quot;:&quot;&quot;,&quot;id&quot;:&quot;&quot;},&quot;jet_parallax_layout_image_mobile&quot;:{&quot;url&quot;:&quot;&quot;,&quot;id&quot;:&quot;&quot;},&quot;jet_parallax_layout_speed&quot;:{&quot;unit&quot;:&quot;%&quot;,&quot;size&quot;:50,&quot;sizes&quot;:[]},&quot;jet_parallax_layout_type&quot;:&quot;scroll&quot;,&quot;jet_parallax_layout_direction&quot;:null,&quot;jet_parallax_layout_fx_direction&quot;:null,&quot;jet_parallax_layout_z_index&quot;:&quot;&quot;,&quot;jet_parallax_layout_bg_x&quot;:50,&quot;jet_parallax_layout_bg_x_tablet&quot;:&quot;&quot;,&quot;jet_parallax_layout_bg_x_mobile&quot;:&quot;&quot;,&quot;jet_parallax_layout_bg_y&quot;:50,&quot;jet_parallax_layout_bg_y_tablet&quot;:&quot;&quot;,&quot;jet_parallax_layout_bg_y_mobile&quot;:&quot;&quot;,&quot;jet_parallax_layout_bg_size&quot;:&quot;auto&quot;,&quot;jet_parallax_layout_bg_size_tablet&quot;:&quot;&quot;,&quot;jet_parallax_layout_bg_size_mobile&quot;:&quot;&quot;,&quot;jet_parallax_layout_animation_prop&quot;:&quot;transform&quot;,&quot;jet_parallax_layout_on&quot;:[&quot;desktop&quot;,&quot;tablet&quot;]}],&quot;stretch_section&quot;:&quot;section-stretched&quot;,&quot;background_background&quot;:&quot;classic&quot;}\">\n\t\t\t\t\t\t<div class=\"elementor-container elementor-column-gap-no\">\n\t\t\t\t\t\t\t<div class=\"elementor-row\">\n\t\t\t\t\t<div class=\"elementor-column elementor-col-100 elementor-top-column elementor-element elementor-element-d9d26ae\" data-id=\"d9d26ae\" data-element_type=\"column\">\n\t\t\t<div class=\"elementor-column-wrap elementor-element-populated\">\n\t\t\t\t\t\t\t<div class=\"elementor-widget-wrap\">\n\t\t\t\t\t\t<div class=\"elementor-element elementor-element-467cd848 dce_masking-none elementor-widget elementor-widget-image\" data-id=\"467cd848\" data-element_type=\"widget\" data-widget_type=\"image.default\">\n\t\t\t\t<div class=\"elementor-widget-container\">\n\t\t\t\t\t\t\t\t<div class=\"elementor-image\">\n\t\t\t\t\t\t\t\t\t\t\t\t<img decoding=\"async\" width=\"1920\" height=\"730\" src=\"https:\/\/wbproducoes.com\/wp-content\/uploads\/2020\/05\/banner-vedete.png\" class=\"attachment-full size-full\" alt=\"\" loading=\"lazy\" srcset=\"https:\/\/wbproducoes.com\/wp-content\/uploads\/2020\/05\/banner-vedete.png 1920w, https:\/\/wbproducoes.com\/wp-content\/uploads\/2020\/05\/banner-vedete-300x114.png 300w, https:\/\/wbproducoes.com\/wp-content\/uploads\/2020\/05\/banner-vedete-1024x389.png 1024w, https:\/\/wbproducoes.com\/wp-content\/uploads\/2020\/05\/banner-vedete-768x292.png 768w, https:\/\/wbproducoes.com\/wp-content\/uploads\/2020\/05\/banner-vedete-1536x584.png 1536w\" sizes=\"(max-width: 1920px) 100vw, 1920px\" \/>\t\t\t\t\t\t\t\t\t\t\t\t\t\t<\/div>\n\t\t\t\t\t\t<\/div>\n\t\t\t\t<\/div>\n\t\t\t\t\t\t<\/div>\n\t\t\t\t\t<\/div>\n\t\t<\/div>\n\t\t\t\t\t\t\t\t<\/div>\n\t\t\t\t\t<\/div>\n\t\t<\/section>\n\t\t\t\t<section data-dce-background-overlay-color=\"rgba(220,183,124,0)\" data-dce-background-image-url=\"https:\/\/d1mcpktd27z5n0.cloudfront.net\/cdn\/wbproducoes\/site\/2019\/08\/23201218\/BACKGROUD-SITE-PROJETOS-7.jpg\" class=\"elementor-section elementor-top-section elementor-element elementor-element-41b573e2 elementor-reverse-mobile elementor-section-stretched elementor-section-boxed elementor-section-height-default elementor-section-height-default\" data-id=\"41b573e2\" data-element_type=\"section\" data-settings=\"{&quot;jet_parallax_layout_list&quot;:[{&quot;jet_parallax_layout_image&quot;:{&quot;url&quot;:&quot;&quot;,&quot;id&quot;:&quot;&quot;},&quot;_id&quot;:&quot;0f1a79a&quot;,&quot;jet_parallax_layout_image_tablet&quot;:{&quot;url&quot;:&quot;&quot;,&quot;id&quot;:&quot;&quot;},&quot;jet_parallax_layout_image_mobile&quot;:{&quot;url&quot;:&quot;&quot;,&quot;id&quot;:&quot;&quot;},&quot;jet_parallax_layout_speed&quot;:{&quot;unit&quot;:&quot;%&quot;,&quot;size&quot;:50,&quot;sizes&quot;:[]},&quot;jet_parallax_layout_type&quot;:&quot;scroll&quot;,&quot;jet_parallax_layout_direction&quot;:null,&quot;jet_parallax_layout_fx_direction&quot;:null,&quot;jet_parallax_layout_z_index&quot;:&quot;&quot;,&quot;jet_parallax_layout_bg_x&quot;:50,&quot;jet_parallax_layout_bg_x_tablet&quot;:&quot;&quot;,&quot;jet_parallax_layout_bg_x_mobile&quot;:&quot;&quot;,&quot;jet_parallax_layout_bg_y&quot;:50,&quot;jet_parallax_layout_bg_y_tablet&quot;:&quot;&quot;,&quot;jet_parallax_layout_bg_y_mobile&quot;:&quot;&quot;,&quot;jet_parallax_layout_bg_size&quot;:&quot;auto&quot;,&quot;jet_parallax_layout_bg_size_tablet&quot;:&quot;&quot;,&quot;jet_parallax_layout_bg_size_mobile&quot;:&quot;&quot;,&quot;jet_parallax_layout_animation_prop&quot;:&quot;transform&quot;,&quot;jet_parallax_layout_on&quot;:[&quot;desktop&quot;,&quot;tablet&quot;]}],&quot;background_background&quot;:&quot;classic&quot;,&quot;stretch_section&quot;:&quot;section-stretched&quot;}\">\n\t\t\t\t\t\t\t<div class=\"elementor-background-overlay\"><\/div>\n\t\t\t\t\t\t\t<div class=\"elementor-container elementor-column-gap-wide\">\n\t\t\t\t\t\t\t<div class=\"elementor-row\">\n\t\t\t\t\t<div class=\"elementor-column elementor-col-100 elementor-top-column elementor-element elementor-element-34db198a\" data-id=\"34db198a\" data-element_type=\"column\">\n\t\t\t<div class=\"elementor-column-wrap elementor-element-populated\">\n\t\t\t\t\t\t\t<div class=\"elementor-widget-wrap\">\n\t\t\t\t\t\t<section class=\"elementor-section elementor-inner-section elementor-element elementor-element-175fce4c elementor-section-boxed elementor-section-height-default elementor-section-height-default\" data-id=\"175fce4c\" data-element_type=\"section\" data-settings=\"{&quot;jet_parallax_layout_list&quot;:[{&quot;jet_parallax_layout_image&quot;:{&quot;url&quot;:&quot;&quot;,&quot;id&quot;:&quot;&quot;},&quot;_id&quot;:&quot;5776833&quot;,&quot;jet_parallax_layout_image_tablet&quot;:{&quot;url&quot;:&quot;&quot;,&quot;id&quot;:&quot;&quot;},&quot;jet_parallax_layout_image_mobile&quot;:{&quot;url&quot;:&quot;&quot;,&quot;id&quot;:&quot;&quot;},&quot;jet_parallax_layout_speed&quot;:{&quot;unit&quot;:&quot;%&quot;,&quot;size&quot;:50,&quot;sizes&quot;:[]},&quot;jet_parallax_layout_type&quot;:&quot;scroll&quot;,&quot;jet_parallax_layout_direction&quot;:null,&quot;jet_parallax_layout_fx_direction&quot;:null,&quot;jet_parallax_layout_z_index&quot;:&quot;&quot;,&quot;jet_parallax_layout_bg_x&quot;:50,&quot;jet_parallax_layout_bg_x_tablet&quot;:&quot;&quot;,&quot;jet_parallax_layout_bg_x_mobile&quot;:&quot;&quot;,&quot;jet_parallax_layout_bg_y&quot;:50,&quot;jet_parallax_layout_bg_y_tablet&quot;:&quot;&quot;,&quot;jet_parallax_layout_bg_y_mobile&quot;:&quot;&quot;,&quot;jet_parallax_layout_bg_size&quot;:&quot;auto&quot;,&quot;jet_parallax_layout_bg_size_tablet&quot;:&quot;&quot;,&quot;jet_parallax_layout_bg_size_mobile&quot;:&quot;&quot;,&quot;jet_parallax_layout_animation_prop&quot;:&quot;transform&quot;,&quot;jet_parallax_layout_on&quot;:[&quot;desktop&quot;,&quot;tablet&quot;]}]}\">\n\t\t\t\t\t\t<div class=\"elementor-container elementor-column-gap-default\">\n\t\t\t\t\t\t\t<div class=\"elementor-row\">\n\t\t\t\t\t<div class=\"elementor-column elementor-col-50 elementor-inner-column elementor-element elementor-element-28081a69\" data-id=\"28081a69\" data-element_type=\"column\">\n\t\t\t<div class=\"elementor-column-wrap elementor-element-populated\">\n\t\t\t\t\t\t\t<div class=\"elementor-widget-wrap\">\n\t\t\t\t\t\t<div class=\"elementor-element elementor-element-855e062 elementor-widget elementor-widget-button\" data-id=\"855e062\" data-element_type=\"widget\" data-widget_type=\"button.default\">\n\t\t\t\t<div class=\"elementor-widget-container\">\n\t\t\t\t\t<div class=\"elementor-button-wrapper\">\n\t\t\t<a href=\"https:\/\/wbproducoes.com\/wp-content\/uploads\/2024\/01\/BOOK-A-VEDETE-CORRIGIDO.pdf\" class=\"elementor-button-link elementor-button elementor-size-md\" role=\"button\">\n\t\t\t\t\t\t<span class=\"elementor-button-content-wrapper\">\n\t\t\t\t\t\t<span class=\"elementor-button-icon elementor-align-icon-right\">\n\t\t\t\t<i aria-hidden=\"true\" class=\"fas fa-file-pdf\"><\/i>\t\t\t<\/span>\n\t\t\t\t\t\t<span class=\"elementor-button-text\">CLIQUE E CONHE\u00c7A O PROJETO<\/span>\n\t\t<\/span>\n\t\t\t\t\t<\/a>\n\t\t<\/div>\n\t\t\t\t<\/div>\n\t\t\t\t<\/div>\n\t\t\t\t\t\t<\/div>\n\t\t\t\t\t<\/div>\n\t\t<\/div>\n\t\t\t\t<div class=\"elementor-column elementor-col-50 elementor-inner-column elementor-element elementor-element-fe69a34\" data-id=\"fe69a34\" data-element_type=\"column\">\n\t\t\t<div class=\"elementor-column-wrap elementor-element-populated\">\n\t\t\t\t\t\t\t<div class=\"elementor-widget-wrap\">\n\t\t\t\t\t\t<div class=\"elementor-element elementor-element-71d81e77 elementor-widget elementor-widget-heading\" data-id=\"71d81e77\" data-element_type=\"widget\" data-widget_type=\"heading.default\">\n\t\t\t\t<div class=\"elementor-widget-container\">\n\t\t\t<h2 class=\"elementor-heading-title elementor-size-default\">A Vedete do Brasil<\/h2>\t\t<\/div>\n\t\t\t\t<\/div>\n\t\t\t\t<div class=\"elementor-element elementor-element-7bff46cd elementor-widget elementor-widget-text-editor\" data-id=\"7bff46cd\" data-element_type=\"widget\" data-widget_type=\"text-editor.default\">\n\t\t\t\t<div class=\"elementor-widget-container\">\n\t\t\t\t\t\t\t\t<div class=\"elementor-text-editor elementor-clearfix\">\n\t\t\t\t<p>\u2018<span style=\"font-weight: bold;\">A Vedete do Brasil<\/span>\u2019 \u00e9 uma\u00a0<span style=\"font-weight: bold;\">com\u00e9dia musical<\/span>\u00a0que pretende mostrar a mulher que estava por tr\u00e1s de tantas plumas, paet\u00eas, pol\u00eamicas e lantejoulas. O\u00a0<span style=\"font-weight: bold;\">centen\u00e1rio de Virginia Lane<\/span>, em 2020, foi a grande inspira\u00e7\u00e3o para a empreitada, que acabou sendo adiada pela pandemia e agora finalmente chega aos palcos.<\/p><p><span style=\"background-color: transparent; font-size: 12pt; font-weight: var( --e-global-typography-text-font-weight );\">O espet\u00e1culo \u00e9 ainda um resgate e uma grande homenagem \u00e0 todas as vedetes brasileiras, que, assim como V\u00edrginia, conseguiram superar imensas dificuldades, se impor perante o olhar torto dos moralista e viraram verdadeiras estrelas.<\/span><\/p><p>Virginia Lane (1920-2014) foi uma artista que marcou \u00e9poca, enfrentou preconceitos e viveu hist\u00f3rias inacredit\u00e1veis em sua carreira como vedete. \u00c9 v\u00e9spera de Natal e Virg\u00ednia, j\u00e1 no final da vida, prepara a ceia para seus dois maiores afetos: a filha \u00fanica, Marta, e o amigo Alex, que est\u00e1 a caminho. \u00c9 uma \u00e9poca em que ela fica especialmente sens\u00edvel e repassa a vida diante de seus olhos. Enquanto relembra epis\u00f3dios como a sua rela\u00e7\u00e3o com o presidente Get\u00falio Vargas, o sucesso na televis\u00e3o, no cinema e no teatro de revista, o preconceito sofrido dentro e fora de casa e todo o glamour das plumas e paet\u00eas, Virginia (Suely Franco) se reencontra com ela mesmo na juventude (Bela Quadros) e acerta as contas com a filha (Fl\u00e1via Monteiro). N\u00fameros musicais ao vivo embalam o espet\u00e1culo, com direito a can\u00e7\u00f5es marcantes, como \u201cSassaricando\u201d, gravada pela primeira vez por Virginia no Carnaval de 1951.<\/p><p><span style=\"font-weight: var( --e-global-typography-text-font-weight ); background-color: transparent; font-size: 12pt; font-variant-numeric: normal; font-variant-east-asian: normal; font-variant-alternates: normal; font-variant-position: normal; vertical-align: baseline;\">\u00a0<\/span><\/p><p dir=\"ltr\" style=\"margin-top: 0pt; margin-bottom: 8pt; line-height: 1.295;\">\u00a0<\/p>\t\t\t\t\t<\/div>\n\t\t\t\t\t\t<\/div>\n\t\t\t\t<\/div>\n\t\t\t\t<div class=\"elementor-element elementor-element-3d5716f9 elementor-widget elementor-widget-heading\" data-id=\"3d5716f9\" data-element_type=\"widget\" data-widget_type=\"heading.default\">\n\t\t\t\t<div class=\"elementor-widget-container\">\n\t\t\t<h2 class=\"elementor-heading-title elementor-size-default\">Ficha T\u00e9cnica<\/h2>\t\t<\/div>\n\t\t\t\t<\/div>\n\t\t\t\t<div class=\"elementor-element elementor-element-483d9844 elementor-widget elementor-widget-text-editor\" data-id=\"483d9844\" data-element_type=\"widget\" data-widget_type=\"text-editor.default\">\n\t\t\t\t<div class=\"elementor-widget-container\">\n\t\t\t\t\t\t\t\t<div class=\"elementor-text-editor elementor-clearfix\">\n\t\t\t\t<p><b>Com Suely Franco, Fl\u00e1via Monteiro e Bela Quadros<\/b><\/p><p><b>Ideia original e pesquisa: <\/b><span style=\"font-weight: 400;\">Cacau Hygino<\/span><\/p><p><b>Texto:<\/b><span style=\"font-weight: 400;\"> Renata Mizrahi e Cacau Hygino<\/span><\/p><p><b>Dire\u00e7\u00e3o:<\/b><span style=\"font-weight: 400;\"> Claudia Netto<\/span><\/p><p><b>Dire\u00e7\u00e3o musical:<\/b><span style=\"font-weight: 400;\"> Alfredo Del-Penho<\/span><\/p><p><b>Dire\u00e7\u00e3o de produ\u00e7\u00e3o:<\/b><span style=\"font-weight: 400;\"> Bruna Dornellas e Wesley Telles<\/span><\/p><p><b>Diretora assistente:<\/b><span style=\"font-weight: 400;\"> Ana Luiza Folly<\/span><\/p><p><b>Dire\u00e7\u00e3o de movimento: <\/b><span style=\"font-weight: 400;\">Dani Cavanellas<\/span><\/p><p><b>Desenho de luz:<\/b><span style=\"font-weight: 400;\"> Adriana Ortiz<\/span><\/p><p><b>Cenografia:<\/b><span style=\"font-weight: 400;\"> Nat\u00e1lia Lana<\/span><\/p><p><b>Figurino:<\/b><span style=\"font-weight: 400;\"> Karen Brusttolin<\/span><\/p><p><b>Designer de som:<\/b><span style=\"font-weight: 400;\"> Gabriel D\u2019 Angelo<\/span><\/p><p><b>Produ\u00e7\u00e3o Executiva:<\/b><span style=\"font-weight: 400;\"> Aline Gabetto e Clarice Coelho<\/span><\/p><p><b>Gest\u00e3o de Projetos:<\/b><span style=\"font-weight: 400;\"> Deivid Andrade<\/span><\/p><p><b>M\u00fasicos:<\/b><span style=\"font-weight: 400;\"> Antonio Guerra &#8211; Piano e acordeon<\/span><\/p><p><span style=\"font-weight: 400;\">Rodrigo Revelles &#8211; Flauta, Sax, Tenor e Sax alto<\/span><\/p><p><span style=\"font-weight: 400;\">Marcio Romano &#8211; Bateria e Percuss\u00e3o<\/span><\/p><p><b>Cen\u00f3grafa assistente:<\/b><span style=\"font-weight: 400;\"> Julia Marina<\/span><\/p><p><b>Cenot\u00e9cnico:<\/b><span style=\"font-weight: 400;\"> Andr\u00e9 Salles<\/span><\/p><p><b>Costureira de cen\u00e1rio:<\/b><span style=\"font-weight: 400;\"> Nice Tramontin<\/span><\/p><p><b>Pintor de arte:<\/b><span style=\"font-weight: 400;\"> Cassio Murilo<\/span><\/p><p><b>Equipe de cenot\u00e9cnica: <\/b><span style=\"font-weight: 400;\">Paulo S\u00e1, Walmir Junior, M\u00e1rcio Domingues, Gilvan do Carmo,<\/span><\/p><p><span style=\"font-weight: 400;\">Gilmar <\/span><span style=\"font-weight: 400;\">Kalkman, Wellington Carmo, Vin\u00edcius Carmo, Ronaldo Ferrinha e Tayane Valle.<\/span><\/p><p><b>Contra mestre \/ modelista:<\/b><span style=\"font-weight: 400;\"> Fatima F\u00e9lix<\/span><\/p><p><b>Costureiras:<\/b><span style=\"font-weight: 400;\"> Vera Costa, Ivonete Lima, Ana Vitta, Maria Margarida de Oliveira,\u00a0<\/span><\/p><p><span style=\"font-weight: 400;\">Regiane Nascimento.\u00a0<\/span><\/p><p><b>Assistente de figurino: <\/b><span style=\"font-weight: 400;\">J\u00falia Altahyde\u00a0<\/span><\/p><p><b>Design de adere\u00e7os:<\/b><span style=\"font-weight: 400;\"> Ateli\u00ea Belisario Cunha\u00a0<\/span><\/p><p><b>Bordadeiras:<\/b><span style=\"font-weight: 400;\"> Val Justino<\/span><\/p><p><b>Sapateiro:<\/b><span style=\"font-weight: 400;\"> Gomes cal\u00e7ados\u00a0<\/span><\/p><p><b>Motorista de figurino: <\/b><span style=\"font-weight: 400;\">Ronaldo Santos<\/span><\/p><p><b>Preparadora vocal:<\/b><span style=\"font-weight: 400;\"> Luciana Oliveira<\/span><\/p><p><b>Assistente de produ\u00e7\u00e3o:<\/b><span style=\"font-weight: 400;\"> Thalia Pe\u00e7anha<\/span><\/p><p><b>Designer gr\u00e1fico:<\/b><span style=\"font-weight: 400;\"> Lydia Spinass\u00e9 e Jhonatan Medeiros<\/span><\/p><p><b>Fotos: <\/b><span style=\"font-weight: 400;\">Pino Gomes<\/span><\/p><p><b>Produ\u00e7\u00e3o audiovisual: <\/b><span style=\"font-weight: 400;\">Quarta Dimens\u00e3o<\/span><\/p><p><b>Gest\u00e3o de M\u00eddia:<\/b><span style=\"font-weight: 400;\"> R+ Marketing<\/span><\/p><p><b>Marketing digital: <\/b><span style=\"font-weight: 400;\">V\u00e1lvula Marketing<\/span><\/p><p><b>T\u00e9cnico de Som:<\/b><span style=\"font-weight: 400;\"> Bernardo Arag\u00e3o<\/span><\/p><p><b>T\u00e9cnico de Luz:<\/b><span style=\"font-weight: 400;\"> Bernardo Amorim<\/span><\/p><p><b>Camareira:<\/b><span style=\"font-weight: 400;\"> Silvia Oliveira<\/span><\/p><p><b>Dire\u00e7\u00e3o de Palco:<\/b><span style=\"font-weight: 400;\"> Lucia Martinusso<\/span><\/p><p><b>Contrarregra:<\/b><span style=\"font-weight: 400;\"> Adriana Oliveira<\/span><\/p><p><b>Designer de Som associado e Microfonista: <\/b><span style=\"font-weight: 400;\">Bernardo Nadal<\/span><\/p><p><b>Int\u00e9rprete de Libras: <\/b><span style=\"font-weight: 400;\">Cristiano Souza<\/span><\/p><p><b>Assistente de interpreta\u00e7\u00e3o: <\/b><span style=\"font-weight: 400;\">Jo\u00e3o Cunha<\/span><\/p><p><b>Consultor Cultural e Visagista: <\/b><span style=\"font-weight: 400;\">Alex Palmeira.<\/span><\/p><p><b>Core\u00f3grafa de sapateado:<\/b><span style=\"font-weight: 400;\"> Sarah Coutinho<\/span><\/p><p><b>Assistente de Produ\u00e7\u00e3o: <\/b><span style=\"font-weight: 400;\">Thalia Pe\u00e7anha<\/span><\/p><p><b>Projeto Gr\u00e1fico<\/b><span style=\"font-weight: 400;\">: N\u00f3s Comunica\u00e7\u00f5es &#8211;<\/span> <span style=\"font-weight: 400;\">\u00a0Leticia Andrade<\/span><\/p><p><b>M\u00eddias Sociais:<\/b><span style=\"font-weight: 400;\"> Ismara Cardoso<\/span><\/p><p><b>Estagi\u00e1rio de comunica\u00e7\u00e3o: <\/b><span style=\"font-weight: 400;\">Bruna Malacarne<\/span><\/p><p><b>Coordena\u00e7\u00e3o Administrativa:<\/b> <span style=\"font-weight: 400;\">Let\u00edcia Napole<\/span><\/p><p><b>Assessoria de Comunica\u00e7\u00e3o:<\/b><span style=\"font-weight: 400;\"> Pedro Neves<\/span><\/p><p><b>Contabilidade Vit\u00f3ria: <\/b><span style=\"font-weight: 400;\">Geovana Gava<\/span><\/p><p><b>Contabilidade Rio de Janeiro:<\/b><span style=\"font-weight: 400;\"> Contempor\u00e2nea Contabilidade<\/span><\/p><p><b>Assessoria Jur\u00eddica: <\/b><span style=\"font-weight: 400;\">Maia, Beninc\u00e1 &amp; Miranda Advocacia<\/span><\/p><p><b>Produtora Associada:<\/b><span style=\"font-weight: 400;\"> Arte Est\u00fadio e Entretenimento e WB Entretenimento<\/span><\/p><p><b>Realiza\u00e7\u00e3o:<\/b><span style=\"font-weight: 400;\"> WB Produ\u00e7\u00f5es<\/span><\/p>\t\t\t\t\t<\/div>\n\t\t\t\t\t\t<\/div>\n\t\t\t\t<\/div>\n\t\t\t\t\t\t<\/div>\n\t\t\t\t\t<\/div>\n\t\t<\/div>\n\t\t\t\t\t\t\t\t<\/div>\n\t\t\t\t\t<\/div>\n\t\t<\/section>\n\t\t\t\t\t\t<\/div>\n\t\t\t\t\t<\/div>\n\t\t<\/div>\n\t\t\t\t\t\t\t\t<\/div>\n\t\t\t\t\t<\/div>\n\t\t<\/section>\n\t\t\t\t\t\t<\/div>\n\t\t\t\t\t\t<\/div>\n\t\t\t\t\t<\/div>\n\t\t","protected":false},"excerpt":{"rendered":"<p>CLIQUE E CONHE\u00c7A O PROJETO A Vedete do Brasil \u2018A Vedete do Brasil\u2019 \u00e9 uma\u00a0com\u00e9dia musical\u00a0que pretende mostrar a mulher que estava por tr\u00e1s de tantas plumas, paet\u00eas, pol\u00eamicas e lantejoulas. O\u00a0centen\u00e1rio de Virginia Lane, em 2020, foi a grande inspira\u00e7\u00e3o para a empreitada, que acabou sendo adiada pela pandemia e agora finalmente chega aos [&hellip;]<\/p>\n","protected":false},"author":2,"featured_media":49733,"parent":0,"menu_order":0,"comment_status":"closed","ping_status":"closed","template":"","meta":[],"acf":[],"_links":{"self":[{"href":"https:\/\/wbproducoes.com\/en\/wp-json\/wp\/v2\/pages\/49773"}],"collection":[{"href":"https:\/\/wbproducoes.com\/en\/wp-json\/wp\/v2\/pages"}],"about":[{"href":"https:\/\/wbproducoes.com\/en\/wp-json\/wp\/v2\/types\/page"}],"author":[{"embeddable":true,"href":"https:\/\/wbproducoes.com\/en\/wp-json\/wp\/v2\/users\/2"}],"replies":[{"embeddable":true,"href":"https:\/\/wbproducoes.com\/en\/wp-json\/wp\/v2\/comments?post=49773"}],"version-history":[{"count":24,"href":"https:\/\/wbproducoes.com\/en\/wp-json\/wp\/v2\/pages\/49773\/revisions"}],"predecessor-version":[{"id":128991,"href":"https:\/\/wbproducoes.com\/en\/wp-json\/wp\/v2\/pages\/49773\/revisions\/128991"}],"wp:featuredmedia":[{"embeddable":true,"href":"https:\/\/wbproducoes.com\/en\/wp-json\/wp\/v2\/media\/49733"}],"wp:attachment":[{"href":"https:\/\/wbproducoes.com\/en\/wp-json\/wp\/v2\/media?parent=49773"}],"curies":[{"name":"wp","href":"https:\/\/api.w.org\/{rel}","templated":true}]}}