{"id":49819,"date":"2020-06-25T14:54:36","date_gmt":"2020-06-25T14:54:36","guid":{"rendered":"https:\/\/wbproducoes.com\/?page_id=49819"},"modified":"2023-12-04T01:30:34","modified_gmt":"2023-12-04T04:30:34","slug":"projeto-60-dias-de-neblina","status":"publish","type":"page","link":"https:\/\/wbproducoes.com\/en\/projeto-60-dias-de-neblina\/","title":{"rendered":"PROJETO 60 DIAS DE NEBLINA"},"content":{"rendered":"\t\t<div data-elementor-type=\"wp-post\" data-elementor-id=\"49819\" data-post-id=\"49819\" data-obj-id=\"49819\" class=\"elementor elementor-49819 dce-elementor-post-49819\" data-elementor-settings=\"[]\">\n\t\t\t\t\t\t<div class=\"elementor-inner\">\n\t\t\t\t\t\t\t<div class=\"elementor-section-wrap\">\n\t\t\t\t\t\t\t<section class=\"elementor-section elementor-top-section elementor-element elementor-element-36318bfb elementor-section-stretched elementor-section-full_width elementor-section-height-default elementor-section-height-default\" data-id=\"36318bfb\" data-element_type=\"section\" data-settings=\"{&quot;jet_parallax_layout_list&quot;:[{&quot;jet_parallax_layout_image&quot;:{&quot;url&quot;:&quot;&quot;,&quot;id&quot;:&quot;&quot;},&quot;_id&quot;:&quot;1501345&quot;,&quot;jet_parallax_layout_image_tablet&quot;:{&quot;url&quot;:&quot;&quot;,&quot;id&quot;:&quot;&quot;},&quot;jet_parallax_layout_image_mobile&quot;:{&quot;url&quot;:&quot;&quot;,&quot;id&quot;:&quot;&quot;},&quot;jet_parallax_layout_speed&quot;:{&quot;unit&quot;:&quot;%&quot;,&quot;size&quot;:50,&quot;sizes&quot;:[]},&quot;jet_parallax_layout_type&quot;:&quot;scroll&quot;,&quot;jet_parallax_layout_direction&quot;:null,&quot;jet_parallax_layout_fx_direction&quot;:null,&quot;jet_parallax_layout_z_index&quot;:&quot;&quot;,&quot;jet_parallax_layout_bg_x&quot;:50,&quot;jet_parallax_layout_bg_x_tablet&quot;:&quot;&quot;,&quot;jet_parallax_layout_bg_x_mobile&quot;:&quot;&quot;,&quot;jet_parallax_layout_bg_y&quot;:50,&quot;jet_parallax_layout_bg_y_tablet&quot;:&quot;&quot;,&quot;jet_parallax_layout_bg_y_mobile&quot;:&quot;&quot;,&quot;jet_parallax_layout_bg_size&quot;:&quot;auto&quot;,&quot;jet_parallax_layout_bg_size_tablet&quot;:&quot;&quot;,&quot;jet_parallax_layout_bg_size_mobile&quot;:&quot;&quot;,&quot;jet_parallax_layout_animation_prop&quot;:&quot;transform&quot;,&quot;jet_parallax_layout_on&quot;:[&quot;desktop&quot;,&quot;tablet&quot;]}],&quot;stretch_section&quot;:&quot;section-stretched&quot;,&quot;background_background&quot;:&quot;classic&quot;}\">\n\t\t\t\t\t\t<div class=\"elementor-container elementor-column-gap-no\">\n\t\t\t\t\t\t\t<div class=\"elementor-row\">\n\t\t\t\t\t<div class=\"elementor-column elementor-col-100 elementor-top-column elementor-element elementor-element-d9d26ae\" data-id=\"d9d26ae\" data-element_type=\"column\">\n\t\t\t<div class=\"elementor-column-wrap elementor-element-populated\">\n\t\t\t\t\t\t\t<div class=\"elementor-widget-wrap\">\n\t\t\t\t\t\t<div class=\"elementor-element elementor-element-467cd848 dce_masking-none elementor-widget elementor-widget-image\" data-id=\"467cd848\" data-element_type=\"widget\" data-widget_type=\"image.default\">\n\t\t\t\t<div class=\"elementor-widget-container\">\n\t\t\t\t\t\t\t\t<div class=\"elementor-image\">\n\t\t\t\t\t\t\t\t\t\t\t\t<img decoding=\"async\" width=\"1920\" height=\"730\" src=\"https:\/\/wbproducoes.com\/wp-content\/uploads\/2020\/06\/BANNER-SITE-ID-60DIAS.jpg\" class=\"attachment-full size-full\" alt=\"\" loading=\"lazy\" srcset=\"https:\/\/wbproducoes.com\/wp-content\/uploads\/2020\/06\/BANNER-SITE-ID-60DIAS.jpg 1920w, https:\/\/wbproducoes.com\/wp-content\/uploads\/2020\/06\/BANNER-SITE-ID-60DIAS-300x114.jpg 300w, https:\/\/wbproducoes.com\/wp-content\/uploads\/2020\/06\/BANNER-SITE-ID-60DIAS-1024x389.jpg 1024w, https:\/\/wbproducoes.com\/wp-content\/uploads\/2020\/06\/BANNER-SITE-ID-60DIAS-768x292.jpg 768w, https:\/\/wbproducoes.com\/wp-content\/uploads\/2020\/06\/BANNER-SITE-ID-60DIAS-1536x584.jpg 1536w\" sizes=\"(max-width: 1920px) 100vw, 1920px\" \/>\t\t\t\t\t\t\t\t\t\t\t\t\t\t<\/div>\n\t\t\t\t\t\t<\/div>\n\t\t\t\t<\/div>\n\t\t\t\t\t\t<\/div>\n\t\t\t\t\t<\/div>\n\t\t<\/div>\n\t\t\t\t\t\t\t\t<\/div>\n\t\t\t\t\t<\/div>\n\t\t<\/section>\n\t\t\t\t<section data-dce-background-overlay-color=\"rgba(220,183,124,0)\" data-dce-background-image-url=\"https:\/\/d1mcpktd27z5n0.cloudfront.net\/cdn\/wbproducoes\/site\/2019\/08\/23201218\/BACKGROUD-SITE-PROJETOS-7.jpg\" class=\"elementor-section elementor-top-section elementor-element elementor-element-41b573e2 elementor-reverse-mobile elementor-section-stretched elementor-section-boxed elementor-section-height-default elementor-section-height-default\" data-id=\"41b573e2\" data-element_type=\"section\" data-settings=\"{&quot;jet_parallax_layout_list&quot;:[{&quot;jet_parallax_layout_image&quot;:{&quot;url&quot;:&quot;&quot;,&quot;id&quot;:&quot;&quot;},&quot;_id&quot;:&quot;0f1a79a&quot;,&quot;jet_parallax_layout_image_tablet&quot;:{&quot;url&quot;:&quot;&quot;,&quot;id&quot;:&quot;&quot;},&quot;jet_parallax_layout_image_mobile&quot;:{&quot;url&quot;:&quot;&quot;,&quot;id&quot;:&quot;&quot;},&quot;jet_parallax_layout_speed&quot;:{&quot;unit&quot;:&quot;%&quot;,&quot;size&quot;:50,&quot;sizes&quot;:[]},&quot;jet_parallax_layout_type&quot;:&quot;scroll&quot;,&quot;jet_parallax_layout_direction&quot;:null,&quot;jet_parallax_layout_fx_direction&quot;:null,&quot;jet_parallax_layout_z_index&quot;:&quot;&quot;,&quot;jet_parallax_layout_bg_x&quot;:50,&quot;jet_parallax_layout_bg_x_tablet&quot;:&quot;&quot;,&quot;jet_parallax_layout_bg_x_mobile&quot;:&quot;&quot;,&quot;jet_parallax_layout_bg_y&quot;:50,&quot;jet_parallax_layout_bg_y_tablet&quot;:&quot;&quot;,&quot;jet_parallax_layout_bg_y_mobile&quot;:&quot;&quot;,&quot;jet_parallax_layout_bg_size&quot;:&quot;auto&quot;,&quot;jet_parallax_layout_bg_size_tablet&quot;:&quot;&quot;,&quot;jet_parallax_layout_bg_size_mobile&quot;:&quot;&quot;,&quot;jet_parallax_layout_animation_prop&quot;:&quot;transform&quot;,&quot;jet_parallax_layout_on&quot;:[&quot;desktop&quot;,&quot;tablet&quot;]}],&quot;background_background&quot;:&quot;classic&quot;,&quot;stretch_section&quot;:&quot;section-stretched&quot;}\">\n\t\t\t\t\t\t\t<div class=\"elementor-background-overlay\"><\/div>\n\t\t\t\t\t\t\t<div class=\"elementor-container elementor-column-gap-wide\">\n\t\t\t\t\t\t\t<div class=\"elementor-row\">\n\t\t\t\t\t<div class=\"elementor-column elementor-col-100 elementor-top-column elementor-element elementor-element-34db198a\" data-id=\"34db198a\" data-element_type=\"column\">\n\t\t\t<div class=\"elementor-column-wrap elementor-element-populated\">\n\t\t\t\t\t\t\t<div class=\"elementor-widget-wrap\">\n\t\t\t\t\t\t<section class=\"elementor-section elementor-inner-section elementor-element elementor-element-175fce4c elementor-section-boxed elementor-section-height-default elementor-section-height-default\" data-id=\"175fce4c\" data-element_type=\"section\" data-settings=\"{&quot;jet_parallax_layout_list&quot;:[{&quot;jet_parallax_layout_image&quot;:{&quot;url&quot;:&quot;&quot;,&quot;id&quot;:&quot;&quot;},&quot;_id&quot;:&quot;5776833&quot;,&quot;jet_parallax_layout_image_tablet&quot;:{&quot;url&quot;:&quot;&quot;,&quot;id&quot;:&quot;&quot;},&quot;jet_parallax_layout_image_mobile&quot;:{&quot;url&quot;:&quot;&quot;,&quot;id&quot;:&quot;&quot;},&quot;jet_parallax_layout_speed&quot;:{&quot;unit&quot;:&quot;%&quot;,&quot;size&quot;:50,&quot;sizes&quot;:[]},&quot;jet_parallax_layout_type&quot;:&quot;scroll&quot;,&quot;jet_parallax_layout_direction&quot;:null,&quot;jet_parallax_layout_fx_direction&quot;:null,&quot;jet_parallax_layout_z_index&quot;:&quot;&quot;,&quot;jet_parallax_layout_bg_x&quot;:50,&quot;jet_parallax_layout_bg_x_tablet&quot;:&quot;&quot;,&quot;jet_parallax_layout_bg_x_mobile&quot;:&quot;&quot;,&quot;jet_parallax_layout_bg_y&quot;:50,&quot;jet_parallax_layout_bg_y_tablet&quot;:&quot;&quot;,&quot;jet_parallax_layout_bg_y_mobile&quot;:&quot;&quot;,&quot;jet_parallax_layout_bg_size&quot;:&quot;auto&quot;,&quot;jet_parallax_layout_bg_size_tablet&quot;:&quot;&quot;,&quot;jet_parallax_layout_bg_size_mobile&quot;:&quot;&quot;,&quot;jet_parallax_layout_animation_prop&quot;:&quot;transform&quot;,&quot;jet_parallax_layout_on&quot;:[&quot;desktop&quot;,&quot;tablet&quot;]}]}\">\n\t\t\t\t\t\t<div class=\"elementor-container elementor-column-gap-default\">\n\t\t\t\t\t\t\t<div class=\"elementor-row\">\n\t\t\t\t\t<div class=\"elementor-column elementor-col-50 elementor-inner-column elementor-element elementor-element-28081a69\" data-id=\"28081a69\" data-element_type=\"column\">\n\t\t\t<div class=\"elementor-column-wrap elementor-element-populated\">\n\t\t\t\t\t\t\t<div class=\"elementor-widget-wrap\">\n\t\t\t\t\t\t<div class=\"elementor-element elementor-element-94fb7e2 elementor-widget elementor-widget-button\" data-id=\"94fb7e2\" data-element_type=\"widget\" data-widget_type=\"button.default\">\n\t\t\t\t<div class=\"elementor-widget-container\">\n\t\t\t\t\t<div class=\"elementor-button-wrapper\">\n\t\t\t<a href=\"https:\/\/wbproducoes.com\/wp-content\/uploads\/2023\/12\/BOOK-60-DIAS-ATUALIZADO_compressed.pdf\" class=\"elementor-button-link elementor-button elementor-size-sm\" role=\"button\">\n\t\t\t\t\t\t<span class=\"elementor-button-content-wrapper\">\n\t\t\t\t\t\t<span class=\"elementor-button-icon elementor-align-icon-right\">\n\t\t\t\t<i aria-hidden=\"true\" class=\"fas fa-file-pdf\"><\/i>\t\t\t<\/span>\n\t\t\t\t\t\t<span class=\"elementor-button-text\">CLIQUE E CONHE\u00c7A O PROJETO<\/span>\n\t\t<\/span>\n\t\t\t\t\t<\/a>\n\t\t<\/div>\n\t\t\t\t<\/div>\n\t\t\t\t<\/div>\n\t\t\t\t\t\t<\/div>\n\t\t\t\t\t<\/div>\n\t\t<\/div>\n\t\t\t\t<div class=\"elementor-column elementor-col-50 elementor-inner-column elementor-element elementor-element-fe69a34\" data-id=\"fe69a34\" data-element_type=\"column\">\n\t\t\t<div class=\"elementor-column-wrap elementor-element-populated\">\n\t\t\t\t\t\t\t<div class=\"elementor-widget-wrap\">\n\t\t\t\t\t\t<div class=\"elementor-element elementor-element-71d81e77 elementor-widget elementor-widget-heading\" data-id=\"71d81e77\" data-element_type=\"widget\" data-widget_type=\"heading.default\">\n\t\t\t\t<div class=\"elementor-widget-container\">\n\t\t\t<h2 class=\"elementor-heading-title elementor-size-default\">60 Dias de Neblina <\/h2>\t\t<\/div>\n\t\t\t\t<\/div>\n\t\t\t\t<div class=\"elementor-element elementor-element-7bff46cd elementor-widget elementor-widget-text-editor\" data-id=\"7bff46cd\" data-element_type=\"widget\" data-widget_type=\"text-editor.default\">\n\t\t\t\t<div class=\"elementor-widget-container\">\n\t\t\t\t\t\t\t\t<div class=\"elementor-text-editor elementor-clearfix\">\n\t\t\t\t<p>\u201c60 Dias de Neblina&#8221; fala sobre a grande transforma\u00e7\u00e3o que um filho traz para a vida de cada m\u00e3e e de cada pai: uma revolu\u00e7\u00e3o de amor. O que a maternidade traz como revolu\u00e7\u00e3o \u00e9 crescimento, amadurecimento, e mudan\u00e7as internas e externas de comportamento, de compreens\u00e3o \u2013 em rela\u00e7\u00e3o ao mundo e \u00e0s pessoas. Jamais seremos as mesmas. Um filho \u00e9 um compromisso de amor, uma responsabilidade de fazer quem amamos ser feliz. Tamb\u00e9m encontrar a felicidade no sorriso de desse ser que amamos, que criamos com o nosso melhor.<\/p><p>A pe\u00e7a aborda com humor e leveza as alegrias e as descobertas de Lu\u00edsa, uma m\u00e3e de primeira viagem \u00e0s voltas com os meses iniciais da maternidade. Desafios como a amamenta\u00e7\u00e3o, as noites mal dormidas, o choro e os questionamentos sobre a sua autoestima. Um ato de acolhimento, uma rede de apoio para mulheres que desejam entender o turbilh\u00e3o de emo\u00e7\u00f5es com a chegada da maternidade.<\/p><p>A atriz <strong>Juliana Didone<\/strong> se prop\u00f5e a transpor as viscerais linhas da <strong>Rafaela Carvalho<\/strong>, que arrebatou milhares de leitores, para um espet\u00e1culo real, uma representa\u00e7\u00e3o de algo vivido pela atriz, pela autora e por muitas m\u00e3es e fam\u00edlias.\u00a0<\/p><p>\u00a0<\/p>\t\t\t\t\t<\/div>\n\t\t\t\t\t\t<\/div>\n\t\t\t\t<\/div>\n\t\t\t\t<div class=\"elementor-element elementor-element-3d5716f9 elementor-widget elementor-widget-heading\" data-id=\"3d5716f9\" data-element_type=\"widget\" data-widget_type=\"heading.default\">\n\t\t\t\t<div class=\"elementor-widget-container\">\n\t\t\t<h2 class=\"elementor-heading-title elementor-size-default\">Ficha T\u00e9cnica<\/h2>\t\t<\/div>\n\t\t\t\t<\/div>\n\t\t\t\t<div class=\"elementor-element elementor-element-483d9844 elementor-widget elementor-widget-text-editor\" data-id=\"483d9844\" data-element_type=\"widget\" data-widget_type=\"text-editor.default\">\n\t\t\t\t<div class=\"elementor-widget-container\">\n\t\t\t\t\t\t\t\t<div class=\"elementor-text-editor elementor-clearfix\">\n\t\t\t\t<p><strong>Idealiza\u00e7\u00e3o e Elenco:\u00a0<\/strong>Juliana Didone<\/p><p><strong>Texto:<\/strong> Renata Mizrahi<br \/>Inspirado no best-seller de <em>Rafaela Carvalho<\/em><\/p><p><strong>Dire\u00e7\u00e3o:<\/strong> Beth Goulart<\/p><p><strong>Dire\u00e7\u00e3o de produ\u00e7\u00e3o:<\/strong> Bruna Dornellas e Wesley Telles<\/p><p><strong>Figurino:<\/strong> Mariana Barreto<br \/><strong>Costureiras:<\/strong> Iara Neri e L\u00facia Mendon\u00e7a<br \/><strong>Bordados:<\/strong> Ong N\u00f3s do Croch\u00ea<br \/><strong>Cen\u00e1rio:\u00a0<\/strong>Guilherme Reis<br \/><strong>Assistente de cenografia:<\/strong> Patrick Pacheco<br \/><strong>Cenot\u00e9cnico:<\/strong> Cl\u00e1udio Silva (Claudinho)<br \/><strong>Costureiras cen\u00e1rio:<\/strong> Am\u00e9lia Fernandes e Geny Rocha<br \/><strong>Desenho de luz:<\/strong> Fernanda Mantovani<br \/><strong>Trilha sonora:<\/strong> Ma\u00edra Freitas<br \/><strong>Fotos:\u00a0<\/strong>Pino Gomes.<br \/><strong>V\u00eddeos:<\/strong> Chamon Audiovisual<br \/><strong>Dire\u00e7\u00e3o de movimento:<\/strong> Dani Cavanellas<br \/><strong>Preparadora vocal:<\/strong> Rose Gon\u00e7alves<br \/><strong>Assistente de dire\u00e7\u00e3o:\u00a0<\/strong>Ver\u00f4nica Rocha<br \/><strong>Produ\u00e7\u00e3o executiva:\u00a0<\/strong> Clarice Coelho<br \/><strong>T\u00e9cnico de som:<\/strong> Bernardo Arag\u00e3o<br \/><strong>T\u00e9cnico de luz:<\/strong> Augusto Faustino<br \/><strong>Contrarregra:<\/strong> Miguel Pereira<br \/><strong>Design Gr\u00e1fico:<\/strong> Jhonatan Medeiros e Lydia Spinass\u00e9<br \/><strong>Motion Design:<\/strong>\u00a0JLStudio<br \/><strong>M\u00eddias Sociais:<\/strong> Ismara Cardoso<br \/><strong>Marketing Digital:\u00a0<\/strong>V\u00e1lvula Marketing<br \/><strong>Gest\u00e3o de Projetos:<\/strong>\u00a0Deivid Andrade<br \/><strong>Coordena\u00e7\u00e3o Administrativa:<\/strong> Leticia Napole<br \/><strong>Assessoria de imprensa:<\/strong> Passarim Comunica\u00e7\u00e3o<br \/><strong>Assessoria Cont\u00e1bil:<\/strong> Leucimar Martins<br \/><strong>Assessoria Jur\u00eddica:\u00a0<\/strong>Maia, Beninc\u00e1 &amp; Miranda Advocacia<br \/><strong>Produtores associados:<\/strong> Bruna Dornellas, Juliana Didone e Wesley Telles.<br \/><strong>Produtora associada:\u00a0<\/strong>Arte Est\u00fadio Entretenimento<br \/><strong>Realiza\u00e7\u00e3o:\u00a0<\/strong>WB Produ\u00e7\u00f5es e Juliana Didone Produ\u00e7\u00f5es<\/p>\t\t\t\t\t<\/div>\n\t\t\t\t\t\t<\/div>\n\t\t\t\t<\/div>\n\t\t\t\t\t\t<\/div>\n\t\t\t\t\t<\/div>\n\t\t<\/div>\n\t\t\t\t\t\t\t\t<\/div>\n\t\t\t\t\t<\/div>\n\t\t<\/section>\n\t\t\t\t\t\t<\/div>\n\t\t\t\t\t<\/div>\n\t\t<\/div>\n\t\t\t\t\t\t\t\t<\/div>\n\t\t\t\t\t<\/div>\n\t\t<\/section>\n\t\t\t\t\t\t<\/div>\n\t\t\t\t\t\t<\/div>\n\t\t\t\t\t<\/div>\n\t\t","protected":false},"excerpt":{"rendered":"<p>CLIQUE E CONHE\u00c7A O PROJETO 60 Dias de Neblina \u201c60 Dias de Neblina&#8221; fala sobre a grande transforma\u00e7\u00e3o que um filho traz para a vida de cada m\u00e3e e de cada pai: uma revolu\u00e7\u00e3o de amor. O que a maternidade traz como revolu\u00e7\u00e3o \u00e9 crescimento, amadurecimento, e mudan\u00e7as internas e externas de comportamento, de compreens\u00e3o [&hellip;]<\/p>\n","protected":false},"author":2,"featured_media":0,"parent":0,"menu_order":0,"comment_status":"closed","ping_status":"closed","template":"","meta":[],"acf":[],"_links":{"self":[{"href":"https:\/\/wbproducoes.com\/en\/wp-json\/wp\/v2\/pages\/49819"}],"collection":[{"href":"https:\/\/wbproducoes.com\/en\/wp-json\/wp\/v2\/pages"}],"about":[{"href":"https:\/\/wbproducoes.com\/en\/wp-json\/wp\/v2\/types\/page"}],"author":[{"embeddable":true,"href":"https:\/\/wbproducoes.com\/en\/wp-json\/wp\/v2\/users\/2"}],"replies":[{"embeddable":true,"href":"https:\/\/wbproducoes.com\/en\/wp-json\/wp\/v2\/comments?post=49819"}],"version-history":[{"count":21,"href":"https:\/\/wbproducoes.com\/en\/wp-json\/wp\/v2\/pages\/49819\/revisions"}],"predecessor-version":[{"id":128548,"href":"https:\/\/wbproducoes.com\/en\/wp-json\/wp\/v2\/pages\/49819\/revisions\/128548"}],"wp:attachment":[{"href":"https:\/\/wbproducoes.com\/en\/wp-json\/wp\/v2\/media?parent=49819"}],"curies":[{"name":"wp","href":"https:\/\/api.w.org\/{rel}","templated":true}]}}