{"id":52501,"date":"2020-11-27T14:10:39","date_gmt":"2020-11-27T17:10:39","guid":{"rendered":"https:\/\/wbproducoes.com\/?page_id=52501"},"modified":"2024-11-01T16:01:41","modified_gmt":"2024-11-01T19:01:41","slug":"misery-louca-obsessao","status":"publish","type":"page","link":"https:\/\/wbproducoes.com\/en\/misery-louca-obsessao\/","title":{"rendered":"PROJETO MISERY &#8211; LOUCA OBSESS\u00c3O"},"content":{"rendered":"\t\t<div data-elementor-type=\"wp-post\" data-elementor-id=\"52501\" data-post-id=\"52501\" data-obj-id=\"52501\" class=\"elementor elementor-52501 dce-elementor-post-52501\" data-elementor-settings=\"[]\">\n\t\t\t\t\t\t<div class=\"elementor-inner\">\n\t\t\t\t\t\t\t<div class=\"elementor-section-wrap\">\n\t\t\t\t\t\t\t<section class=\"elementor-section elementor-top-section elementor-element elementor-element-36318bfb elementor-section-stretched elementor-section-full_width elementor-section-height-default elementor-section-height-default\" data-id=\"36318bfb\" data-element_type=\"section\" data-settings=\"{&quot;jet_parallax_layout_list&quot;:[{&quot;jet_parallax_layout_image&quot;:{&quot;url&quot;:&quot;&quot;,&quot;id&quot;:&quot;&quot;},&quot;_id&quot;:&quot;1501345&quot;,&quot;jet_parallax_layout_image_tablet&quot;:{&quot;url&quot;:&quot;&quot;,&quot;id&quot;:&quot;&quot;},&quot;jet_parallax_layout_image_mobile&quot;:{&quot;url&quot;:&quot;&quot;,&quot;id&quot;:&quot;&quot;},&quot;jet_parallax_layout_speed&quot;:{&quot;unit&quot;:&quot;%&quot;,&quot;size&quot;:50,&quot;sizes&quot;:[]},&quot;jet_parallax_layout_type&quot;:&quot;scroll&quot;,&quot;jet_parallax_layout_direction&quot;:null,&quot;jet_parallax_layout_fx_direction&quot;:null,&quot;jet_parallax_layout_z_index&quot;:&quot;&quot;,&quot;jet_parallax_layout_bg_x&quot;:50,&quot;jet_parallax_layout_bg_x_tablet&quot;:&quot;&quot;,&quot;jet_parallax_layout_bg_x_mobile&quot;:&quot;&quot;,&quot;jet_parallax_layout_bg_y&quot;:50,&quot;jet_parallax_layout_bg_y_tablet&quot;:&quot;&quot;,&quot;jet_parallax_layout_bg_y_mobile&quot;:&quot;&quot;,&quot;jet_parallax_layout_bg_size&quot;:&quot;auto&quot;,&quot;jet_parallax_layout_bg_size_tablet&quot;:&quot;&quot;,&quot;jet_parallax_layout_bg_size_mobile&quot;:&quot;&quot;,&quot;jet_parallax_layout_animation_prop&quot;:&quot;transform&quot;,&quot;jet_parallax_layout_on&quot;:[&quot;desktop&quot;,&quot;tablet&quot;]}],&quot;stretch_section&quot;:&quot;section-stretched&quot;,&quot;background_background&quot;:&quot;classic&quot;}\">\n\t\t\t\t\t\t<div class=\"elementor-container elementor-column-gap-no\">\n\t\t\t\t\t\t\t<div class=\"elementor-row\">\n\t\t\t\t\t<div class=\"elementor-column elementor-col-100 elementor-top-column elementor-element elementor-element-d9d26ae\" data-id=\"d9d26ae\" data-element_type=\"column\">\n\t\t\t<div class=\"elementor-column-wrap elementor-element-populated\">\n\t\t\t\t\t\t\t<div class=\"elementor-widget-wrap\">\n\t\t\t\t\t\t<div class=\"elementor-element elementor-element-467cd848 dce_masking-none elementor-widget elementor-widget-image\" data-id=\"467cd848\" data-element_type=\"widget\" data-widget_type=\"image.default\">\n\t\t\t\t<div class=\"elementor-widget-container\">\n\t\t\t\t\t\t\t\t<div class=\"elementor-image\">\n\t\t\t\t\t\t\t\t\t\t\t\t<img decoding=\"async\" width=\"1536\" height=\"584\" src=\"https:\/\/wbproducoes.com\/wp-content\/uploads\/2024\/11\/misery-banner-site-2.png\" class=\"attachment-full size-full\" alt=\"\" loading=\"lazy\" srcset=\"https:\/\/wbproducoes.com\/wp-content\/uploads\/2024\/11\/misery-banner-site-2.png 1536w, https:\/\/wbproducoes.com\/wp-content\/uploads\/2024\/11\/misery-banner-site-2-300x114.png 300w, https:\/\/wbproducoes.com\/wp-content\/uploads\/2024\/11\/misery-banner-site-2-1024x389.png 1024w, https:\/\/wbproducoes.com\/wp-content\/uploads\/2024\/11\/misery-banner-site-2-768x292.png 768w\" sizes=\"(max-width: 1536px) 100vw, 1536px\" \/>\t\t\t\t\t\t\t\t\t\t\t\t\t\t<\/div>\n\t\t\t\t\t\t<\/div>\n\t\t\t\t<\/div>\n\t\t\t\t\t\t<\/div>\n\t\t\t\t\t<\/div>\n\t\t<\/div>\n\t\t\t\t\t\t\t\t<\/div>\n\t\t\t\t\t<\/div>\n\t\t<\/section>\n\t\t\t\t<section data-dce-background-overlay-color=\"rgba(220,183,124,0)\" data-dce-background-image-url=\"https:\/\/d1mcpktd27z5n0.cloudfront.net\/cdn\/wbproducoes\/site\/2019\/08\/23201218\/BACKGROUD-SITE-PROJETOS-7.jpg\" class=\"elementor-section elementor-top-section elementor-element elementor-element-41b573e2 elementor-reverse-mobile elementor-section-stretched elementor-section-boxed elementor-section-height-default elementor-section-height-default\" data-id=\"41b573e2\" data-element_type=\"section\" data-settings=\"{&quot;jet_parallax_layout_list&quot;:[{&quot;jet_parallax_layout_image&quot;:{&quot;url&quot;:&quot;&quot;,&quot;id&quot;:&quot;&quot;},&quot;_id&quot;:&quot;0f1a79a&quot;,&quot;jet_parallax_layout_image_tablet&quot;:{&quot;url&quot;:&quot;&quot;,&quot;id&quot;:&quot;&quot;},&quot;jet_parallax_layout_image_mobile&quot;:{&quot;url&quot;:&quot;&quot;,&quot;id&quot;:&quot;&quot;},&quot;jet_parallax_layout_speed&quot;:{&quot;unit&quot;:&quot;%&quot;,&quot;size&quot;:50,&quot;sizes&quot;:[]},&quot;jet_parallax_layout_type&quot;:&quot;scroll&quot;,&quot;jet_parallax_layout_direction&quot;:null,&quot;jet_parallax_layout_fx_direction&quot;:null,&quot;jet_parallax_layout_z_index&quot;:&quot;&quot;,&quot;jet_parallax_layout_bg_x&quot;:50,&quot;jet_parallax_layout_bg_x_tablet&quot;:&quot;&quot;,&quot;jet_parallax_layout_bg_x_mobile&quot;:&quot;&quot;,&quot;jet_parallax_layout_bg_y&quot;:50,&quot;jet_parallax_layout_bg_y_tablet&quot;:&quot;&quot;,&quot;jet_parallax_layout_bg_y_mobile&quot;:&quot;&quot;,&quot;jet_parallax_layout_bg_size&quot;:&quot;auto&quot;,&quot;jet_parallax_layout_bg_size_tablet&quot;:&quot;&quot;,&quot;jet_parallax_layout_bg_size_mobile&quot;:&quot;&quot;,&quot;jet_parallax_layout_animation_prop&quot;:&quot;transform&quot;,&quot;jet_parallax_layout_on&quot;:[&quot;desktop&quot;,&quot;tablet&quot;]}],&quot;background_background&quot;:&quot;classic&quot;,&quot;stretch_section&quot;:&quot;section-stretched&quot;}\">\n\t\t\t\t\t\t\t<div class=\"elementor-background-overlay\"><\/div>\n\t\t\t\t\t\t\t<div class=\"elementor-container elementor-column-gap-wide\">\n\t\t\t\t\t\t\t<div class=\"elementor-row\">\n\t\t\t\t\t<div class=\"elementor-column elementor-col-100 elementor-top-column elementor-element elementor-element-34db198a\" data-id=\"34db198a\" data-element_type=\"column\">\n\t\t\t<div class=\"elementor-column-wrap elementor-element-populated\">\n\t\t\t\t\t\t\t<div class=\"elementor-widget-wrap\">\n\t\t\t\t\t\t<section class=\"elementor-section elementor-inner-section elementor-element elementor-element-175fce4c elementor-section-boxed elementor-section-height-default elementor-section-height-default\" data-id=\"175fce4c\" data-element_type=\"section\" data-settings=\"{&quot;jet_parallax_layout_list&quot;:[{&quot;jet_parallax_layout_image&quot;:{&quot;url&quot;:&quot;&quot;,&quot;id&quot;:&quot;&quot;},&quot;_id&quot;:&quot;5776833&quot;,&quot;jet_parallax_layout_image_tablet&quot;:{&quot;url&quot;:&quot;&quot;,&quot;id&quot;:&quot;&quot;},&quot;jet_parallax_layout_image_mobile&quot;:{&quot;url&quot;:&quot;&quot;,&quot;id&quot;:&quot;&quot;},&quot;jet_parallax_layout_speed&quot;:{&quot;unit&quot;:&quot;%&quot;,&quot;size&quot;:50,&quot;sizes&quot;:[]},&quot;jet_parallax_layout_type&quot;:&quot;scroll&quot;,&quot;jet_parallax_layout_direction&quot;:null,&quot;jet_parallax_layout_fx_direction&quot;:null,&quot;jet_parallax_layout_z_index&quot;:&quot;&quot;,&quot;jet_parallax_layout_bg_x&quot;:50,&quot;jet_parallax_layout_bg_x_tablet&quot;:&quot;&quot;,&quot;jet_parallax_layout_bg_x_mobile&quot;:&quot;&quot;,&quot;jet_parallax_layout_bg_y&quot;:50,&quot;jet_parallax_layout_bg_y_tablet&quot;:&quot;&quot;,&quot;jet_parallax_layout_bg_y_mobile&quot;:&quot;&quot;,&quot;jet_parallax_layout_bg_size&quot;:&quot;auto&quot;,&quot;jet_parallax_layout_bg_size_tablet&quot;:&quot;&quot;,&quot;jet_parallax_layout_bg_size_mobile&quot;:&quot;&quot;,&quot;jet_parallax_layout_animation_prop&quot;:&quot;transform&quot;,&quot;jet_parallax_layout_on&quot;:[&quot;desktop&quot;,&quot;tablet&quot;]}]}\">\n\t\t\t\t\t\t<div class=\"elementor-container elementor-column-gap-default\">\n\t\t\t\t\t\t\t<div class=\"elementor-row\">\n\t\t\t\t\t<div class=\"elementor-column elementor-col-50 elementor-inner-column elementor-element elementor-element-28081a69\" data-id=\"28081a69\" data-element_type=\"column\">\n\t\t\t<div class=\"elementor-column-wrap elementor-element-populated\">\n\t\t\t\t\t\t\t<div class=\"elementor-widget-wrap\">\n\t\t\t\t\t\t<div class=\"elementor-element elementor-element-94fb7e2 elementor-widget elementor-widget-button\" data-id=\"94fb7e2\" data-element_type=\"widget\" data-widget_type=\"button.default\">\n\t\t\t\t<div class=\"elementor-widget-container\">\n\t\t\t\t\t<div class=\"elementor-button-wrapper\">\n\t\t\t<a href=\"https:\/\/wbproducoes.com\/wp-content\/uploads\/2024\/10\/book_misery_2024_versao_28.10.2024.pdf%20\" class=\"elementor-button-link elementor-button elementor-size-sm\" role=\"button\">\n\t\t\t\t\t\t<span class=\"elementor-button-content-wrapper\">\n\t\t\t\t\t\t<span class=\"elementor-button-icon elementor-align-icon-right\">\n\t\t\t\t<i aria-hidden=\"true\" class=\"fas fa-file-pdf\"><\/i>\t\t\t<\/span>\n\t\t\t\t\t\t<span class=\"elementor-button-text\">CLIQUE E CONHE\u00c7A O PROJETO<\/span>\n\t\t<\/span>\n\t\t\t\t\t<\/a>\n\t\t<\/div>\n\t\t\t\t<\/div>\n\t\t\t\t<\/div>\n\t\t\t\t\t\t<\/div>\n\t\t\t\t\t<\/div>\n\t\t<\/div>\n\t\t\t\t<div class=\"elementor-column elementor-col-50 elementor-inner-column elementor-element elementor-element-fe69a34\" data-id=\"fe69a34\" data-element_type=\"column\">\n\t\t\t<div class=\"elementor-column-wrap elementor-element-populated\">\n\t\t\t\t\t\t\t<div class=\"elementor-widget-wrap\">\n\t\t\t\t\t\t<div class=\"elementor-element elementor-element-71d81e77 elementor-widget elementor-widget-heading\" data-id=\"71d81e77\" data-element_type=\"widget\" data-widget_type=\"heading.default\">\n\t\t\t\t<div class=\"elementor-widget-container\">\n\t\t\t<h2 class=\"elementor-heading-title elementor-size-default\">MISERY<\/h2>\t\t<\/div>\n\t\t\t\t<\/div>\n\t\t\t\t<div class=\"elementor-element elementor-element-7bff46cd elementor-widget elementor-widget-text-editor\" data-id=\"7bff46cd\" data-element_type=\"widget\" data-widget_type=\"text-editor.default\">\n\t\t\t\t<div class=\"elementor-widget-container\">\n\t\t\t\t\t\t\t\t<div class=\"elementor-text-editor elementor-clearfix\">\n\t\t\t\t<p>A pe\u00e7a conta a hist\u00f3ria de Paul Sheldon (<strong>Marcello Airoldi<\/strong>), um famoso escritor reconhecido pela s\u00e9rie de best-sellers protagonizados pela personagem Misery Chastain. Ap\u00f3s sofrer um grave acidente de carro, Paul \u00e9 resgatado pela enfermeira Annie Wilkes (<strong>Mel Lisboa<\/strong>). A simp\u00e1tica senhorita \u00e9 tamb\u00e9m uma leitora voraz de sua obra e se autointitula a f\u00e3 n\u00famero 1 do autor.<\/p><p><strong>SINOPSE<\/strong><\/p><p>Ap\u00f3s sofrer um grave acidente de carro, o famoso escritor Paul Sheldon, conhecido pela s\u00e9rie de best-seller sobre a personagem Misery Chastain, \u00e9 resgatado pela enfermeira Annie Wilkes. Autointitulada a principal f\u00e3 do autor, Annie se revolta com o desfecho tr\u00e1gico da personagem Misery descoberto em um manuscrito de Sheldon e o submete a uma s\u00e9rie de torturas e amea\u00e7as.<\/p>\t\t\t\t\t<\/div>\n\t\t\t\t\t\t<\/div>\n\t\t\t\t<\/div>\n\t\t\t\t<div class=\"elementor-element elementor-element-3d5716f9 elementor-widget elementor-widget-heading\" data-id=\"3d5716f9\" data-element_type=\"widget\" data-widget_type=\"heading.default\">\n\t\t\t\t<div class=\"elementor-widget-container\">\n\t\t\t<h2 class=\"elementor-heading-title elementor-size-default\">Ficha T\u00e9cnica<\/h2>\t\t<\/div>\n\t\t\t\t<\/div>\n\t\t\t\t<div class=\"elementor-element elementor-element-483d9844 elementor-widget elementor-widget-text-editor\" data-id=\"483d9844\" data-element_type=\"widget\" data-widget_type=\"text-editor.default\">\n\t\t\t\t<div class=\"elementor-widget-container\">\n\t\t\t\t\t\t\t\t<div class=\"elementor-text-editor elementor-clearfix\">\n\t\t\t\t<h6>Texto Original: Stephen King<br \/>Dramaturgia: William Goldman<br \/>Tradu\u00e7\u00e3o\/Adapta\u00e7\u00e3o: Claudia Souto e<br \/>Wendell Bendelack<br \/>Elenco: Mel Lisboa, Marcello Airoldi e Alexandre Galindo<br \/>Dire\u00e7\u00e3o Art\u00edstica: Eric Lenate<br \/>Dire\u00e7\u00e3o de Produ\u00e7\u00e3o: Bruna Dornellas e Wesley Telles<br \/>Desenho De Luz: Aline Santini<br \/>Arquitetura C\u00eanica e Adere\u00e7os: Eric Lenate<br \/>Figurinos: Carol Badra e Leopoldo Pacheco<br \/>Visagismo: Leopoldo Pacheco<br \/>Assistente de Figurino e Visagismo: Bruna Recchia<br \/>Trilha Sonora, Sonoplastia e Engenharia<br \/>de Som: L. P. Daniel<br \/>Dire\u00e7\u00e3o Audiovisual: J\u00falia Rufino<br \/>Assistente de Ilumina\u00e7\u00e3o: Vinicius Andrade<br \/>Dire\u00e7\u00e3o de Arte Proje\u00e7\u00f5es: Sylvain Barr\u00e9<br \/>Fotos: Leekyung Kim<br \/>Cria\u00e7\u00e3o da Arte: N\u00f3s Comunica\u00e7\u00f5es<br \/>Assist\u00eancia de Dire\u00e7\u00e3o: Mariana Leme<br \/>Estagi\u00e1ria de Comunica\u00e7\u00e3o: Alana Karralrey<br \/>Designer Gr\u00e1fico: Jhon Lucas Paes e Max Goldner<br \/>Assist\u00eancia de Desenho de Luz e Opera\u00e7\u00e3o <br \/>T\u00e9cnica: Clara Caramez<br \/>Produtora Executiva: Aline Gabetto<br \/>Gest\u00e3o de Comunica\u00e7\u00e3o &amp; M\u00eddias Sociais: Ismara Cardoso<br \/>Estagi\u00e1ria de Comunica\u00e7\u00e3o: Alana Karralrey<br \/>Design Gr\u00e1fico: Max Goldner e Jho Lucas Paes<br \/>Gest\u00e3o de Projetos: Deivid Andrade.<br \/>Coordena\u00e7\u00e3o Administrativa: Let\u00edcia Napole<br \/>Dire\u00e7\u00e3o Cenot\u00e9cnica: Evas Carretero<br \/>e Rafael Boesi<br \/>Serralheria: Jos\u00e9 da Hora<br \/>Coordena\u00e7\u00e3o Administrativa: Let\u00edcia Napole<br \/>Assessoria Jur\u00eddica: Miranda, Maia<br \/>&amp; Beninc\u00e1 Advocacia<br \/>Assessoria Cont\u00e1bil: Leucimar Martins<br \/>Marketing Cultural e Assessoria de M\u00eddia: R+Marketing<br \/>Assessoria de Imprensa: Adriana Balsanelli<br \/>Produtor Associado: WB Entretenimento<br \/>Realiza\u00e7\u00e3o: WB Produ\u00e7\u00f5es<\/h6>\t\t\t\t\t<\/div>\n\t\t\t\t\t\t<\/div>\n\t\t\t\t<\/div>\n\t\t\t\t\t\t<\/div>\n\t\t\t\t\t<\/div>\n\t\t<\/div>\n\t\t\t\t\t\t\t\t<\/div>\n\t\t\t\t\t<\/div>\n\t\t<\/section>\n\t\t\t\t\t\t<\/div>\n\t\t\t\t\t<\/div>\n\t\t<\/div>\n\t\t\t\t\t\t\t\t<\/div>\n\t\t\t\t\t<\/div>\n\t\t<\/section>\n\t\t\t\t\t\t<\/div>\n\t\t\t\t\t\t<\/div>\n\t\t\t\t\t<\/div>\n\t\t","protected":false},"excerpt":{"rendered":"<p>CLIQUE E CONHE\u00c7A O PROJETO MISERY A pe\u00e7a conta a hist\u00f3ria de Paul Sheldon (Marcello Airoldi), um famoso escritor reconhecido pela s\u00e9rie de best-sellers protagonizados pela personagem Misery Chastain. Ap\u00f3s sofrer um grave acidente de carro, Paul \u00e9 resgatado pela enfermeira Annie Wilkes (Mel Lisboa). A simp\u00e1tica senhorita \u00e9 tamb\u00e9m uma leitora voraz de sua [&hellip;]<\/p>\n","protected":false},"author":2,"featured_media":0,"parent":0,"menu_order":0,"comment_status":"closed","ping_status":"closed","template":"","meta":[],"acf":[],"_links":{"self":[{"href":"https:\/\/wbproducoes.com\/en\/wp-json\/wp\/v2\/pages\/52501"}],"collection":[{"href":"https:\/\/wbproducoes.com\/en\/wp-json\/wp\/v2\/pages"}],"about":[{"href":"https:\/\/wbproducoes.com\/en\/wp-json\/wp\/v2\/types\/page"}],"author":[{"embeddable":true,"href":"https:\/\/wbproducoes.com\/en\/wp-json\/wp\/v2\/users\/2"}],"replies":[{"embeddable":true,"href":"https:\/\/wbproducoes.com\/en\/wp-json\/wp\/v2\/comments?post=52501"}],"version-history":[{"count":38,"href":"https:\/\/wbproducoes.com\/en\/wp-json\/wp\/v2\/pages\/52501\/revisions"}],"predecessor-version":[{"id":139195,"href":"https:\/\/wbproducoes.com\/en\/wp-json\/wp\/v2\/pages\/52501\/revisions\/139195"}],"wp:attachment":[{"href":"https:\/\/wbproducoes.com\/en\/wp-json\/wp\/v2\/media?parent=52501"}],"curies":[{"name":"wp","href":"https:\/\/api.w.org\/{rel}","templated":true}]}}